{"id":3,"date":"2024-09-08T19:56:42","date_gmt":"2024-09-08T18:56:42","guid":{"rendered":"https:\/\/prodam-iphone.com\/?page_id=3"},"modified":"2024-10-17T19:24:58","modified_gmt":"2024-10-17T18:24:58","slug":"pravilnik-o-zasebnosti","status":"publish","type":"page","link":"https:\/\/prodam-iphone.com\/sq\/politiken-e-privatesise\/","title":{"rendered":"Politika e privat\u00ebsis\u00eb"},"content":{"rendered":"<h2 class=\"wp-block-heading\">Privat\u00ebsia<\/h2>\n\n\n\n<ol>\n<li><strong>\u00c7FAR\u00cb NA DUHET<\/strong><\/li>\n<\/ol>\n\n\n\n<p>Politika jon\u00eb e privat\u00ebsis\u00eb rregullon p\u00ebrdorimin dhe ruajtjen e t\u00eb dh\u00ebnave. Ju mund t\u00eb shikoni politik\u00ebn e mbrojtjes s\u00eb t\u00eb dh\u00ebnave personale n\u00eb faqen e Njoftimit t\u00eb Privat\u00ebsis\u00eb (bashk\u00ebngjitje m\u00eb posht\u00eb). Shitet Iphone, Trg Celjske knezov 1, 3000 Celje eshte menaxher i te dhenave personale qe ofron (subjekti i te dhenave: ti, bleresi, vizitori etj.). Ne mbledhim llojet e m\u00ebposhtme t\u00eb t\u00eb dh\u00ebnave personale:<\/p>\n\n\n\n<ul>\n<li>Adresa e post\u00ebs elektronike;<\/li>\n\n\n\n<li>Emri dhe Mbiemri, Adresa, E-mail adresa dhe numri i telefonit;<\/li>\n\n\n\n<li>Informacion n\u00eb lidhje me mjetet e pages\u00ebs, t\u00eb tilla si informacioni i kart\u00ebs s\u00eb kreditit ose pagesave, Paypal dhe m\u00ebnyra t\u00eb tjera pagese;<\/li>\n\n\n\n<li>Kopjet e dokumenteve personale q\u00eb konfirmojn\u00eb sakt\u00ebsin\u00eb e t\u00eb dh\u00ebnave personale;<\/li>\n\n\n\n<li>Biskota;<\/li>\n\n\n\n<li>Gjurmimi i vizitave t\u00eb Google Analytics dhe Yandex dhe Cloudflare;<\/li>\n\n\n\n<li>Lidhje me profilet personale n\u00eb grupet sociale.<\/li>\n<\/ul>\n\n\n\n<p>Ne marrim \u00e7do lloj t\u00eb t\u00eb dh\u00ebnave personale bazuar n\u00eb domosdoshm\u00ebri dhe me p\u00eblqim t\u00eb ve\u00e7ant\u00eb.<\/p>\n\n\n\n<ol start=\"2\">\n<li><strong>PSE NA DUHEN ATA<\/strong><\/li>\n<\/ol>\n\n\n\n<p>Ne kemi nevoj\u00eb p\u00ebr t\u00eb dh\u00ebnat tuaja personale p\u00ebr sh\u00ebrbimet e m\u00ebposhtme:<\/p>\n\n\n\n<ol>\n<li>Adresa e-mail p\u00ebr t&#039;iu p\u00ebrgjigjur mesazheve tuaja t\u00eb post\u00ebs elektronike ose mesazheve t\u00eb d\u00ebrguara p\u00ebrmes formular\u00ebve t\u00eb kontaktit;<\/li>\n\n\n\n<li>Adresa e emailit p\u00ebr d\u00ebrgimin e ofertave dhe e-lajmeve;<\/li>\n\n\n\n<li>Emri dhe Mbiemri, Adresa, E-mail adresa dhe numri i telefonit p\u00ebr pranimin e rezervimeve, pyetjeve dhe d\u00ebrgimit t\u00eb ofertave ose n\u00eb lidhje me plot\u00ebsimin e k\u00ebrkesave tuaja t\u00eb tjera;<\/li>\n\n\n\n<li>Emri dhe Mbiemri, Adresa, E-mail adresa dhe Numri i telefonit p\u00ebr blerjen e certifikatave t\u00eb dhuratave, kuponave ose sh\u00ebrbimeve dhe artikujve q\u00eb lidhen me ofert\u00ebn ton\u00eb;<\/li>\n\n\n\n<li>T\u00eb dh\u00ebna p\u00ebr mjetet e pages\u00ebs dhe kopjet e dokumenteve personale p\u00ebr ofrimin e sh\u00ebrbimeve;<\/li>\n\n\n\n<li>Adresa e post\u00ebs elektronike p\u00ebr marketing t\u00eb automatizuar (konfirmimi i rezervimeve, faleminderit p\u00ebr regjistrimet, etj.);<\/li>\n\n\n\n<li>Cookies p\u00ebr funksionimin e faqes n\u00eb internet;<\/li>\n\n\n\n<li>Komunikimi p\u00ebrmes grupeve sociale me profile personale q\u00eb konfirmojn\u00eb lidhjen me ne;<\/li>\n\n\n\n<li>Emri dhe Mbiemri, Adresa, Adresa E-mail dhe Numri i Telefonit p\u00ebr loj\u00ebra shp\u00ebrblyese t\u00eb rastit ose fushata t\u00eb tjera promovuese me lejen tuaj paraprake;<\/li>\n\n\n\n<li>T\u00eb dh\u00ebnat e grumbulluara nga Google Analytics ose Yandex Direct dhe Cloudflare p\u00ebr gjurmimin e vizitave dhe analitik\u00ebn e brendshme me t\u00eb cilat do t\u00eb p\u00ebrmir\u00ebsojm\u00eb p\u00ebrmbajtjen.<\/li>\n<\/ol>\n\n\n\n<ol>\n<li><strong>\u00c7FAR\u00cb B\u00cbJM\u00cb ME T\u00cb DH\u00cbNAT PERSONALE<\/strong><\/li>\n<\/ol>\n\n\n\n<p>T\u00eb dh\u00ebnat tuaja personale p\u00ebrpunohen n\u00eb Prodam Iphone, Trg celjske knezov 1, 3000 Celje, e cila ndodhet n\u00eb Slloveni. Pritja dhe ruajtja e t\u00eb dh\u00ebnave b\u00ebhet n\u00eb https:\/\/prodam-iphone.com, e cila ndodhet n\u00eb vendet e Bashkimit Evropian (Gjermani).<\/p>\n\n\n\n<p>Asnj\u00eb ofrues i pal\u00ebve t\u00eb treta nuk ka qasje n\u00eb t\u00eb dh\u00ebnat tuaja, p\u00ebrve\u00e7 n\u00ebse k\u00ebrkohet me ligj.<\/p>\n\n\n\n<ol start=\"4\">\n<li><strong>SA KOHA I MBAJM\u00cb<\/strong><\/li>\n<\/ol>\n\n\n\n<p>N\u00eb faqen ton\u00eb t\u00eb internetit, ne p\u00ebrdorim cookie t\u00eb p\u00ebrhershme p\u00ebr lidhjet me sh\u00ebrbimet sociale dhe ofruesit e tjer\u00eb t\u00eb &quot;ndarjes&quot; dhe cookie q\u00eb ju ndihmojn\u00eb t\u00eb gjeni p\u00ebrmbajtjen tuaj m\u00eb t\u00eb njohur n\u00eb faqen ton\u00eb t\u00eb internetit vazhdimisht dhe p\u00ebrs\u00ebri.<\/p>\n\n\n\n<ol start=\"5\">\n<li><strong>CILAT JAN\u00cb T\u00cb DREJTAT TUAJA<\/strong><\/li>\n<\/ol>\n\n\n\n<p>N\u00ebse besoni se t\u00eb dh\u00ebnat personale q\u00eb mbajm\u00eb p\u00ebr ju jan\u00eb t\u00eb pasakta ose t\u00eb paplota, ju keni mund\u00ebsin\u00eb t\u00eb d\u00ebrgoni nj\u00eb k\u00ebrkes\u00eb p\u00ebr t\u00eb rishikuar k\u00ebto t\u00eb dh\u00ebna, korrigjuar ose fshir\u00eb ato. Na kontaktoni p\u00ebrmes (Formulari i K\u00ebrkes\u00ebs p\u00ebr Akses n\u00eb t\u00eb Dh\u00ebnat e t\u00eb Dh\u00ebnave). N\u00ebse d\u00ebshironi t\u00eb ankoheni se si i kemi p\u00ebrpunuar t\u00eb dh\u00ebnat tuaja personale, ju lutemi kontaktoni personin e autorizuar p\u00ebr mbrojtjen e t\u00eb dh\u00ebnave ose Personi kontaktues p\u00ebr mbrojtjen e t\u00eb dh\u00ebnave (DPC, Kontakt p\u00ebr Mbrojtjen e t\u00eb Dh\u00ebnave) n\u00eb adres\u00ebn e e-mail info@prodam-iphone.com ose me shkrim n\u00eb Prodam Iphone, Trg celjskih knezov 1, 3000 Celje.<\/p>\n\n\n\n<p>DPC-ja jon\u00eb m\u00eb pas do t\u00eb shqyrtoj\u00eb ankes\u00ebn tuaj dhe do t&#039;ju njoftoj\u00eb se si \u00ebsht\u00eb zgjidhur \u00e7\u00ebshtja. N\u00ebse ende besoni se t\u00eb dh\u00ebnat tuaja personale nuk jan\u00eb p\u00ebrpunuar si\u00e7 duhet n\u00eb p\u00ebrputhje me ligjin, mund t\u00eb kontaktoni Komisionerin e Informacionit dhe t\u00eb b\u00ebni nj\u00eb ankes\u00eb tek ai. Ju mund t\u00eb k\u00ebrkoni qasje n\u00eb politikat dhe dokumentet q\u00eb lidhen me privat\u00ebsin\u00eb duke p\u00ebrdorur nj\u00eb formular t\u00eb ve\u00e7ant\u00eb q\u00eb gjendet n\u00eb faqen e Njoftimit t\u00eb Privat\u00ebsis\u00eb.<\/p>\n\n\n\n<p><strong>Dokumentet p\u00ebrkat\u00ebse:<\/strong><\/p>\n\n\n\n<ul>\n<li>Politika e mbrojtjes s\u00eb t\u00eb dh\u00ebnave personale<\/li>\n\n\n\n<li>Politika e ruajtjes s\u00eb t\u00eb dh\u00ebnave personale (me k\u00ebrkes\u00eb me e-mail ose personalisht)<\/li>\n\n\n\n<li>Orari i ruajtjes s\u00eb t\u00eb dh\u00ebnave personale (me k\u00ebrkes\u00eb me e-mail ose personalisht)<\/li>\n\n\n\n<li>Njoftimi i privat\u00ebsis\u00eb<\/li>\n\n\n\n<li>Kushtet e p\u00ebrgjithshme<\/li>\n\n\n\n<li>Formulari i p\u00eblqimit<\/li>\n\n\n\n<li>Formulari i t\u00ebrheqjes s\u00eb p\u00eblqimit<\/li>\n<\/ul>\n\n\n\n<p>Celje, 30\/09\/2024, Ver. Dokumentet: 1.0<\/p>","protected":false},"excerpt":{"rendered":"<p>Privat\u00ebsia Politika jon\u00eb e mbrojtjes s\u00eb t\u00eb dh\u00ebnave personale rregullon p\u00ebrdorimin dhe ruajtjen e t\u00eb dh\u00ebnave. Mund ta shihni politik\u00ebn e mbrojtjes s\u00eb t\u00eb dh\u00ebnave personale n\u00eb faqen e Njoftimit t\u00eb Privat\u00ebsis\u00eb (bashk\u00ebngjitja m\u00eb posht\u00eb). Prodam Iphone, Trg celjskih knezov 1, 3000 Celje \u00ebsht\u00eb kontrolluesi i t\u00eb dh\u00ebnave personale t\u00eb ofruara nga ju (subjekti i t\u00eb dh\u00ebnave: ju, klienti, vizitori, etj.). Ne mbledhim llojet e m\u00ebposhtme t\u00eb t\u00eb dh\u00ebnave personale: \u00c7do e dh\u00ebn\u00eb personale [\u2026]<\/p>","protected":false},"author":1,"featured_media":0,"parent":0,"menu_order":0,"comment_status":"closed","ping_status":"open","template":"","meta":{"_seopress_robots_primary_cat":"","_seopress_titles_title":"Pravilnik o zasebnosti za odkup mobilnih telefonov","_seopress_titles_desc":"Na\u0161a politika varovanja osebnih podatkov ureja uporabo in shranjevanje podatkov.","_seopress_robots_index":"","ocean_post_layout":"","ocean_both_sidebars_style":"","ocean_both_sidebars_content_width":0,"ocean_both_sidebars_sidebars_width":0,"ocean_sidebar":"","ocean_second_sidebar":"","ocean_disable_margins":"enable","ocean_add_body_class":"","ocean_shortcode_before_top_bar":"","ocean_shortcode_after_top_bar":"","ocean_shortcode_before_header":"","ocean_shortcode_after_header":"","ocean_has_shortcode":"","ocean_shortcode_after_title":"","ocean_shortcode_before_footer_widgets":"","ocean_shortcode_after_footer_widgets":"","ocean_shortcode_before_footer_bottom":"","ocean_shortcode_after_footer_bottom":"","ocean_display_top_bar":"default","ocean_display_header":"default","ocean_header_style":"","ocean_center_header_left_menu":"","ocean_custom_header_template":"","ocean_custom_logo":0,"ocean_custom_retina_logo":0,"ocean_custom_logo_max_width":0,"ocean_custom_logo_tablet_max_width":0,"ocean_custom_logo_mobile_max_width":0,"ocean_custom_logo_max_height":0,"ocean_custom_logo_tablet_max_height":0,"ocean_custom_logo_mobile_max_height":0,"ocean_header_custom_menu":"","ocean_menu_typo_font_family":"","ocean_menu_typo_font_subset":"","ocean_menu_typo_font_size":0,"ocean_menu_typo_font_size_tablet":0,"ocean_menu_typo_font_size_mobile":0,"ocean_menu_typo_font_size_unit":"px","ocean_menu_typo_font_weight":"","ocean_menu_typo_font_weight_tablet":"","ocean_menu_typo_font_weight_mobile":"","ocean_menu_typo_transform":"","ocean_menu_typo_transform_tablet":"","ocean_menu_typo_transform_mobile":"","ocean_menu_typo_line_height":0,"ocean_menu_typo_line_height_tablet":0,"ocean_menu_typo_line_height_mobile":0,"ocean_menu_typo_line_height_unit":"","ocean_menu_typo_spacing":0,"ocean_menu_typo_spacing_tablet":0,"ocean_menu_typo_spacing_mobile":0,"ocean_menu_typo_spacing_unit":"","ocean_menu_link_color":"","ocean_menu_link_color_hover":"","ocean_menu_link_color_active":"","ocean_menu_link_background":"","ocean_menu_link_hover_background":"","ocean_menu_link_active_background":"","ocean_menu_social_links_bg":"","ocean_menu_social_hover_links_bg":"","ocean_menu_social_links_color":"","ocean_menu_social_hover_links_color":"","ocean_disable_title":"default","ocean_disable_heading":"default","ocean_post_title":"","ocean_post_subheading":"","ocean_post_title_style":"","ocean_post_title_background_color":"","ocean_post_title_background":0,"ocean_post_title_bg_image_position":"","ocean_post_title_bg_image_attachment":"","ocean_post_title_bg_image_repeat":"","ocean_post_title_bg_image_size":"","ocean_post_title_height":0,"ocean_post_title_bg_overlay":0.5,"ocean_post_title_bg_overlay_color":"","ocean_disable_breadcrumbs":"default","ocean_breadcrumbs_color":"","ocean_breadcrumbs_separator_color":"","ocean_breadcrumbs_links_color":"","ocean_breadcrumbs_links_hover_color":"","ocean_display_footer_widgets":"default","ocean_display_footer_bottom":"default","ocean_custom_footer_template":""},"_links":{"self":[{"href":"https:\/\/prodam-iphone.com\/sq\/wp-json\/wp\/v2\/pages\/3"}],"collection":[{"href":"https:\/\/prodam-iphone.com\/sq\/wp-json\/wp\/v2\/pages"}],"about":[{"href":"https:\/\/prodam-iphone.com\/sq\/wp-json\/wp\/v2\/types\/page"}],"author":[{"embeddable":true,"href":"https:\/\/prodam-iphone.com\/sq\/wp-json\/wp\/v2\/users\/1"}],"replies":[{"embeddable":true,"href":"https:\/\/prodam-iphone.com\/sq\/wp-json\/wp\/v2\/comments?post=3"}],"version-history":[{"count":2,"href":"https:\/\/prodam-iphone.com\/sq\/wp-json\/wp\/v2\/pages\/3\/revisions"}],"predecessor-version":[{"id":1622,"href":"https:\/\/prodam-iphone.com\/sq\/wp-json\/wp\/v2\/pages\/3\/revisions\/1622"}],"wp:attachment":[{"href":"https:\/\/prodam-iphone.com\/sq\/wp-json\/wp\/v2\/media?parent=3"}],"curies":[{"name":"wp","href":"https:\/\/api.w.org\/{rel}","templated":true}]}}