{"id":1677,"date":"2024-10-27T00:00:27","date_gmt":"2024-10-26T23:00:27","guid":{"rendered":"https:\/\/prodam-iphone.com\/?page_id=1677"},"modified":"2024-10-27T00:00:27","modified_gmt":"2024-10-26T23:00:27","slug":"kolofon","status":"publish","type":"page","link":"https:\/\/prodam-iphone.com\/sq\/kolofon\/","title":{"rendered":"Kolofoni"},"content":{"rendered":"<p><strong>Kushtet e p\u00ebrgjithshme<\/strong><\/p>\n\n\n\n<p>Uebsajtet i p\u00ebrgatit\u00ebm vet\u00eb s\u00eb bashku me ofruesin e sh\u00ebrbimeve online.<\/p>\n\n\n\n<p><strong>Q\u00ebllimi i faqeve t\u00eb internetit<\/strong><br>Informacioni n\u00eb faqen e internetit \u00ebsht\u00eb i natyr\u00ebs prezantuese n\u00eb fush\u00ebn e veprimtaris\u00eb baz\u00eb p\u00ebr t\u00eb cil\u00ebn jemi regjistruar. Ne marrim p\u00ebrsip\u00ebr q\u00eb informacioni n\u00eb faqen e internetit t\u00eb jet\u00eb i v\u00ebrtet\u00eb, i besuesh\u00ebm dhe me cil\u00ebsi t\u00eb lart\u00eb.<br>Ne nuk jemi p\u00ebrgjegj\u00ebs p\u00ebr asnj\u00eb gabim shtypi, ne rezervojm\u00eb t\u00eb drejt\u00ebn p\u00ebr t\u00eb ndryshuar p\u00ebrmbajtjen n\u00eb \u00e7do koh\u00eb dhe pa njoftim paraprak n\u00ebse nuk \u00ebsht\u00eb n\u00eb p\u00ebrputhje me politik\u00ebn e kompanis\u00eb son\u00eb.<\/p>\n\n\n\n<p><strong>E drejta e p\u00ebrdorimit<\/strong><br>Faqja e internetit dhe e gjith\u00eb p\u00ebrmbajtja e saj mbrohen nga t\u00eb drejtat e pron\u00ebsis\u00eb industriale dhe intelektuale. Ju mund t\u00eb p\u00ebrdorni \u00e7do informacion, tekst, imazh ose element t\u00eb tjer\u00eb grafik q\u00eb gjenden n\u00eb k\u00ebt\u00eb faqe interneti vet\u00ebm p\u00ebr p\u00ebrdorimin tuaj personal, jokomercial dhe nuk mund t\u00eb riprodhoni, modifikoni, shp\u00ebrndani, licenconi ose l\u00ebshoni n\u00eb \u00e7far\u00ebdo forme publikime p\u00ebr \u00e7do q\u00ebllim, p\u00ebrve\u00e7 shikimit, pa lejen paraprake me shkrim t\u00eb administratorit.<\/p>\n\n\n\n<p><strong>Marrja e p\u00ebrgjegj\u00ebsis\u00eb<\/strong><br>Gjat\u00eb dizajnimit t\u00eb faqes s\u00eb internetit, ne p\u00ebrpiqemi t\u00eb sigurojm\u00eb q\u00eb informacioni t\u00eb jet\u00eb i p\u00ebrdit\u00ebsuar dhe i sakt\u00eb. Ne nuk garantojm\u00eb sakt\u00ebsin\u00eb dhe plot\u00ebsin\u00eb e tyre dhe nuk marrim p\u00ebrsip\u00ebr asnj\u00eb p\u00ebrgjegj\u00ebsi q\u00eb rrjedh nga p\u00ebrdorimi i tyre. T\u00eb gjith\u00eb p\u00ebrdoruesit p\u00ebrdorin p\u00ebrmbajtjen e publikuar me rrezikun e tyre.<br>Ne rezervojm\u00eb t\u00eb drejt\u00ebn p\u00ebr t\u00eb ndryshuar p\u00ebrmbajtjen e faqeve tona t\u00eb internetit n\u00eb \u00e7do koh\u00eb, n\u00eb \u00e7far\u00ebdo m\u00ebnyre, p\u00ebr \u00e7far\u00ebdo arsye dhe pa paralajm\u00ebrim paraprak.<\/p>\n\n\n\n<p><strong>Zbatimi teknologjik<\/strong><br>Zbatimi teknologjik \u00ebsht\u00eb siguruar nga nj\u00eb agjenci programimi dhe projektimi n\u00eb bashk\u00ebpunim me kompanin\u00eb ton\u00eb.<\/p>\n\n\n\n<p>Emri i kompanis\u00eb: Iphone n\u00eb shitje<br>Adresa: Trg Celjske knezov 1, 3000 Celje<br>E-mail: info@prodam-iphone.com<br>Faqja e internetit: https:\/\/prodam-iphone.com<\/p>\n\n\n\n<p>Celje, 30\/09\/2024<\/p>","protected":false},"excerpt":{"rendered":"<p>Kushtet dhe afatet e p\u00ebrgjithshme Ne e kemi p\u00ebrgatitur vet\u00eb faqen e internetit s\u00eb bashku me ofruesin e sh\u00ebrbimit online. Q\u00ebllimi i faqes s\u00eb internetit Informacioni n\u00eb faqen e internetit \u00ebsht\u00eb i natyr\u00ebs prezantuese n\u00eb fush\u00ebn e aktivitetit baz\u00eb p\u00ebr t\u00eb cilin jemi regjistruar. Ne marrim p\u00ebrsip\u00ebr q\u00eb informacioni n\u00eb faqen e internetit \u00ebsht\u00eb i v\u00ebrtet\u00eb, i besuesh\u00ebm dhe me cil\u00ebsi t\u00eb lart\u00eb. Ne nuk jemi p\u00ebrgjegj\u00ebs p\u00ebr asnj\u00eb gabim tipografik, ne rezervojm\u00eb t\u00eb drejt\u00ebn p\u00ebr t\u00eb ndryshuar informacionin n\u00eb \u00e7do koh\u00eb dhe pa njoftim paraprak [\u2026]<\/p>","protected":false},"author":1,"featured_media":0,"parent":0,"menu_order":0,"comment_status":"closed","ping_status":"open","template":"","meta":{"_seopress_robots_primary_cat":"","_seopress_titles_title":"Kolofon","_seopress_titles_desc":"Spletne strani smo pripravili sami skupaj z izvajalcem spletnih storitev.","_seopress_robots_index":"","ocean_post_layout":"","ocean_both_sidebars_style":"","ocean_both_sidebars_content_width":0,"ocean_both_sidebars_sidebars_width":0,"ocean_sidebar":"","ocean_second_sidebar":"","ocean_disable_margins":"enable","ocean_add_body_class":"","ocean_shortcode_before_top_bar":"","ocean_shortcode_after_top_bar":"","ocean_shortcode_before_header":"","ocean_shortcode_after_header":"","ocean_has_shortcode":"","ocean_shortcode_after_title":"","ocean_shortcode_before_footer_widgets":"","ocean_shortcode_after_footer_widgets":"","ocean_shortcode_before_footer_bottom":"","ocean_shortcode_after_footer_bottom":"","ocean_display_top_bar":"default","ocean_display_header":"default","ocean_header_style":"","ocean_center_header_left_menu":"","ocean_custom_header_template":"","ocean_custom_logo":0,"ocean_custom_retina_logo":0,"ocean_custom_logo_max_width":0,"ocean_custom_logo_tablet_max_width":0,"ocean_custom_logo_mobile_max_width":0,"ocean_custom_logo_max_height":0,"ocean_custom_logo_tablet_max_height":0,"ocean_custom_logo_mobile_max_height":0,"ocean_header_custom_menu":"","ocean_menu_typo_font_family":"","ocean_menu_typo_font_subset":"","ocean_menu_typo_font_size":0,"ocean_menu_typo_font_size_tablet":0,"ocean_menu_typo_font_size_mobile":0,"ocean_menu_typo_font_size_unit":"px","ocean_menu_typo_font_weight":"","ocean_menu_typo_font_weight_tablet":"","ocean_menu_typo_font_weight_mobile":"","ocean_menu_typo_transform":"","ocean_menu_typo_transform_tablet":"","ocean_menu_typo_transform_mobile":"","ocean_menu_typo_line_height":0,"ocean_menu_typo_line_height_tablet":0,"ocean_menu_typo_line_height_mobile":0,"ocean_menu_typo_line_height_unit":"","ocean_menu_typo_spacing":0,"ocean_menu_typo_spacing_tablet":0,"ocean_menu_typo_spacing_mobile":0,"ocean_menu_typo_spacing_unit":"","ocean_menu_link_color":"","ocean_menu_link_color_hover":"","ocean_menu_link_color_active":"","ocean_menu_link_background":"","ocean_menu_link_hover_background":"","ocean_menu_link_active_background":"","ocean_menu_social_links_bg":"","ocean_menu_social_hover_links_bg":"","ocean_menu_social_links_color":"","ocean_menu_social_hover_links_color":"","ocean_disable_title":"default","ocean_disable_heading":"default","ocean_post_title":"","ocean_post_subheading":"","ocean_post_title_style":"","ocean_post_title_background_color":"","ocean_post_title_background":0,"ocean_post_title_bg_image_position":"","ocean_post_title_bg_image_attachment":"","ocean_post_title_bg_image_repeat":"","ocean_post_title_bg_image_size":"","ocean_post_title_height":0,"ocean_post_title_bg_overlay":0.5,"ocean_post_title_bg_overlay_color":"","ocean_disable_breadcrumbs":"default","ocean_breadcrumbs_color":"","ocean_breadcrumbs_separator_color":"","ocean_breadcrumbs_links_color":"","ocean_breadcrumbs_links_hover_color":"","ocean_display_footer_widgets":"default","ocean_display_footer_bottom":"default","ocean_custom_footer_template":""},"_links":{"self":[{"href":"https:\/\/prodam-iphone.com\/sq\/wp-json\/wp\/v2\/pages\/1677"}],"collection":[{"href":"https:\/\/prodam-iphone.com\/sq\/wp-json\/wp\/v2\/pages"}],"about":[{"href":"https:\/\/prodam-iphone.com\/sq\/wp-json\/wp\/v2\/types\/page"}],"author":[{"embeddable":true,"href":"https:\/\/prodam-iphone.com\/sq\/wp-json\/wp\/v2\/users\/1"}],"replies":[{"embeddable":true,"href":"https:\/\/prodam-iphone.com\/sq\/wp-json\/wp\/v2\/comments?post=1677"}],"version-history":[{"count":1,"href":"https:\/\/prodam-iphone.com\/sq\/wp-json\/wp\/v2\/pages\/1677\/revisions"}],"predecessor-version":[{"id":1678,"href":"https:\/\/prodam-iphone.com\/sq\/wp-json\/wp\/v2\/pages\/1677\/revisions\/1678"}],"wp:attachment":[{"href":"https:\/\/prodam-iphone.com\/sq\/wp-json\/wp\/v2\/media?parent=1677"}],"curies":[{"name":"wp","href":"https:\/\/api.w.org\/{rel}","templated":true}]}}