{"id":1675,"date":"2024-10-26T23:59:25","date_gmt":"2024-10-26T22:59:25","guid":{"rendered":"https:\/\/prodam-iphone.com\/?page_id=1675"},"modified":"2024-10-26T23:59:26","modified_gmt":"2024-10-26T22:59:26","slug":"politika-piskotkov","status":"publish","type":"page","link":"https:\/\/prodam-iphone.com\/sq\/politiken-e-biskotave\/","title":{"rendered":"Politika e kukive"},"content":{"rendered":"<p><strong>COOKIES<\/strong><\/p>\n\n\n\n<p>Faqja e internetit p\u00ebrdor cookie. Duke hyr\u00eb n\u00eb https:\/\/prodam-iphone.com, ju keni r\u00ebn\u00eb dakord p\u00ebr p\u00ebrdorimin e cookies n\u00eb marr\u00ebveshje me kompanin\u00eb<br>Iphone n\u00eb shitje, Trg Celjske knezov 1, 3000 Celje dhe politika e privat\u00ebsis\u00eb n\u00eb faqen e internetit. Shumica e faqeve interaktive t\u00eb internetit p\u00ebrdorin cookie q\u00eb na lejojn\u00eb t\u00eb marrim detajet e p\u00ebrdoruesit p\u00ebr \u00e7do vizit\u00eb. Ne p\u00ebrdorim cookies n\u00eb faqen ton\u00eb t\u00eb internetit p\u00ebr t\u00eb mund\u00ebsuar funksionalitetin e zonave t\u00eb caktuara dhe p\u00ebr ta b\u00ebr\u00eb m\u00eb t\u00eb leht\u00eb p\u00ebr vizitor\u00ebt q\u00eb t\u00eb vizitojn\u00eb faqen ton\u00eb t\u00eb internetit. Disa nga bashk\u00ebpun\u00ebtor\u00ebt tan\u00eb \/ partner\u00ebt tan\u00eb reklamues mund t\u00eb p\u00ebrdorin gjithashtu cookie t\u00eb pal\u00ebve t\u00eb treta.<\/p>\n\n\n\n<p>Faqja e internetit https:\/\/prodam-iphone.com p\u00ebrdor cookie-t e m\u00ebposhtme:<\/p>\n\n\n\n<p>Biskota t\u00eb detyrueshme<\/p>\n\n\n\n<figure class=\"wp-block-table\"><table><tbody><tr><td>Emri<\/td><td>Koh\u00ebzgjatja<\/td><td>Q\u00ebllimi<\/td><\/tr><tr><td>__cfduid<\/td><td>4 jav\u00eb<\/td><td>Nj\u00eb cookie \u00ebsht\u00eb vendosur nga CloudFlare. Cookie p\u00ebrdoret p\u00ebr t\u00eb identifikuar p\u00ebrdoruesit individual\u00eb q\u00eb p\u00ebrdorin t\u00eb nj\u00ebjt\u00ebn adres\u00eb IP dhe p\u00ebr t\u00eb aplikuar cil\u00ebsimet e siguris\u00eb p\u00ebr \u00e7do klient. Nuk p\u00ebrputhet me ID-t\u00eb e p\u00ebrdoruesve n\u00eb aplikacionin ueb dhe nuk ruan asnj\u00eb informacion personal.<\/td><\/tr><\/tbody><\/table><\/figure>\n\n\n\n<p>Cookie opsionale (reklamim)<\/p>\n\n\n\n<figure class=\"wp-block-table\"><table><tbody><tr><td>Emri<\/td><td>Koh\u00ebzgjatja<\/td><td>Q\u00ebllimi<\/td><\/tr><tr><td>NID<\/td><td>6 muaj<\/td><td>Kjo cookie p\u00ebrdoret p\u00ebr t\u00eb profilizuar bazuar n\u00eb interesin e p\u00ebrdoruesit dhe p\u00ebr t&#039;u shfaqur p\u00ebrdoruesve reklama t\u00eb personalizuara<\/td><\/tr><\/tbody><\/table><\/figure>","protected":false},"excerpt":{"rendered":"<p>KUKIT\u00cb Faqja e internetit p\u00ebrdor kukit\u00eb. Duke hyr\u00eb n\u00eb https:\/\/prodam-iphone.com, ju keni r\u00ebn\u00eb dakord p\u00ebr p\u00ebrdorimin e kukive n\u00eb p\u00ebrputhje me kompanin\u00eb Prodam Iphone, Trg celjskih knezov 1, 3000 Celje dhe politik\u00ebn e privat\u00ebsis\u00eb n\u00eb faqen e internetit. Shumica e faqeve t\u00eb internetit interaktive p\u00ebrdorin kukit\u00eb, t\u00eb cilat na lejojn\u00eb t\u00eb marrim t\u00eb dh\u00ebnat e p\u00ebrdoruesit p\u00ebr \u00e7do vizit\u00eb. Ne p\u00ebrdorim kukit\u00eb n\u00eb faqen ton\u00eb t\u00eb internetit p\u00ebr t\u00eb mund\u00ebsuar [\u2026]<\/p>","protected":false},"author":1,"featured_media":0,"parent":0,"menu_order":0,"comment_status":"closed","ping_status":"open","template":"","meta":{"_seopress_robots_primary_cat":"","_seopress_titles_title":"PI\u0160KOTKI","_seopress_titles_desc":"Spletno mesto uporablja pi\u0161kotke.","_seopress_robots_index":"","ocean_post_layout":"","ocean_both_sidebars_style":"","ocean_both_sidebars_content_width":0,"ocean_both_sidebars_sidebars_width":0,"ocean_sidebar":"","ocean_second_sidebar":"","ocean_disable_margins":"enable","ocean_add_body_class":"","ocean_shortcode_before_top_bar":"","ocean_shortcode_after_top_bar":"","ocean_shortcode_before_header":"","ocean_shortcode_after_header":"","ocean_has_shortcode":"","ocean_shortcode_after_title":"","ocean_shortcode_before_footer_widgets":"","ocean_shortcode_after_footer_widgets":"","ocean_shortcode_before_footer_bottom":"","ocean_shortcode_after_footer_bottom":"","ocean_display_top_bar":"default","ocean_display_header":"default","ocean_header_style":"","ocean_center_header_left_menu":"","ocean_custom_header_template":"","ocean_custom_logo":0,"ocean_custom_retina_logo":0,"ocean_custom_logo_max_width":0,"ocean_custom_logo_tablet_max_width":0,"ocean_custom_logo_mobile_max_width":0,"ocean_custom_logo_max_height":0,"ocean_custom_logo_tablet_max_height":0,"ocean_custom_logo_mobile_max_height":0,"ocean_header_custom_menu":"","ocean_menu_typo_font_family":"","ocean_menu_typo_font_subset":"","ocean_menu_typo_font_size":0,"ocean_menu_typo_font_size_tablet":0,"ocean_menu_typo_font_size_mobile":0,"ocean_menu_typo_font_size_unit":"px","ocean_menu_typo_font_weight":"","ocean_menu_typo_font_weight_tablet":"","ocean_menu_typo_font_weight_mobile":"","ocean_menu_typo_transform":"","ocean_menu_typo_transform_tablet":"","ocean_menu_typo_transform_mobile":"","ocean_menu_typo_line_height":0,"ocean_menu_typo_line_height_tablet":0,"ocean_menu_typo_line_height_mobile":0,"ocean_menu_typo_line_height_unit":"","ocean_menu_typo_spacing":0,"ocean_menu_typo_spacing_tablet":0,"ocean_menu_typo_spacing_mobile":0,"ocean_menu_typo_spacing_unit":"","ocean_menu_link_color":"","ocean_menu_link_color_hover":"","ocean_menu_link_color_active":"","ocean_menu_link_background":"","ocean_menu_link_hover_background":"","ocean_menu_link_active_background":"","ocean_menu_social_links_bg":"","ocean_menu_social_hover_links_bg":"","ocean_menu_social_links_color":"","ocean_menu_social_hover_links_color":"","ocean_disable_title":"default","ocean_disable_heading":"default","ocean_post_title":"","ocean_post_subheading":"","ocean_post_title_style":"","ocean_post_title_background_color":"","ocean_post_title_background":0,"ocean_post_title_bg_image_position":"","ocean_post_title_bg_image_attachment":"","ocean_post_title_bg_image_repeat":"","ocean_post_title_bg_image_size":"","ocean_post_title_height":0,"ocean_post_title_bg_overlay":0.5,"ocean_post_title_bg_overlay_color":"","ocean_disable_breadcrumbs":"default","ocean_breadcrumbs_color":"","ocean_breadcrumbs_separator_color":"","ocean_breadcrumbs_links_color":"","ocean_breadcrumbs_links_hover_color":"","ocean_display_footer_widgets":"default","ocean_display_footer_bottom":"default","ocean_custom_footer_template":""},"_links":{"self":[{"href":"https:\/\/prodam-iphone.com\/sq\/wp-json\/wp\/v2\/pages\/1675"}],"collection":[{"href":"https:\/\/prodam-iphone.com\/sq\/wp-json\/wp\/v2\/pages"}],"about":[{"href":"https:\/\/prodam-iphone.com\/sq\/wp-json\/wp\/v2\/types\/page"}],"author":[{"embeddable":true,"href":"https:\/\/prodam-iphone.com\/sq\/wp-json\/wp\/v2\/users\/1"}],"replies":[{"embeddable":true,"href":"https:\/\/prodam-iphone.com\/sq\/wp-json\/wp\/v2\/comments?post=1675"}],"version-history":[{"count":1,"href":"https:\/\/prodam-iphone.com\/sq\/wp-json\/wp\/v2\/pages\/1675\/revisions"}],"predecessor-version":[{"id":1676,"href":"https:\/\/prodam-iphone.com\/sq\/wp-json\/wp\/v2\/pages\/1675\/revisions\/1676"}],"wp:attachment":[{"href":"https:\/\/prodam-iphone.com\/sq\/wp-json\/wp\/v2\/media?parent=1675"}],"curies":[{"name":"wp","href":"https:\/\/api.w.org\/{rel}","templated":true}]}}