{"id":1673,"date":"2024-10-26T23:57:59","date_gmt":"2024-10-26T22:57:59","guid":{"rendered":"https:\/\/prodam-iphone.com\/?page_id=1673"},"modified":"2024-10-26T23:58:00","modified_gmt":"2024-10-26T22:58:00","slug":"splosni-pogoji","status":"publish","type":"page","link":"https:\/\/prodam-iphone.com\/sq\/kushtet-e-pergjithshme\/","title":{"rendered":"Kushtet e p\u00ebrgjithshme"},"content":{"rendered":"<p><strong>Kushtet e p\u00ebrgjithshme<\/strong><\/p>\n\n\n\n<p>K\u00ebto terma p\u00ebrshkruajn\u00eb rregullat dhe rregulloret e p\u00ebrdorimit p\u00ebr faqen e internetit t\u00eb Prodam Iphone q\u00eb ndodhet n\u00eb https:\/\/prodam-iphone.com dhe t\u00eb gjitha n\u00ebnfushat e saj. Duke hyr\u00eb n\u00eb k\u00ebt\u00eb faqe interneti, ne supozojm\u00eb se ju i pranoni k\u00ebto kushte. Mos vazhdoni t\u00eb p\u00ebrdorni https:\/\/prodam-iphone.com n\u00ebse nuk jeni dakord me t\u00eb gjitha termat dhe kushtet e deklaruara n\u00eb k\u00ebt\u00eb faqe.<\/p>\n\n\n\n<p>Terminologjia e m\u00ebposhtme u referohet k\u00ebtyre termave dhe kushteve, deklarat\u00ebs s\u00eb privat\u00ebsis\u00eb dhe njoftimit t\u00eb mohimit dhe t\u00eb gjitha marr\u00ebveshjeve: &quot;klienti&quot;, &quot;ju&quot; dhe &quot;juaj&quot; ju referohen juve, personit q\u00eb regjistrohet n\u00eb k\u00ebt\u00eb faqe interneti dhe respekton kushtet e kompanis\u00eb. . &quot;Kompania&quot;, &quot;Vetja jon\u00eb&quot;, &quot;Ne&quot;, &quot;Tonat&quot; dhe &quot;Ne&quot; i referohen kompanis\u00eb son\u00eb. &quot;Klienti&quot;, &quot;kontraktor\u00ebt&quot; ose &quot;ne&quot; i referohen si klientit ashtu edhe neve. T\u00eb gjitha kushtet i referohen ofert\u00ebs, pranimit dhe marrjes n\u00eb konsiderat\u00eb t\u00eb pages\u00ebs s\u00eb nevojshme p\u00ebr t\u00eb kryer procedur\u00ebn e asistenc\u00ebs son\u00eb ndaj klientit n\u00eb m\u00ebnyr\u00ebn m\u00eb t\u00eb p\u00ebrshtatshme me q\u00ebllim t\u00eb shprehur p\u00ebr t\u00eb k\u00ebnaqur nevojat e klientit p\u00ebr ofrimin e sh\u00ebrbimeve t\u00eb specifikuara n\u00eb p\u00ebrputhje me dhe duke marr\u00eb parasysh ligjin n\u00eb fuqi t\u00eb Sllovenis\u00eb. \u00c7do p\u00ebrdorim i terminologjis\u00eb s\u00eb m\u00ebsip\u00ebrme ose fjal\u00ebve t\u00eb tjera n\u00eb nj\u00ebj\u00ebs, shum\u00ebs, kapitalizim dhe\/ose ai\/ajo do t\u00eb konsiderohet t\u00eb jet\u00eb i k\u00ebmbyesh\u00ebm dhe p\u00ebr rrjedhoj\u00eb i referohet t\u00eb nj\u00ebjt\u00ebs gj\u00eb.<\/p>\n\n\n\n<p><strong>Biskota<\/strong><\/p>\n\n\n\n<p>Faqja e internetit p\u00ebrdor cookie. Duke hyr\u00eb n\u00eb https:\/\/prodam-iphone.com, ju keni r\u00ebn\u00eb dakord p\u00ebr p\u00ebrdorimin e cookies n\u00eb marr\u00ebveshje me kompanin\u00eb Prodam Iphone dhe politik\u00ebn e privat\u00ebsis\u00eb n\u00eb faqen e internetit. Shumica e faqeve interaktive t\u00eb internetit p\u00ebrdorin cookie q\u00eb na lejojn\u00eb t\u00eb marrim detajet e p\u00ebrdoruesit p\u00ebr \u00e7do vizit\u00eb. Ne p\u00ebrdorim cookies n\u00eb faqen ton\u00eb t\u00eb internetit p\u00ebr t\u00eb mund\u00ebsuar funksionalitetin e zonave t\u00eb caktuara dhe p\u00ebr ta b\u00ebr\u00eb m\u00eb t\u00eb leht\u00eb p\u00ebr vizitor\u00ebt q\u00eb t\u00eb vizitojn\u00eb faqen ton\u00eb t\u00eb internetit. Disa nga bashk\u00ebpun\u00ebtor\u00ebt tan\u00eb \/ partner\u00ebt tan\u00eb reklamues mund t\u00eb p\u00ebrdorin gjithashtu cookie t\u00eb pal\u00ebve t\u00eb treta.<\/p>\n\n\n\n<p><strong>Licenca<\/strong><\/p>\n\n\n\n<p>N\u00ebse nuk p\u00ebrcaktohet ndryshe, Prodam Iphone dhe\/ose licensuesit e sajtit zot\u00ebrojn\u00eb t\u00eb drejtat e pron\u00ebsis\u00eb intelektuale p\u00ebr t\u00eb gjith\u00eb materialin n\u00eb https:\/\/prodam-iphone.com. T\u00eb gjitha t\u00eb drejtat e pron\u00ebsis\u00eb intelektuale jan\u00eb t\u00eb rezervuara. Ju mund ta p\u00ebrdorni at\u00eb nga https:\/\/prodam-iphone.com p\u00ebr p\u00ebrdorimin tuaj personal, duke iu n\u00ebnshtruar kufizimeve t\u00eb p\u00ebrcaktuara n\u00eb k\u00ebto Kushte.<\/p>\n\n\n\n<p>Ju nuk duhet:<\/p>\n\n\n\n<ul>\n<li>Postoni materiale https:\/\/prodam-iphone.com pa leje.<\/li>\n\n\n\n<li>Shisni, merrni me qira ose jepni n\u00ebnlicenc\u00eb materiale nga https:\/\/prodam-iphone.com pa leje.<\/li>\n\n\n\n<li>Riprodhoni, kopjoni ose kopjoni materiale nga https:\/\/prodam-iphone.com pa leje.<\/li>\n\n\n\n<li>Rishp\u00ebrndani p\u00ebrmbajtjen nga https:\/\/prodam-iphone.com pa leje.<\/li>\n<\/ul>\n\n\n\n<p>Kjo marr\u00ebveshje hyn n\u00eb fuqi n\u00eb dat\u00ebn e k\u00ebsaj marr\u00ebveshjeje ose pas mb\u00ebrritjes direkt n\u00eb faqen ton\u00eb t\u00eb internetit.<\/p>\n\n\n\n<p>Pjes\u00eb t\u00eb k\u00ebsaj faqeje interneti u ofrojn\u00eb p\u00ebrdoruesve mund\u00ebsin\u00eb p\u00ebr t\u00eb postuar dhe shk\u00ebmbyer mendime dhe informacione n\u00eb fusha t\u00eb caktuara t\u00eb faqes s\u00eb internetit. Iphone p\u00ebr shitje nuk filtron, modifikon, publikon ose rishikon komentet p\u00ebrpara pranis\u00eb s\u00eb tyre n\u00eb faqe. Komentet nuk pasqyrojn\u00eb pik\u00ebpamjet dhe opinionet e Prodam Iphone, agjent\u00ebve dhe\/ose filialeve t\u00eb tij. Komentet pasqyrojn\u00eb pik\u00ebpamjet dhe opinionet e personit q\u00eb poston opinionin e tij. N\u00eb mas\u00ebn e lejuar nga ligji n\u00eb fuqi, Prodam Iphone nuk \u00ebsht\u00eb p\u00ebrgjegj\u00ebs p\u00ebr komentet ose ndonj\u00eb p\u00ebrgjegj\u00ebsi, d\u00ebmtim ose kosto t\u00eb shkaktuar dhe\/ose t\u00eb shkaktuar si rezultat i \u00e7do p\u00ebrdorimi dhe\/ose postimi dhe\/ose shfaqja e komenteve n\u00eb k\u00ebt\u00eb faqe interneti.<\/p>\n\n\n\n<p>Prodam Iphone rezervon t\u00eb drejt\u00ebn t\u00eb monitoroj\u00eb t\u00eb gjitha komentet dhe t\u00eb heq\u00eb \u00e7do koment q\u00eb mund t\u00eb konsiderohet i pap\u00ebrshtatsh\u00ebm, fyes ose t\u00eb shkaktoj\u00eb shkelje t\u00eb k\u00ebtyre kushteve.<\/p>\n\n\n\n<p>Ju garantoni dhe p\u00ebrfaq\u00ebsoni se:<\/p>\n\n\n\n<ul>\n<li>ju keni t\u00eb drejt\u00eb t\u00eb postoni komente n\u00eb faqen ton\u00eb t\u00eb internetit dhe keni lejet dhe p\u00eblqimet e nevojshme p\u00ebr ta b\u00ebr\u00eb k\u00ebt\u00eb;<\/li>\n\n\n\n<li>komentet nuk cenojn\u00eb asnj\u00eb t\u00eb drejt\u00eb t\u00eb pron\u00ebsis\u00eb intelektuale, duke p\u00ebrfshir\u00eb kufizimet n\u00eb t\u00eb drejtat e autorit, patentat ose markat tregtare t\u00eb pal\u00ebve t\u00eb treta;<\/li>\n\n\n\n<li>komentet nuk p\u00ebrmbajn\u00eb asnj\u00eb material shpif\u00ebs, shpif\u00ebs, abuziv, t\u00eb turpsh\u00ebm ose ndryshe t\u00eb paligjsh\u00ebm q\u00eb \u00ebsht\u00eb nj\u00eb cenim i privat\u00ebsis\u00eb;<\/li>\n\n\n\n<li>komentet nuk do t\u00eb p\u00ebrdoren p\u00ebr t\u00eb k\u00ebrkuar ose promovuar shitje ose p\u00ebr t\u00eb p\u00ebrfaq\u00ebsuar aktivitete komerciale ose t\u00eb paligjshme.<\/li>\n<\/ul>\n\n\n\n<p>Ju i jepni Sell Iphone nj\u00eb licenc\u00eb joekskluzive p\u00ebr t\u00eb p\u00ebrdorur, riprodhuar, modifikuar dhe autorizuar t\u00eb tjer\u00ebt q\u00eb t\u00eb p\u00ebrdorin, riprodhojn\u00eb dhe modifikojn\u00eb komentet tuaja n\u00eb \u00e7do form\u00eb, form\u00eb ose media.<\/p>\n\n\n\n<p><strong>Hyperlink me p\u00ebrmbajtjen ton\u00eb<\/strong><\/p>\n\n\n\n<p>Organizatat e m\u00ebposhtme mund t\u00eb lidhen me faqen ton\u00eb t\u00eb internetit pa leje paraprake me shkrim:<\/p>\n\n\n\n<ul>\n<li>agjencit\u00eb qeveritare;<\/li>\n\n\n\n<li>motor\u00ebt e k\u00ebrkimit;<\/li>\n\n\n\n<li>lajme;<\/li>\n\n\n\n<li>shp\u00ebrndar\u00ebsit e drejtorive online q\u00eb mund t\u00eb lidhen me faqen ton\u00eb t\u00eb internetit n\u00eb t\u00eb nj\u00ebjt\u00ebn m\u00ebnyr\u00eb si nj\u00eb hiperlidhje me faqet e internetit t\u00eb kompanive t\u00eb tjera t\u00eb listuara dhe<\/li>\n\n\n\n<li>bizneset e akredituara n\u00eb t\u00eb gjith\u00eb sistemin, duke p\u00ebrjashtuar organizatat jofitimprur\u00ebse, qendrat tregtare bamir\u00ebse dhe grupet e mbledhjes s\u00eb fondeve bamir\u00ebse, t\u00eb cilat mund t\u00eb mos jen\u00eb t\u00eb lidhura me faqen ton\u00eb t\u00eb internetit.<\/li>\n<\/ul>\n\n\n\n<p>K\u00ebto organizata mund t\u00eb lidhen me faqen ton\u00eb kryesore, publikimet ose informacione t\u00eb tjera t\u00eb internetit, me kusht q\u00eb lidhja: (a) nuk \u00ebsht\u00eb mashtruese n\u00eb asnj\u00eb m\u00ebnyr\u00eb; (b) nuk n\u00ebnkupton sponsorizim, miratim ose miratim t\u00eb rrem\u00eb t\u00eb sajtit t\u00eb lidhur dhe produkteve dhe\/ose sh\u00ebrbimeve t\u00eb tij dhe (c) p\u00ebrshtatet brenda kontekstit t\u00eb faqes s\u00eb internetit t\u00eb pal\u00ebs lidh\u00ebse.<\/p>\n\n\n\n<p>Ne mund t\u00eb shqyrtojm\u00eb dhe t\u00eb miratojm\u00eb k\u00ebrkesa t\u00eb tjera p\u00ebr lidhje nga llojet e m\u00ebposhtme t\u00eb organizatave:<\/p>\n\n\n\n<ul>\n<li>burime p\u00ebrgjith\u00ebsisht t\u00eb njohura t\u00eb informacionit t\u00eb konsumatorit dhe\/ose t\u00eb biznesit;<\/li>\n\n\n\n<li>komuniteti dot.com<\/li>\n\n\n\n<li>shoqata ose grupe t\u00eb tjera q\u00eb p\u00ebrfaq\u00ebsojn\u00eb bamir\u00ebsi;<\/li>\n\n\n\n<li>shp\u00ebrndar\u00ebsit e direktoriumeve online;<\/li>\n\n\n\n<li>portalet e internetit;<\/li>\n\n\n\n<li>kompanit\u00eb e kontabilitetit, juridik dhe konsulence dhe<\/li>\n\n\n\n<li>institucionet arsimore dhe shoqatat tregtare.<\/li>\n<\/ul>\n\n\n\n<p>Ne do t\u00eb miratojm\u00eb k\u00ebrkesat p\u00ebr lidhje nga k\u00ebto organizata n\u00ebse p\u00ebrcaktojm\u00eb se: (a) nuk do ta b\u00ebnim lidhjen t\u00eb duket e pap\u00ebrshtatshme p\u00ebr veten ton\u00eb ose p\u00ebr kompanit\u00eb tona t\u00eb akredituara; (b) organizata nuk ka t\u00eb dh\u00ebna negative me ne; (c) p\u00ebrfitimi i dukshm\u00ebris\u00eb s\u00eb hiperlidhjes na kompenson munges\u00ebn e Iphone For Sale dhe (d) lidhja \u00ebsht\u00eb n\u00eb kontekstin e informacionit t\u00eb p\u00ebrgjithsh\u00ebm rreth burimeve.<\/p>\n\n\n\n<p>K\u00ebto organizata mund t\u00eb lidhen me faqen ton\u00eb fillestare p\u00ebr sa koh\u00eb q\u00eb lidhja: (a) nuk \u00ebsht\u00eb mashtruese n\u00eb asnj\u00eb m\u00ebnyr\u00eb; (b) nuk n\u00ebnkupton nj\u00eb sponsorizim, miratim ose miratim t\u00eb rrem\u00eb t\u00eb faqes lidh\u00ebse dhe produkteve ose sh\u00ebrbimeve t\u00eb saj, dhe (c) p\u00ebrshtatet brenda kontekstit t\u00eb faqes s\u00eb internetit t\u00eb pal\u00ebs lidh\u00ebse. N\u00ebse jeni nj\u00eb nga organizatat e listuara m\u00eb sip\u00ebr dhe jeni t\u00eb interesuar t\u00eb lidheni me faqen ton\u00eb, duhet t\u00eb na njoftoni duke d\u00ebrguar nj\u00eb email n\u00eb info@prodam-iphone.com.<\/p>\n\n\n\n<p>Ju lutemi p\u00ebrfshini emrin tuaj, emrin e organizat\u00ebs, informacionin e kontaktit, si dhe URL-n\u00eb e faqes suaj t\u00eb internetit, nj\u00eb list\u00eb t\u00eb t\u00eb gjitha URL-ve nga t\u00eb cilat keni nd\u00ebrmend t\u00eb lidheni me faqen ton\u00eb dhe nj\u00eb list\u00eb t\u00eb URL-ve n\u00eb faqen ton\u00eb me t\u00eb cilat d\u00ebshironi t\u00eb lidheni. Ju lutemi, lini 2-3 jav\u00eb p\u00ebr nj\u00eb p\u00ebrgjigje.<\/p>\n\n\n\n<p>Organizatat e miratuara mund t\u00eb hiperlinkojn\u00eb me faqen ton\u00eb:<\/p>\n\n\n\n<ul>\n<li>duke p\u00ebrdorur emrin e kompanis\u00eb son\u00eb ose<\/li>\n\n\n\n<li>duke p\u00ebrdorur nj\u00eb gjet\u00ebs t\u00eb unifikuar burimesh q\u00eb \u00ebsht\u00eb i lidhur ose<\/li>\n\n\n\n<li>duke p\u00ebrdorur \u00e7do p\u00ebrshkrim tjet\u00ebr t\u00eb faqes son\u00eb t\u00eb lidhur q\u00eb ka kuptim n\u00eb kontekstin dhe formatin e p\u00ebrmbajtjes n\u00eb faqen e klientit lidh\u00ebs.<\/li>\n<\/ul>\n\n\n\n<p>P\u00ebr lidhjen, n\u00eb munges\u00eb t\u00eb nj\u00eb marr\u00ebveshjeje licence p\u00ebr mark\u00ebn tregtare, nuk do t\u00eb lejohet p\u00ebrdorimi i logos Sell Iphone ose p\u00ebrmbajtjeve t\u00eb tjera.<\/p>\n\n\n\n<p><strong>iFrames<\/strong><\/p>\n\n\n\n<p>Pa miratim paraprak dhe leje me shkrim, ju nuk mund t\u00eb krijoni korniza n\u00eb faqet tona t\u00eb internetit q\u00eb n\u00eb asnj\u00eb m\u00ebnyr\u00eb ndryshojn\u00eb prezantimin vizual ose pamjen e faqes son\u00eb t\u00eb internetit.<\/p>\n\n\n\n<p><strong>P\u00ebrgjegj\u00ebsia e p\u00ebrmbajtjes<\/strong><\/p>\n\n\n\n<p>Ne nuk jemi p\u00ebrgjegj\u00ebs p\u00ebr \u00e7do p\u00ebrmbajtje q\u00eb shfaqet n\u00eb faqen tuaj. Ju pranoni t\u00eb na d\u00ebmshp\u00ebrbleni dhe t\u00eb na mbroni kund\u00ebr \u00e7do pretendimi q\u00eb shfaqet n\u00eb faqen tuaj t\u00eb internetit. Asnj\u00eb lidhje nuk mund t\u00eb shfaqet n\u00eb asnj\u00eb faqe interneti q\u00eb mund t\u00eb interpretohet si e rreme, e turpshme ose kriminale ose q\u00eb cenon, p\u00ebrndryshe shkel ose mbron shkeljen ose shkeljen tjet\u00ebr t\u00eb t\u00eb drejtave t\u00eb nj\u00eb pale t\u00eb tret\u00eb.<\/p>\n\n\n\n<p><strong>Rezervimi i t\u00eb drejtave<\/strong><\/p>\n\n\n\n<p>Ne rezervojm\u00eb t\u00eb drejt\u00ebn t\u00eb k\u00ebrkojm\u00eb q\u00eb t\u00eb hiqni t\u00eb gjitha lidhjet ose ndonj\u00eb lidhje specifike n\u00eb faqen ton\u00eb t\u00eb internetit. Ju pranoni t\u00eb hiqni menj\u00ebher\u00eb \u00e7do lidhje n\u00eb faqen ton\u00eb t\u00eb internetit sipas k\u00ebrkes\u00ebs. Ne gjithashtu rezervojm\u00eb t\u00eb drejt\u00ebn p\u00ebr t\u00eb ndryshuar k\u00ebto terma dhe kushte dhe rregullat q\u00eb lidhin politik\u00ebn n\u00eb \u00e7do koh\u00eb. Duke vazhduar lidhjen me faqen ton\u00eb t\u00eb internetit, ju pranoni t\u00eb jeni t\u00eb detyruar dhe t\u00eb ndiqni k\u00ebto terma dhe kushte.<\/p>\n\n\n\n<p><strong>Heqja e lidhjeve nga faqja jon\u00eb e internetit<\/strong><\/p>\n\n\n\n<p>N\u00ebse gjeni ndonj\u00eb lidhje n\u00eb faqen ton\u00eb q\u00eb \u00ebsht\u00eb fyese p\u00ebr ndonj\u00eb arsye, mund t\u00eb na kontaktoni n\u00eb \u00e7do koh\u00eb p\u00ebr t\u00eb na njoftuar. Ne do t\u00eb respektojm\u00eb k\u00ebrkesat p\u00ebr heqjen e lidhjeve, por nuk do t\u00eb jemi t\u00eb detyruar t&#039;u p\u00ebrgjigjemi drejtp\u00ebrdrejt atyre. Ne nuk garantojm\u00eb q\u00eb informacioni n\u00eb k\u00ebt\u00eb faqe interneti \u00ebsht\u00eb i sakt\u00eb, ne nuk garantojm\u00eb plot\u00ebsin\u00eb ose sakt\u00ebsin\u00eb e tij; as nuk premtojm\u00eb t\u00eb sigurojm\u00eb q\u00eb faqja e internetit do t\u00eb mbetet e disponueshme ose q\u00eb materialet n\u00eb faqen e internetit do t\u00eb p\u00ebrdit\u00ebsohen vazhdimisht.<\/p>\n\n\n\n<p><strong>Mohim p\u00ebrgjegj\u00ebsie<\/strong><\/p>\n\n\n\n<p>N\u00eb mas\u00ebn m\u00eb t\u00eb plot\u00eb t\u00eb lejuar nga ligji n\u00eb fuqi, ne p\u00ebrjashtojm\u00eb t\u00eb gjitha p\u00ebrfaq\u00ebsimet, garancit\u00eb dhe kushtet n\u00eb lidhje me faqen ton\u00eb t\u00eb internetit dhe p\u00ebrdorimin e k\u00ebsaj faqe interneti. Asgj\u00eb n\u00eb k\u00ebt\u00eb mohim nuk do t\u00eb:<\/p>\n\n\n\n<p>Kufizimet dhe p\u00ebrjashtimet e p\u00ebrgjegj\u00ebsis\u00eb t\u00eb p\u00ebrcaktuara n\u00eb k\u00ebt\u00eb seksion dhe gjetk\u00eb n\u00eb k\u00ebt\u00eb mohim: (a) zbatohen n\u00eb paragrafin e m\u00ebsip\u00ebrm dhe (b) rregullojn\u00eb t\u00eb gjitha detyrimet q\u00eb rrjedhin nga mohimi, duke p\u00ebrfshir\u00eb detyrimet kontraktuale q\u00eb rrjedhin nga kontrata, delikti dhe shkelja e detyr\u00ebs ligjore .<\/p>\n\n\n\n<p>Derisa faqja e internetit dhe informacioni dhe sh\u00ebrbimet n\u00eb faqen e internetit t\u00eb jen\u00eb t\u00eb disponueshme pa pages\u00eb, ne nuk do t\u00eb mbajm\u00eb p\u00ebrgjegj\u00ebsi p\u00ebr asnj\u00eb humbje ose d\u00ebmtim.<\/p>\n\n\n\n<p><strong>Zgjidhja jasht\u00eb gjykat\u00ebs e mosmarr\u00ebveshjeve konsumatore<\/strong><\/p>\n\n\n\n<p>N\u00eb p\u00ebrputhje me normat ligjore, kompania Prodam Iphone nuk njeh asnj\u00eb ofrues t\u00eb zgjidhjes jasht\u00ebgjyq\u00ebsore t\u00eb mosmarr\u00ebveshjeve konsumatore si kompetent p\u00ebr zgjidhjen e nj\u00eb mosmarr\u00ebveshjeje konsumatore q\u00eb konsumatori mund ta inicioj\u00eb n\u00eb p\u00ebrputhje me Ligjin p\u00ebr jasht\u00eb gjykat\u00ebs. zgjidhjen e mosmarr\u00ebveshjeve t\u00eb konsumator\u00ebve. Si ofrues i mallrave dhe sh\u00ebrbimeve, kompania publikon n\u00eb faqen e saj t\u00eb internetit nj\u00eb lidhje elektronike me platform\u00ebn p\u00ebr zgjidhjen online t\u00eb mosmarr\u00ebveshjeve t\u00eb konsumator\u00ebve (SRPS). Platforma \u00ebsht\u00eb n\u00eb dispozicion t\u00eb konsumator\u00ebve n\u00eb lidhjen elektronike http:\/\/ec.europa.eu\/odr. Rregullorja e lartp\u00ebrmendur vjen nga Ligji p\u00ebr Zgjidhjen Jasht\u00eb Gjyq\u00ebsore t\u00eb Mosmarr\u00ebveshjeve t\u00eb Konsumatorit, Rregullorja (BE) Nr. 524\/2013 i Parlamentit Evropian dhe i K\u00ebshillit p\u00ebr zgjidhjen online t\u00eb mosmarr\u00ebveshjeve t\u00eb konsumator\u00ebve dhe ndryshimin e Rregullores (KE) nr. 2016\/2004 dhe Direktiva 200.<\/p>","protected":false},"excerpt":{"rendered":"<p>Kushtet dhe Afatet e P\u00ebrgjithshme K\u00ebto kushte dhe afate p\u00ebrshkruajn\u00eb rregullat dhe rregulloret p\u00ebr p\u00ebrdorimin e faqes s\u00eb internetit t\u00eb Prodam Iphone t\u00eb vendosur n\u00eb https:\/\/prodam-iphone.com dhe t\u00eb gjitha n\u00ebn-domeneve t\u00eb saj. Duke hyr\u00eb n\u00eb k\u00ebt\u00eb faqe interneti, ju konsiderohet se i pranoni k\u00ebto kushte dhe afate. Mos vazhdoni t\u00eb p\u00ebrdorni https:\/\/prodam-iphone.com n\u00ebse nuk jeni dakord me t\u00eb gjitha kushtet dhe afatet e deklaruara n\u00eb k\u00ebt\u00eb faqe. Terminologjia e m\u00ebposhtme i referohet [\u2026]<\/p>","protected":false},"author":1,"featured_media":0,"parent":0,"menu_order":0,"comment_status":"closed","ping_status":"open","template":"","meta":{"_seopress_robots_primary_cat":"","_seopress_titles_title":"Splo\u0161ni pogoji","_seopress_titles_desc":"Ti pogoji opisujejo pravila in predpise za uporabo za spletnega mesta Prodam Iphone, ki se nahaja na https:\/\/prodam-iphone.com in vse njene poddomene.","_seopress_robots_index":"","ocean_post_layout":"","ocean_both_sidebars_style":"","ocean_both_sidebars_content_width":0,"ocean_both_sidebars_sidebars_width":0,"ocean_sidebar":"","ocean_second_sidebar":"","ocean_disable_margins":"enable","ocean_add_body_class":"","ocean_shortcode_before_top_bar":"","ocean_shortcode_after_top_bar":"","ocean_shortcode_before_header":"","ocean_shortcode_after_header":"","ocean_has_shortcode":"","ocean_shortcode_after_title":"","ocean_shortcode_before_footer_widgets":"","ocean_shortcode_after_footer_widgets":"","ocean_shortcode_before_footer_bottom":"","ocean_shortcode_after_footer_bottom":"","ocean_display_top_bar":"default","ocean_display_header":"default","ocean_header_style":"","ocean_center_header_left_menu":"","ocean_custom_header_template":"","ocean_custom_logo":0,"ocean_custom_retina_logo":0,"ocean_custom_logo_max_width":0,"ocean_custom_logo_tablet_max_width":0,"ocean_custom_logo_mobile_max_width":0,"ocean_custom_logo_max_height":0,"ocean_custom_logo_tablet_max_height":0,"ocean_custom_logo_mobile_max_height":0,"ocean_header_custom_menu":"","ocean_menu_typo_font_family":"","ocean_menu_typo_font_subset":"","ocean_menu_typo_font_size":0,"ocean_menu_typo_font_size_tablet":0,"ocean_menu_typo_font_size_mobile":0,"ocean_menu_typo_font_size_unit":"px","ocean_menu_typo_font_weight":"","ocean_menu_typo_font_weight_tablet":"","ocean_menu_typo_font_weight_mobile":"","ocean_menu_typo_transform":"","ocean_menu_typo_transform_tablet":"","ocean_menu_typo_transform_mobile":"","ocean_menu_typo_line_height":0,"ocean_menu_typo_line_height_tablet":0,"ocean_menu_typo_line_height_mobile":0,"ocean_menu_typo_line_height_unit":"","ocean_menu_typo_spacing":0,"ocean_menu_typo_spacing_tablet":0,"ocean_menu_typo_spacing_mobile":0,"ocean_menu_typo_spacing_unit":"","ocean_menu_link_color":"","ocean_menu_link_color_hover":"","ocean_menu_link_color_active":"","ocean_menu_link_background":"","ocean_menu_link_hover_background":"","ocean_menu_link_active_background":"","ocean_menu_social_links_bg":"","ocean_menu_social_hover_links_bg":"","ocean_menu_social_links_color":"","ocean_menu_social_hover_links_color":"","ocean_disable_title":"default","ocean_disable_heading":"default","ocean_post_title":"","ocean_post_subheading":"","ocean_post_title_style":"","ocean_post_title_background_color":"","ocean_post_title_background":0,"ocean_post_title_bg_image_position":"","ocean_post_title_bg_image_attachment":"","ocean_post_title_bg_image_repeat":"","ocean_post_title_bg_image_size":"","ocean_post_title_height":0,"ocean_post_title_bg_overlay":0.5,"ocean_post_title_bg_overlay_color":"","ocean_disable_breadcrumbs":"default","ocean_breadcrumbs_color":"","ocean_breadcrumbs_separator_color":"","ocean_breadcrumbs_links_color":"","ocean_breadcrumbs_links_hover_color":"","ocean_display_footer_widgets":"default","ocean_display_footer_bottom":"default","ocean_custom_footer_template":""},"_links":{"self":[{"href":"https:\/\/prodam-iphone.com\/sq\/wp-json\/wp\/v2\/pages\/1673"}],"collection":[{"href":"https:\/\/prodam-iphone.com\/sq\/wp-json\/wp\/v2\/pages"}],"about":[{"href":"https:\/\/prodam-iphone.com\/sq\/wp-json\/wp\/v2\/types\/page"}],"author":[{"embeddable":true,"href":"https:\/\/prodam-iphone.com\/sq\/wp-json\/wp\/v2\/users\/1"}],"replies":[{"embeddable":true,"href":"https:\/\/prodam-iphone.com\/sq\/wp-json\/wp\/v2\/comments?post=1673"}],"version-history":[{"count":1,"href":"https:\/\/prodam-iphone.com\/sq\/wp-json\/wp\/v2\/pages\/1673\/revisions"}],"predecessor-version":[{"id":1674,"href":"https:\/\/prodam-iphone.com\/sq\/wp-json\/wp\/v2\/pages\/1673\/revisions\/1674"}],"wp:attachment":[{"href":"https:\/\/prodam-iphone.com\/sq\/wp-json\/wp\/v2\/media?parent=1673"}],"curies":[{"name":"wp","href":"https:\/\/api.w.org\/{rel}","templated":true}]}}