{"id":3,"date":"2024-09-08T19:56:42","date_gmt":"2024-09-08T18:56:42","guid":{"rendered":"https:\/\/prodam-iphone.com\/?page_id=3"},"modified":"2024-10-17T19:24:58","modified_gmt":"2024-10-17T18:24:58","slug":"pravilnik-o-zasebnosti","status":"publish","type":"page","link":"https:\/\/prodam-iphone.com\/it\/politica-sulla-riservatezza\/","title":{"rendered":"Politica sulla riservatezza"},"content":{"rendered":"<h2 class=\"wp-block-heading\">Privacy<\/h2>\n\n\n\n<ol>\n<li><strong>DI COSA ABBIAMO BISOGNO<\/strong><\/li>\n<\/ol>\n\n\n\n<p>La nostra politica sulla privacy regola l\u2019uso e l\u2019archiviazione dei dati. \u00c8 possibile visionare l&#039;informativa sulla protezione dei dati personali alla pagina Informativa Privacy (allegato sotto). Iphone in vendita, Trg Celjske knezov 1, 3000 Celje \u00e8 il titolare del trattamento dei dati personali forniti (interessato: tu, acquirente, visitatore, ecc.). Raccogliamo i seguenti tipi di dati personali:<\/p>\n\n\n\n<ul>\n<li>Indirizzo e-mail;<\/li>\n\n\n\n<li>Nome e Cognome, Indirizzo, Indirizzo e-mail e Numero di telefono;<\/li>\n\n\n\n<li>Informazioni sui mezzi di pagamento, come informazioni sulla carta di credito o di pagamento, Paypal e altri metodi di pagamento;<\/li>\n\n\n\n<li>Copie di documenti personali che confermano l&#039;accuratezza dei dati personali;<\/li>\n\n\n\n<li>Biscotti;<\/li>\n\n\n\n<li>Monitoraggio delle visite di Google Analytics e Yandex e Cloudflare;<\/li>\n\n\n\n<li>Collegamenti a profili personali su gruppi social.<\/li>\n<\/ul>\n\n\n\n<p>Otteniamo ciascuna tipologia di dati personali in base alla necessit\u00e0 e con consenso separato.<\/p>\n\n\n\n<ol start=\"2\">\n<li><strong>PERCH\u00c9 NE ABBIAMO BISOGNO<\/strong><\/li>\n<\/ol>\n\n\n\n<p>Abbiamo bisogno dei tuoi dati personali per i seguenti servizi:<\/p>\n\n\n\n<ol>\n<li>Indirizzo e-mail per rispondere ai vostri messaggi di posta elettronica o ai messaggi inviati tramite moduli di contatto;<\/li>\n\n\n\n<li>Indirizzo e-mail per l&#039;invio di offerte e e-news;<\/li>\n\n\n\n<li>Nome e Cognome, Indirizzo, Indirizzo e-mail e Numero di telefono per l&#039;accettazione di prenotazioni, richieste e invio di offerte o in relazione all&#039;adempimento di altre Sue richieste;<\/li>\n\n\n\n<li>Nome e Cognome, Indirizzo, Indirizzo e-mail e Numero di telefono per l&#039;acquisto di buoni regalo, buoni o servizi e articoli legati alla nostra offerta;<\/li>\n\n\n\n<li>Dati sui mezzi di pagamento e copie di documenti personali per la fornitura di servizi;<\/li>\n\n\n\n<li>Indirizzo e-mail per marketing automatizzato (conferma delle prenotazioni, ringraziamento per le iscrizioni, ecc.);<\/li>\n\n\n\n<li>Cookie per il funzionamento del sito web;<\/li>\n\n\n\n<li>Comunicare attraverso gruppi social con profili personali che confermano la connessione con noi;<\/li>\n\n\n\n<li>Nome e Cognome, Indirizzo, Indirizzo e-mail e Numero di telefono per giochi a premi occasionali o altre campagne promozionali previa tua autorizzazione;<\/li>\n\n\n\n<li>Dati aggregati da Google Analytics o Yandex Direct e Cloudflare per il monitoraggio delle visite e l&#039;analisi interna con cui miglioreremo i contenuti.<\/li>\n<\/ol>\n\n\n\n<ol>\n<li><strong>COSA FACCIAMO CON I DATI PERSONALI<\/strong><\/li>\n<\/ol>\n\n\n\n<p>I tuoi dati personali vengono trattati presso Prodam Iphone, Trg celjske knezov 1, 3000 Celje, che si trova in Slovenia. L&#039;hosting e l&#039;archiviazione dei dati avvengono su https:\/\/prodam-iphone.com, che si trova nei paesi dell&#039;Unione Europea (Germania).<\/p>\n\n\n\n<p>Nessun fornitore terzo ha accesso ai tuoi dati, a meno che ci\u00f2 non sia richiesto dalla legge.<\/p>\n\n\n\n<ol start=\"4\">\n<li><strong>QUANTO TEMPO LI CONSERVIAMO<\/strong><\/li>\n<\/ol>\n\n\n\n<p>Sul nostro sito web utilizziamo cookie permanenti per collegamenti a servizi sociali e altri fornitori di &quot;condivisione&quot; e cookie che ti aiutano a trovare ancora e ancora i tuoi contenuti pi\u00f9 popolari sul nostro sito web.<\/p>\n\n\n\n<ol start=\"5\">\n<li><strong>QUALI SONO I TUOI DIRITTI<\/strong><\/li>\n<\/ol>\n\n\n\n<p>Se ritieni che i dati personali che conserviamo su di te siano errati o incompleti, hai la possibilit\u00e0 di inviare una richiesta per rivedere questi dati, correggerli o eliminarli. Contattaci tramite (Modulo di richiesta di accesso ai dati). Se desideri presentare un reclamo su come abbiamo trattato i tuoi dati personali, contatta la persona autorizzata alla protezione dei dati o Persona di contatto per la protezione dei dati (DPC, Contatto per la protezione dei dati) all&#039;indirizzo e-mail info@prodam-iphone.com o per iscritto a Prodam Iphone, Trg celjskih knezov 1, 3000 Celje.<\/p>\n\n\n\n<p>Il nostro DPC esaminer\u00e0 quindi il tuo reclamo e ti far\u00e0 sapere come \u00e8 stata risolta la questione. Se ritieni ancora che i tuoi dati personali non siano stati trattati correttamente in conformit\u00e0 con la legge, puoi contattare il Commissario per l&#039;informazione e presentare un reclamo presso di lui. \u00c8 possibile richiedere l&#039;accesso alle politiche e ai documenti relativi alla privacy utilizzando un apposito modulo presente nella pagina Informativa sulla Privacy.<\/p>\n\n\n\n<p><strong>Documenti correlati:<\/strong><\/p>\n\n\n\n<ul>\n<li>Politica di protezione dei dati personali<\/li>\n\n\n\n<li>Politica di conservazione dei dati personali (su richiesta via e-mail o di persona)<\/li>\n\n\n\n<li>Programma di conservazione dei dati personali (su richiesta via e-mail o di persona)<\/li>\n\n\n\n<li>Informativa sulla privacy<\/li>\n\n\n\n<li>Condizioni generali<\/li>\n\n\n\n<li>Modulo di consenso<\/li>\n\n\n\n<li>Revoca del modulo di consenso<\/li>\n<\/ul>\n\n\n\n<p>Celje, 30.09.2024, ver. Documenti: 1.0<\/p>","protected":false},"excerpt":{"rendered":"<p>Informativa sulla privacy: la nostra politica sulla protezione dei dati personali regola l&#039;utilizzo e l&#039;archiviazione dei dati. \u00c8 possibile consultare l&#039;informativa sulla protezione dei dati personali nella pagina Informativa sulla privacy (allegato sottostante). Prodam Iphone, Trg celjskih knezov 1, 3000 Celje, \u00e8 il titolare del trattamento dei dati personali da voi forniti (interessato: voi, cliente, visitatore, ecc.). Raccogliamo i seguenti tipi di dati personali: Ogni dato personale [\u2026]<\/p>","protected":false},"author":1,"featured_media":0,"parent":0,"menu_order":0,"comment_status":"closed","ping_status":"open","template":"","meta":{"_seopress_robots_primary_cat":"","_seopress_titles_title":"Pravilnik o zasebnosti za odkup mobilnih telefonov","_seopress_titles_desc":"Na\u0161a politika varovanja osebnih podatkov ureja uporabo in shranjevanje podatkov.","_seopress_robots_index":"","ocean_post_layout":"","ocean_both_sidebars_style":"","ocean_both_sidebars_content_width":0,"ocean_both_sidebars_sidebars_width":0,"ocean_sidebar":"","ocean_second_sidebar":"","ocean_disable_margins":"enable","ocean_add_body_class":"","ocean_shortcode_before_top_bar":"","ocean_shortcode_after_top_bar":"","ocean_shortcode_before_header":"","ocean_shortcode_after_header":"","ocean_has_shortcode":"","ocean_shortcode_after_title":"","ocean_shortcode_before_footer_widgets":"","ocean_shortcode_after_footer_widgets":"","ocean_shortcode_before_footer_bottom":"","ocean_shortcode_after_footer_bottom":"","ocean_display_top_bar":"default","ocean_display_header":"default","ocean_header_style":"","ocean_center_header_left_menu":"","ocean_custom_header_template":"","ocean_custom_logo":0,"ocean_custom_retina_logo":0,"ocean_custom_logo_max_width":0,"ocean_custom_logo_tablet_max_width":0,"ocean_custom_logo_mobile_max_width":0,"ocean_custom_logo_max_height":0,"ocean_custom_logo_tablet_max_height":0,"ocean_custom_logo_mobile_max_height":0,"ocean_header_custom_menu":"","ocean_menu_typo_font_family":"","ocean_menu_typo_font_subset":"","ocean_menu_typo_font_size":0,"ocean_menu_typo_font_size_tablet":0,"ocean_menu_typo_font_size_mobile":0,"ocean_menu_typo_font_size_unit":"px","ocean_menu_typo_font_weight":"","ocean_menu_typo_font_weight_tablet":"","ocean_menu_typo_font_weight_mobile":"","ocean_menu_typo_transform":"","ocean_menu_typo_transform_tablet":"","ocean_menu_typo_transform_mobile":"","ocean_menu_typo_line_height":0,"ocean_menu_typo_line_height_tablet":0,"ocean_menu_typo_line_height_mobile":0,"ocean_menu_typo_line_height_unit":"","ocean_menu_typo_spacing":0,"ocean_menu_typo_spacing_tablet":0,"ocean_menu_typo_spacing_mobile":0,"ocean_menu_typo_spacing_unit":"","ocean_menu_link_color":"","ocean_menu_link_color_hover":"","ocean_menu_link_color_active":"","ocean_menu_link_background":"","ocean_menu_link_hover_background":"","ocean_menu_link_active_background":"","ocean_menu_social_links_bg":"","ocean_menu_social_hover_links_bg":"","ocean_menu_social_links_color":"","ocean_menu_social_hover_links_color":"","ocean_disable_title":"default","ocean_disable_heading":"default","ocean_post_title":"","ocean_post_subheading":"","ocean_post_title_style":"","ocean_post_title_background_color":"","ocean_post_title_background":0,"ocean_post_title_bg_image_position":"","ocean_post_title_bg_image_attachment":"","ocean_post_title_bg_image_repeat":"","ocean_post_title_bg_image_size":"","ocean_post_title_height":0,"ocean_post_title_bg_overlay":0.5,"ocean_post_title_bg_overlay_color":"","ocean_disable_breadcrumbs":"default","ocean_breadcrumbs_color":"","ocean_breadcrumbs_separator_color":"","ocean_breadcrumbs_links_color":"","ocean_breadcrumbs_links_hover_color":"","ocean_display_footer_widgets":"default","ocean_display_footer_bottom":"default","ocean_custom_footer_template":""},"_links":{"self":[{"href":"https:\/\/prodam-iphone.com\/it\/wp-json\/wp\/v2\/pages\/3"}],"collection":[{"href":"https:\/\/prodam-iphone.com\/it\/wp-json\/wp\/v2\/pages"}],"about":[{"href":"https:\/\/prodam-iphone.com\/it\/wp-json\/wp\/v2\/types\/page"}],"author":[{"embeddable":true,"href":"https:\/\/prodam-iphone.com\/it\/wp-json\/wp\/v2\/users\/1"}],"replies":[{"embeddable":true,"href":"https:\/\/prodam-iphone.com\/it\/wp-json\/wp\/v2\/comments?post=3"}],"version-history":[{"count":2,"href":"https:\/\/prodam-iphone.com\/it\/wp-json\/wp\/v2\/pages\/3\/revisions"}],"predecessor-version":[{"id":1622,"href":"https:\/\/prodam-iphone.com\/it\/wp-json\/wp\/v2\/pages\/3\/revisions\/1622"}],"wp:attachment":[{"href":"https:\/\/prodam-iphone.com\/it\/wp-json\/wp\/v2\/media?parent=3"}],"curies":[{"name":"wp","href":"https:\/\/api.w.org\/{rel}","templated":true}]}}