{"id":1677,"date":"2024-10-27T00:00:27","date_gmt":"2024-10-26T23:00:27","guid":{"rendered":"https:\/\/prodam-iphone.com\/?page_id=1677"},"modified":"2024-10-27T00:00:27","modified_gmt":"2024-10-26T23:00:27","slug":"kolofon","status":"publish","type":"page","link":"https:\/\/prodam-iphone.com\/it\/colophon\/","title":{"rendered":"Colofone"},"content":{"rendered":"<p><strong>Condizioni generali<\/strong><\/p>\n\n\n\n<p>Abbiamo preparato noi stessi i siti web insieme al fornitore di servizi online.<\/p>\n\n\n\n<p><strong>Scopo delle pagine web<\/strong><br>Le informazioni sul sito web hanno carattere di presentazione nel campo delle attivit\u00e0 di base per le quali siamo registrati. Ci impegniamo a garantire che le informazioni sul sito web siano vere, affidabili e di alta qualit\u00e0.<br>Non siamo responsabili per eventuali errori tipografici, ci riserviamo il diritto di modificare il contenuto in qualsiasi momento e senza preavviso se non \u00e8 conforme alla nostra politica aziendale.<\/p>\n\n\n\n<p><strong>Diritto d&#039;uso<\/strong><br>Il sito web e tutti i suoi contenuti sono protetti dai diritti di propriet\u00e0 industriale e intellettuale. \u00c8 possibile utilizzare qualsiasi informazione, testo, immagine o altro elemento grafico trovato su questo sito Web esclusivamente per uso personale e non commerciale e non \u00e8 consentito, in tutto o in parte, riprodurre, modificare, distribuire, concedere in licenza o rilasciare in qualsiasi forma pubblicazioni per qualsiasi scopo, eccetto la visualizzazione, senza la previa autorizzazione scritta dell&#039;amministratore.<\/p>\n\n\n\n<p><strong>Assumersi la responsabilit\u00e0<\/strong><br>Quando progettiamo il sito web, cerchiamo di garantire che le informazioni siano aggiornate e accurate. Non garantiamo la loro accuratezza e completezza e non ci assumiamo alcuna responsabilit\u00e0 derivante dal loro utilizzo. Tutti gli utenti utilizzano i contenuti pubblicati a proprio rischio.<br>Ci riserviamo il diritto di modificare il contenuto dei nostri siti web in qualsiasi momento, in qualsiasi modo, per qualsiasi motivo e senza preavviso.<\/p>\n\n\n\n<p><strong>Implementazione tecnologica<\/strong><br>L&#039;implementazione tecnologica \u00e8 stata fornita da un&#039;agenzia di programmazione e design in collaborazione con la nostra azienda.<\/p>\n\n\n\n<p>Nome azienda: Iphone in vendita<br>Indirizzo: Trg Celjske knezov 1, 3000 Celje<br>E-mail: info@prodam-iphone.com<br>Sito web: https:\/\/prodam-iphone.com<\/p>\n\n\n\n<p>Celje, 30\/09\/2024<\/p>","protected":false},"excerpt":{"rendered":"<p>Splo\u0161ni pogoji Spletne strani smo pripravili sami skupaj z izvajalcem spletnih storitev. Namen spletnih straniPodatki na spletni strani so predstavitvene narave s podro\u010dja osnovne dejavnosti za katere smo registrirani. Zavezujemo se, da so podatki na spletnem mestu resni\u010dni, zanesljivi in kakovostni.Ne odgovarjamo za morebitne tipkarske napake, pridr\u017eujemo si pravico, da kadarkoli in brez predhodnega obvestila [&hellip;]<\/p>","protected":false},"author":1,"featured_media":0,"parent":0,"menu_order":0,"comment_status":"closed","ping_status":"open","template":"","meta":{"_seopress_robots_primary_cat":"","_seopress_titles_title":"Kolofon","_seopress_titles_desc":"Spletne strani smo pripravili sami skupaj z izvajalcem spletnih storitev.","_seopress_robots_index":"","ocean_post_layout":"","ocean_both_sidebars_style":"","ocean_both_sidebars_content_width":0,"ocean_both_sidebars_sidebars_width":0,"ocean_sidebar":"","ocean_second_sidebar":"","ocean_disable_margins":"enable","ocean_add_body_class":"","ocean_shortcode_before_top_bar":"","ocean_shortcode_after_top_bar":"","ocean_shortcode_before_header":"","ocean_shortcode_after_header":"","ocean_has_shortcode":"","ocean_shortcode_after_title":"","ocean_shortcode_before_footer_widgets":"","ocean_shortcode_after_footer_widgets":"","ocean_shortcode_before_footer_bottom":"","ocean_shortcode_after_footer_bottom":"","ocean_display_top_bar":"default","ocean_display_header":"default","ocean_header_style":"","ocean_center_header_left_menu":"","ocean_custom_header_template":"","ocean_custom_logo":0,"ocean_custom_retina_logo":0,"ocean_custom_logo_max_width":0,"ocean_custom_logo_tablet_max_width":0,"ocean_custom_logo_mobile_max_width":0,"ocean_custom_logo_max_height":0,"ocean_custom_logo_tablet_max_height":0,"ocean_custom_logo_mobile_max_height":0,"ocean_header_custom_menu":"","ocean_menu_typo_font_family":"","ocean_menu_typo_font_subset":"","ocean_menu_typo_font_size":0,"ocean_menu_typo_font_size_tablet":0,"ocean_menu_typo_font_size_mobile":0,"ocean_menu_typo_font_size_unit":"px","ocean_menu_typo_font_weight":"","ocean_menu_typo_font_weight_tablet":"","ocean_menu_typo_font_weight_mobile":"","ocean_menu_typo_transform":"","ocean_menu_typo_transform_tablet":"","ocean_menu_typo_transform_mobile":"","ocean_menu_typo_line_height":0,"ocean_menu_typo_line_height_tablet":0,"ocean_menu_typo_line_height_mobile":0,"ocean_menu_typo_line_height_unit":"","ocean_menu_typo_spacing":0,"ocean_menu_typo_spacing_tablet":0,"ocean_menu_typo_spacing_mobile":0,"ocean_menu_typo_spacing_unit":"","ocean_menu_link_color":"","ocean_menu_link_color_hover":"","ocean_menu_link_color_active":"","ocean_menu_link_background":"","ocean_menu_link_hover_background":"","ocean_menu_link_active_background":"","ocean_menu_social_links_bg":"","ocean_menu_social_hover_links_bg":"","ocean_menu_social_links_color":"","ocean_menu_social_hover_links_color":"","ocean_disable_title":"default","ocean_disable_heading":"default","ocean_post_title":"","ocean_post_subheading":"","ocean_post_title_style":"","ocean_post_title_background_color":"","ocean_post_title_background":0,"ocean_post_title_bg_image_position":"","ocean_post_title_bg_image_attachment":"","ocean_post_title_bg_image_repeat":"","ocean_post_title_bg_image_size":"","ocean_post_title_height":0,"ocean_post_title_bg_overlay":0.5,"ocean_post_title_bg_overlay_color":"","ocean_disable_breadcrumbs":"default","ocean_breadcrumbs_color":"","ocean_breadcrumbs_separator_color":"","ocean_breadcrumbs_links_color":"","ocean_breadcrumbs_links_hover_color":"","ocean_display_footer_widgets":"default","ocean_display_footer_bottom":"default","ocean_custom_footer_template":""},"_links":{"self":[{"href":"https:\/\/prodam-iphone.com\/it\/wp-json\/wp\/v2\/pages\/1677"}],"collection":[{"href":"https:\/\/prodam-iphone.com\/it\/wp-json\/wp\/v2\/pages"}],"about":[{"href":"https:\/\/prodam-iphone.com\/it\/wp-json\/wp\/v2\/types\/page"}],"author":[{"embeddable":true,"href":"https:\/\/prodam-iphone.com\/it\/wp-json\/wp\/v2\/users\/1"}],"replies":[{"embeddable":true,"href":"https:\/\/prodam-iphone.com\/it\/wp-json\/wp\/v2\/comments?post=1677"}],"version-history":[{"count":1,"href":"https:\/\/prodam-iphone.com\/it\/wp-json\/wp\/v2\/pages\/1677\/revisions"}],"predecessor-version":[{"id":1678,"href":"https:\/\/prodam-iphone.com\/it\/wp-json\/wp\/v2\/pages\/1677\/revisions\/1678"}],"wp:attachment":[{"href":"https:\/\/prodam-iphone.com\/it\/wp-json\/wp\/v2\/media?parent=1677"}],"curies":[{"name":"wp","href":"https:\/\/api.w.org\/{rel}","templated":true}]}}