{"id":3,"date":"2024-09-08T19:56:42","date_gmt":"2024-09-08T18:56:42","guid":{"rendered":"https:\/\/prodam-iphone.com\/?page_id=3"},"modified":"2024-10-17T19:24:58","modified_gmt":"2024-10-17T18:24:58","slug":"pravilnik-o-zasebnosti","status":"publish","type":"page","link":"https:\/\/prodam-iphone.com\/hu\/adatvedelmi-szabalyzat\/","title":{"rendered":"Adatv\u00e9delmi szab\u00e1lyzat"},"content":{"rendered":"<h2 class=\"wp-block-heading\">Mag\u00e1n\u00e9let<\/h2>\n\n\n\n<ol>\n<li><strong>MIRE VAN SZ\u00dcKS\u00c9G\u00dcNK<\/strong><\/li>\n<\/ol>\n\n\n\n<p>Adatv\u00e9delmi szab\u00e1lyzatunk szab\u00e1lyozza az adatok felhaszn\u00e1l\u00e1s\u00e1t \u00e9s t\u00e1rol\u00e1s\u00e1t. A szem\u00e9lyes adatok v\u00e9delm\u00e9re vonatkoz\u00f3 t\u00e1j\u00e9koztat\u00f3t az Adatv\u00e9delmi nyilatkozat oldalon tekintheti meg (mell\u00e9klet lent). Elad\u00f3 Iphone, Trg Celjske knezov 1, 3000 Celje az \u00e1ltala megadott szem\u00e9lyes adatok kezel\u0151je (\u00e9rintett: \u00d6n, v\u00e1s\u00e1rl\u00f3, l\u00e1togat\u00f3 stb.). A k\u00f6vetkez\u0151 t\u00edpus\u00fa szem\u00e9lyes adatokat gy\u0171jtj\u00fck:<\/p>\n\n\n\n<ul>\n<li>E-mail c\u00edm;<\/li>\n\n\n\n<li>N\u00e9v \u00e9s vezet\u00e9kn\u00e9v, c\u00edm, e-mail c\u00edm \u00e9s telefonsz\u00e1m;<\/li>\n\n\n\n<li>Fizet\u00e9si m\u00f3dokra vonatkoz\u00f3 inform\u00e1ci\u00f3k, p\u00e9ld\u00e1ul hitel- vagy fizet\u00e9si k\u00e1rtya adatok, Paypal \u00e9s egy\u00e9b fizet\u00e9si m\u00f3dok;<\/li>\n\n\n\n<li>Szem\u00e9lyes dokumentumok m\u00e1solatai, amelyek meger\u0151s\u00edtik a szem\u00e9lyes adatok pontoss\u00e1g\u00e1t;<\/li>\n\n\n\n<li>Cookie-k;<\/li>\n\n\n\n<li>Google Analytics, valamint Yandex \u00e9s Cloudflare l\u00e1togat\u00e1sk\u00f6vet\u00e9s;<\/li>\n\n\n\n<li>Linkek a k\u00f6z\u00f6ss\u00e9gi csoportok szem\u00e9lyes profiljaihoz.<\/li>\n<\/ul>\n\n\n\n<p>Minden t\u00edpus\u00fa szem\u00e9lyes adatot sz\u00fcks\u00e9g alapj\u00e1n \u00e9s k\u00fcl\u00f6n hozz\u00e1j\u00e1rul\u00e1ssal szerez\u00fcnk be.<\/p>\n\n\n\n<ol start=\"2\">\n<li><strong>MI\u00c9RT SZ\u00dcKS\u00c9G\u00dcNK R\u00c1K<\/strong><\/li>\n<\/ol>\n\n\n\n<p>Szem\u00e9lyes adataira az al\u00e1bbi szolg\u00e1ltat\u00e1sokhoz van sz\u00fcks\u00e9g\u00fcnk:<\/p>\n\n\n\n<ol>\n<li>E-mail c\u00edm az \u00d6n e-mail \u00fczeneteire vagy kapcsolatfelv\u00e9teli \u0171rlapokon kereszt\u00fcl k\u00fcld\u00f6tt \u00fczeneteire val\u00f3 megv\u00e1laszol\u00e1s\u00e1hoz;<\/li>\n\n\n\n<li>E-mail c\u00edm aj\u00e1nlatok \u00e9s e-h\u00edrek k\u00fcld\u00e9s\u00e9hez;<\/li>\n\n\n\n<li>N\u00e9v \u00e9s vezet\u00e9kn\u00e9v, c\u00edm, e-mail c\u00edm \u00e9s telefonsz\u00e1m foglal\u00e1sok fogad\u00e1s\u00e1ra, megkeres\u00e9sekre \u00e9s aj\u00e1nlatok k\u00fcld\u00e9s\u00e9re, vagy egy\u00e9b k\u00e9r\u00e9sei teljes\u00edt\u00e9s\u00e9vel kapcsolatban;<\/li>\n\n\n\n<li>N\u00e9v \u00e9s vezet\u00e9kn\u00e9v, c\u00edm, e-mail c\u00edm \u00e9s telefonsz\u00e1m aj\u00e1nd\u00e9kutalv\u00e1nyok, utalv\u00e1nyok vagy aj\u00e1nlatunkhoz kapcsol\u00f3d\u00f3 szolg\u00e1ltat\u00e1sok \u00e9s t\u00e1rgyak v\u00e1s\u00e1rl\u00e1s\u00e1hoz;<\/li>\n\n\n\n<li>Fizet\u00e9si eszk\u00f6z\u00f6kre vonatkoz\u00f3 adatok \u00e9s a szolg\u00e1ltat\u00e1sok ny\u00fajt\u00e1s\u00e1hoz sz\u00fcks\u00e9ges szem\u00e9lyes okm\u00e1nyok m\u00e1solatai;<\/li>\n\n\n\n<li>E-mail c\u00edm automatiz\u00e1lt marketinghez (foglal\u00e1s meger\u0151s\u00edt\u00e9se, regisztr\u00e1ci\u00f3k k\u00f6sz\u00f6nete stb.);<\/li>\n\n\n\n<li>Cookie-k a weboldal m\u0171k\u00f6dtet\u00e9s\u00e9hez;<\/li>\n\n\n\n<li>Kommunik\u00e1ci\u00f3 k\u00f6z\u00f6ss\u00e9gi csoportokon kereszt\u00fcl olyan szem\u00e9lyes profilokkal, amelyek meger\u0151s\u00edtik a vel\u00fcnk val\u00f3 kapcsolatot;<\/li>\n\n\n\n<li>N\u00e9v \u00e9s vezet\u00e9kn\u00e9v, c\u00edm, e-mail c\u00edm \u00e9s telefonsz\u00e1m alkalmi nyerem\u00e9nyj\u00e1t\u00e9kokhoz vagy egy\u00e9b prom\u00f3ci\u00f3s kamp\u00e1nyokhoz az \u00d6n el\u0151zetes enged\u00e9ly\u00e9vel;<\/li>\n\n\n\n<li>A Google Analytics vagy a Yandex Direct \u00e9s a Cloudflare \u00f6sszes\u00edtett adatai a l\u00e1togat\u00e1sok nyomon k\u00f6vet\u00e9s\u00e9hez \u00e9s a bels\u0151 elemz\u00e9sekhez, amelyekkel jav\u00edtani fogjuk a tartalmat.<\/li>\n<\/ol>\n\n\n\n<ol>\n<li><strong>MIT TEGY\u00dcNK SZEM\u00c9LYES ADATOKKAL<\/strong><\/li>\n<\/ol>\n\n\n\n<p>Szem\u00e9lyes adatait a Prodam Iphone, Trg celjske knezov 1, 3000 Celje c\u00edmen dolgozzuk fel, amely Szlov\u00e9ni\u00e1ban tal\u00e1lhat\u00f3. A t\u00e1rhely \u00e9s az adatt\u00e1rol\u00e1s a https:\/\/prodam-iphone.com oldalon t\u00f6rt\u00e9nik, amely az Eur\u00f3pai Uni\u00f3 orsz\u00e1gaiban (N\u00e9metorsz\u00e1g) tal\u00e1lhat\u00f3.<\/p>\n\n\n\n<p>Egyetlen harmadik f\u00e9l szolg\u00e1ltat\u00f3 sem f\u00e9rhet hozz\u00e1 az \u00d6n adataihoz, kiv\u00e9ve, ha azt t\u00f6rv\u00e9ny \u00edrja el\u0151.<\/p>\n\n\n\n<ol start=\"4\">\n<li><strong>Meddig TARTUNK AZOKAT<\/strong><\/li>\n<\/ol>\n\n\n\n<p>Weboldalunkon \u00e1lland\u00f3 s\u00fctiket haszn\u00e1lunk a k\u00f6z\u00f6ss\u00e9gi szolg\u00e1ltat\u00e1sokra \u00e9s m\u00e1s \u201emegoszt\u00f3\u201d szolg\u00e1ltat\u00f3kra mutat\u00f3 hivatkoz\u00e1sokhoz, valamint olyan cookie-kat, amelyek seg\u00edts\u00e9g\u00e9vel \u00fajra \u00e9s \u00fajra megtal\u00e1lhatja webhely\u00fcnk legn\u00e9pszer\u0171bb tartalm\u00e1t.<\/p>\n\n\n\n<ol start=\"5\">\n<li><strong>MILYEN JOGAI VAN<\/strong><\/li>\n<\/ol>\n\n\n\n<p>Ha \u00fagy gondolja, hogy az \u00d6nr\u0151l t\u00e1rolt szem\u00e9lyes adatok helytelenek vagy hi\u00e1nyosak, lehet\u0151s\u00e9ge van arra, hogy k\u00e9relmet k\u00fcldj\u00f6n az adatok fel\u00fclvizsg\u00e1lat\u00e1ra, jav\u00edt\u00e1s\u00e1ra vagy t\u00f6rl\u00e9s\u00e9re. L\u00e9pjen kapcsolatba vel\u00fcnk (Adat-hozz\u00e1f\u00e9r\u00e9si k\u00e9relem \u0171rlap). Ha panaszt szeretne tenni azzal kapcsolatban, hogy szem\u00e9lyes adatait hogyan kezelt\u00fck, k\u00e9rj\u00fck, forduljon az adatv\u00e9delemre jogosult szem\u00e9lyhez ill Adatv\u00e9delmi kapcsolattart\u00f3 szem\u00e9ly (DPC, adatv\u00e9delmi kapcsolattart\u00f3) az info@prodam-iphone.com e-mail c\u00edmen vagy \u00edr\u00e1sban a Prodam Iphone, Trg celjskih knezov 1, 3000 Celje c\u00edmen.<\/p>\n\n\n\n<p>DPC-nk ezt k\u00f6vet\u0151en megvizsg\u00e1lja panasz\u00e1t, \u00e9s t\u00e1j\u00e9koztatja \u00d6nt az \u00fcgy megold\u00e1s\u00e1r\u00f3l. Ha tov\u00e1bbra is \u00fagy gondolja, hogy szem\u00e9lyes adatait nem megfelel\u0151en, a jogszab\u00e1lyoknak megfelel\u0151en kezelt\u00e9k, fordulhat az inform\u00e1ci\u00f3s biztoshoz, \u00e9s panaszt tehet n\u00e1la. Az adatv\u00e9delemmel kapcsolatos szab\u00e1lyzatokhoz \u00e9s dokumentumokhoz az Adatv\u00e9delmi nyilatkozat oldalon tal\u00e1lhat\u00f3 speci\u00e1lis \u0171rlap seg\u00edts\u00e9g\u00e9vel k\u00e9rhet hozz\u00e1f\u00e9r\u00e9st.<\/p>\n\n\n\n<p><strong>Kapcsol\u00f3d\u00f3 dokumentumok:<\/strong><\/p>\n\n\n\n<ul>\n<li>Szem\u00e9lyes adatok v\u00e9delm\u00e9re vonatkoz\u00f3 szab\u00e1lyzat<\/li>\n\n\n\n<li>Szem\u00e9lyes adatok t\u00e1rol\u00e1si szab\u00e1lyzata (k\u00e9r\u00e9sre e-mailben vagy szem\u00e9lyesen)<\/li>\n\n\n\n<li>Szem\u00e9lyes adatok t\u00e1rol\u00e1si \u00fctemez\u00e9se (k\u00e9r\u00e9sre e-mailben vagy szem\u00e9lyesen)<\/li>\n\n\n\n<li>Adatv\u00e9delmi nyilatkozat<\/li>\n\n\n\n<li>\u00c1ltal\u00e1nos felt\u00e9telek<\/li>\n\n\n\n<li>Hozz\u00e1j\u00e1rul\u00e1si \u0171rlap<\/li>\n\n\n\n<li>A beleegyez\u0151 nyilatkozat visszavon\u00e1sa<\/li>\n<\/ul>\n\n\n\n<p>Celje, 2024.09.30., Ver. Dokumentumok: 1.0<\/p>","protected":false},"excerpt":{"rendered":"<p>Adatv\u00e9delem Szem\u00e9lyes adatv\u00e9delmi szab\u00e1lyzatunk szab\u00e1lyozza az adatok felhaszn\u00e1l\u00e1s\u00e1t \u00e9s t\u00e1rol\u00e1s\u00e1t. A szem\u00e9lyes adatv\u00e9delmi szab\u00e1lyzatot az Adatv\u00e9delmi nyilatkozat oldalon tekintheti meg (mell\u00e9klet lent). A Prodam Iphone, Trg celjskih knezov 1, 3000 Celje az \u00d6n \u00e1ltal megadott szem\u00e9lyes adatok kezel\u0151je (\u00e9rintett: \u00d6n, \u00fcgyf\u00e9l, l\u00e1togat\u00f3 stb.). A k\u00f6vetkez\u0151 t\u00edpus\u00fa szem\u00e9lyes adatokat gy\u0171jtj\u00fck: Minden szem\u00e9lyes adat [\u2026]<\/p>","protected":false},"author":1,"featured_media":0,"parent":0,"menu_order":0,"comment_status":"closed","ping_status":"open","template":"","meta":{"_seopress_robots_primary_cat":"","_seopress_titles_title":"Pravilnik o zasebnosti za odkup mobilnih telefonov","_seopress_titles_desc":"Na\u0161a politika varovanja osebnih podatkov ureja uporabo in shranjevanje podatkov.","_seopress_robots_index":"","ocean_post_layout":"","ocean_both_sidebars_style":"","ocean_both_sidebars_content_width":0,"ocean_both_sidebars_sidebars_width":0,"ocean_sidebar":"","ocean_second_sidebar":"","ocean_disable_margins":"enable","ocean_add_body_class":"","ocean_shortcode_before_top_bar":"","ocean_shortcode_after_top_bar":"","ocean_shortcode_before_header":"","ocean_shortcode_after_header":"","ocean_has_shortcode":"","ocean_shortcode_after_title":"","ocean_shortcode_before_footer_widgets":"","ocean_shortcode_after_footer_widgets":"","ocean_shortcode_before_footer_bottom":"","ocean_shortcode_after_footer_bottom":"","ocean_display_top_bar":"default","ocean_display_header":"default","ocean_header_style":"","ocean_center_header_left_menu":"","ocean_custom_header_template":"","ocean_custom_logo":0,"ocean_custom_retina_logo":0,"ocean_custom_logo_max_width":0,"ocean_custom_logo_tablet_max_width":0,"ocean_custom_logo_mobile_max_width":0,"ocean_custom_logo_max_height":0,"ocean_custom_logo_tablet_max_height":0,"ocean_custom_logo_mobile_max_height":0,"ocean_header_custom_menu":"","ocean_menu_typo_font_family":"","ocean_menu_typo_font_subset":"","ocean_menu_typo_font_size":0,"ocean_menu_typo_font_size_tablet":0,"ocean_menu_typo_font_size_mobile":0,"ocean_menu_typo_font_size_unit":"px","ocean_menu_typo_font_weight":"","ocean_menu_typo_font_weight_tablet":"","ocean_menu_typo_font_weight_mobile":"","ocean_menu_typo_transform":"","ocean_menu_typo_transform_tablet":"","ocean_menu_typo_transform_mobile":"","ocean_menu_typo_line_height":0,"ocean_menu_typo_line_height_tablet":0,"ocean_menu_typo_line_height_mobile":0,"ocean_menu_typo_line_height_unit":"","ocean_menu_typo_spacing":0,"ocean_menu_typo_spacing_tablet":0,"ocean_menu_typo_spacing_mobile":0,"ocean_menu_typo_spacing_unit":"","ocean_menu_link_color":"","ocean_menu_link_color_hover":"","ocean_menu_link_color_active":"","ocean_menu_link_background":"","ocean_menu_link_hover_background":"","ocean_menu_link_active_background":"","ocean_menu_social_links_bg":"","ocean_menu_social_hover_links_bg":"","ocean_menu_social_links_color":"","ocean_menu_social_hover_links_color":"","ocean_disable_title":"default","ocean_disable_heading":"default","ocean_post_title":"","ocean_post_subheading":"","ocean_post_title_style":"","ocean_post_title_background_color":"","ocean_post_title_background":0,"ocean_post_title_bg_image_position":"","ocean_post_title_bg_image_attachment":"","ocean_post_title_bg_image_repeat":"","ocean_post_title_bg_image_size":"","ocean_post_title_height":0,"ocean_post_title_bg_overlay":0.5,"ocean_post_title_bg_overlay_color":"","ocean_disable_breadcrumbs":"default","ocean_breadcrumbs_color":"","ocean_breadcrumbs_separator_color":"","ocean_breadcrumbs_links_color":"","ocean_breadcrumbs_links_hover_color":"","ocean_display_footer_widgets":"default","ocean_display_footer_bottom":"default","ocean_custom_footer_template":""},"_links":{"self":[{"href":"https:\/\/prodam-iphone.com\/hu\/wp-json\/wp\/v2\/pages\/3"}],"collection":[{"href":"https:\/\/prodam-iphone.com\/hu\/wp-json\/wp\/v2\/pages"}],"about":[{"href":"https:\/\/prodam-iphone.com\/hu\/wp-json\/wp\/v2\/types\/page"}],"author":[{"embeddable":true,"href":"https:\/\/prodam-iphone.com\/hu\/wp-json\/wp\/v2\/users\/1"}],"replies":[{"embeddable":true,"href":"https:\/\/prodam-iphone.com\/hu\/wp-json\/wp\/v2\/comments?post=3"}],"version-history":[{"count":2,"href":"https:\/\/prodam-iphone.com\/hu\/wp-json\/wp\/v2\/pages\/3\/revisions"}],"predecessor-version":[{"id":1622,"href":"https:\/\/prodam-iphone.com\/hu\/wp-json\/wp\/v2\/pages\/3\/revisions\/1622"}],"wp:attachment":[{"href":"https:\/\/prodam-iphone.com\/hu\/wp-json\/wp\/v2\/media?parent=3"}],"curies":[{"name":"wp","href":"https:\/\/api.w.org\/{rel}","templated":true}]}}