{"id":1677,"date":"2024-10-27T00:00:27","date_gmt":"2024-10-26T23:00:27","guid":{"rendered":"https:\/\/prodam-iphone.com\/?page_id=1677"},"modified":"2024-10-27T00:00:27","modified_gmt":"2024-10-26T23:00:27","slug":"kolofon","status":"publish","type":"page","link":"https:\/\/prodam-iphone.com\/hu\/zaradek\/","title":{"rendered":"Z\u00e1rad\u00e9k"},"content":{"rendered":"<p><strong>\u00c1ltal\u00e1nos felt\u00e9telek<\/strong><\/p>\n\n\n\n<p>A weboldalakat az online szolg\u00e1ltat\u00f3val k\u00f6z\u00f6sen k\u00e9sz\u00edtett\u00fck el.<\/p>\n\n\n\n<p><strong>A weboldalak c\u00e9lja<\/strong><br>A weboldalon tal\u00e1lhat\u00f3 inform\u00e1ci\u00f3k prezent\u00e1ci\u00f3s jelleg\u0171ek azon alaptev\u00e9kenys\u00e9gi ter\u00fcleten, amelyre regisztr\u00e1lva vagyunk. V\u00e1llaljuk, hogy a weboldalon tal\u00e1lhat\u00f3 inform\u00e1ci\u00f3k val\u00f3sak, megb\u00edzhat\u00f3ak \u00e9s min\u0151s\u00e9giek legyenek.<br>Nem v\u00e1llalunk felel\u0151ss\u00e9get az esetleges nyomdahib\u00e1k\u00e9rt, fenntartjuk a jogot, hogy a tartalmat b\u00e1rmikor \u00e9s el\u0151zetes \u00e9rtes\u00edt\u00e9s n\u00e9lk\u00fcl megv\u00e1ltoztassuk, ha az nem felel meg v\u00e1llalati szab\u00e1lyzatunknak.<\/p>\n\n\n\n<p><strong>Haszn\u00e1lati jog<\/strong><br>A weboldalt \u00e9s annak minden tartalm\u00e1t ipari \u00e9s szellemi tulajdonjogok v\u00e9dik. Az ezen a weboldalon tal\u00e1lhat\u00f3 inform\u00e1ci\u00f3kat, sz\u00f6vegeket, k\u00e9peket vagy egy\u00e9b grafikai elemeket kiz\u00e1r\u00f3lag szem\u00e9lyes, nem kereskedelmi c\u00e9lra haszn\u00e1lhatja fel, \u00e9s nem reproduk\u00e1lhat, r\u00e9szben vagy eg\u00e9szben nem reproduk\u00e1lhat, m\u00f3dos\u00edthat, terjeszthet, licencelhet vagy kiadhat semmilyen form\u00e1ban a kiadv\u00e1nyokat b\u00e1rmilyen c\u00e9lra, kiv\u00e9ve a megtekint\u00e9st, az adminisztr\u00e1tor el\u0151zetes \u00edr\u00e1sbeli enged\u00e9lye n\u00e9lk\u00fcl.<\/p>\n\n\n\n<p><strong>Felel\u0151ss\u00e9gv\u00e1llal\u00e1s<\/strong><br>A weboldal kialak\u00edt\u00e1s\u00e1n\u00e1l t\u00f6reksz\u00fcnk arra, hogy az inform\u00e1ci\u00f3k naprak\u00e9szek \u00e9s pontosak legyenek. Nem garant\u00e1ljuk azok pontoss\u00e1g\u00e1t \u00e9s teljess\u00e9g\u00e9t, \u00e9s nem v\u00e1llalunk semmilyen felel\u0151ss\u00e9get a haszn\u00e1latukb\u00f3l. Minden felhaszn\u00e1l\u00f3 saj\u00e1t felel\u0151ss\u00e9g\u00e9re haszn\u00e1lja a k\u00f6zz\u00e9tett tartalmat.<br>Fenntartjuk a jogot, hogy weboldalaink tartalm\u00e1t b\u00e1rmikor, b\u00e1rmilyen m\u00f3don, b\u00e1rmilyen okb\u00f3l \u00e9s el\u0151zetes figyelmeztet\u00e9s n\u00e9lk\u00fcl megv\u00e1ltoztassuk.<\/p>\n\n\n\n<p><strong>Technol\u00f3giai megval\u00f3s\u00edt\u00e1s<\/strong><br>A technol\u00f3giai megval\u00f3s\u00edt\u00e1st programoz\u00f3 \u00e9s tervez\u0151 iroda biztos\u00edtotta c\u00e9g\u00fcnkkel egy\u00fcttm\u0171k\u00f6dve.<\/p>\n\n\n\n<p>C\u00e9gn\u00e9v: Iphone elad\u00f3<br>C\u00edm: Trg Celjske knezov 1, 3000 Celje<br>E-mail: info@prodam-iphone.com<br>Weboldal: https:\/\/prodam-iphone.com<\/p>\n\n\n\n<p>Celje, 2024.09.30<\/p>","protected":false},"excerpt":{"rendered":"<p>\u00c1ltal\u00e1nos Szerz\u0151d\u00e9si Felt\u00e9telek A weboldalt az online szolg\u00e1ltat\u00f3val egy\u00fcttm\u0171k\u00f6dve k\u00e9sz\u00edtett\u00fck el. A weboldal c\u00e9lja A weboldalon tal\u00e1lhat\u00f3 inform\u00e1ci\u00f3k prezent\u00e1ci\u00f3s jelleg\u0171ek az alaptev\u00e9kenys\u00e9g\u00fcnk ter\u00fclet\u00e9n, amelyre regisztr\u00e1ltunk. V\u00e1llaljuk, hogy a weboldalon tal\u00e1lhat\u00f3 inform\u00e1ci\u00f3k igazak, megb\u00edzhat\u00f3ak \u00e9s kiv\u00e1l\u00f3 min\u0151s\u00e9g\u0171ek. Nem v\u00e1llalunk felel\u0151ss\u00e9get az esetleges tipogr\u00e1fiai hib\u00e1k\u00e9rt, fenntartjuk a jogot, hogy az inform\u00e1ci\u00f3kat b\u00e1rmikor, el\u0151zetes \u00e9rtes\u00edt\u00e9s n\u00e9lk\u00fcl megv\u00e1ltoztassuk [\u2026]<\/p>","protected":false},"author":1,"featured_media":0,"parent":0,"menu_order":0,"comment_status":"closed","ping_status":"open","template":"","meta":{"_seopress_robots_primary_cat":"","_seopress_titles_title":"Kolofon","_seopress_titles_desc":"Spletne strani smo pripravili sami skupaj z izvajalcem spletnih storitev.","_seopress_robots_index":"","ocean_post_layout":"","ocean_both_sidebars_style":"","ocean_both_sidebars_content_width":0,"ocean_both_sidebars_sidebars_width":0,"ocean_sidebar":"","ocean_second_sidebar":"","ocean_disable_margins":"enable","ocean_add_body_class":"","ocean_shortcode_before_top_bar":"","ocean_shortcode_after_top_bar":"","ocean_shortcode_before_header":"","ocean_shortcode_after_header":"","ocean_has_shortcode":"","ocean_shortcode_after_title":"","ocean_shortcode_before_footer_widgets":"","ocean_shortcode_after_footer_widgets":"","ocean_shortcode_before_footer_bottom":"","ocean_shortcode_after_footer_bottom":"","ocean_display_top_bar":"default","ocean_display_header":"default","ocean_header_style":"","ocean_center_header_left_menu":"","ocean_custom_header_template":"","ocean_custom_logo":0,"ocean_custom_retina_logo":0,"ocean_custom_logo_max_width":0,"ocean_custom_logo_tablet_max_width":0,"ocean_custom_logo_mobile_max_width":0,"ocean_custom_logo_max_height":0,"ocean_custom_logo_tablet_max_height":0,"ocean_custom_logo_mobile_max_height":0,"ocean_header_custom_menu":"","ocean_menu_typo_font_family":"","ocean_menu_typo_font_subset":"","ocean_menu_typo_font_size":0,"ocean_menu_typo_font_size_tablet":0,"ocean_menu_typo_font_size_mobile":0,"ocean_menu_typo_font_size_unit":"px","ocean_menu_typo_font_weight":"","ocean_menu_typo_font_weight_tablet":"","ocean_menu_typo_font_weight_mobile":"","ocean_menu_typo_transform":"","ocean_menu_typo_transform_tablet":"","ocean_menu_typo_transform_mobile":"","ocean_menu_typo_line_height":0,"ocean_menu_typo_line_height_tablet":0,"ocean_menu_typo_line_height_mobile":0,"ocean_menu_typo_line_height_unit":"","ocean_menu_typo_spacing":0,"ocean_menu_typo_spacing_tablet":0,"ocean_menu_typo_spacing_mobile":0,"ocean_menu_typo_spacing_unit":"","ocean_menu_link_color":"","ocean_menu_link_color_hover":"","ocean_menu_link_color_active":"","ocean_menu_link_background":"","ocean_menu_link_hover_background":"","ocean_menu_link_active_background":"","ocean_menu_social_links_bg":"","ocean_menu_social_hover_links_bg":"","ocean_menu_social_links_color":"","ocean_menu_social_hover_links_color":"","ocean_disable_title":"default","ocean_disable_heading":"default","ocean_post_title":"","ocean_post_subheading":"","ocean_post_title_style":"","ocean_post_title_background_color":"","ocean_post_title_background":0,"ocean_post_title_bg_image_position":"","ocean_post_title_bg_image_attachment":"","ocean_post_title_bg_image_repeat":"","ocean_post_title_bg_image_size":"","ocean_post_title_height":0,"ocean_post_title_bg_overlay":0.5,"ocean_post_title_bg_overlay_color":"","ocean_disable_breadcrumbs":"default","ocean_breadcrumbs_color":"","ocean_breadcrumbs_separator_color":"","ocean_breadcrumbs_links_color":"","ocean_breadcrumbs_links_hover_color":"","ocean_display_footer_widgets":"default","ocean_display_footer_bottom":"default","ocean_custom_footer_template":""},"_links":{"self":[{"href":"https:\/\/prodam-iphone.com\/hu\/wp-json\/wp\/v2\/pages\/1677"}],"collection":[{"href":"https:\/\/prodam-iphone.com\/hu\/wp-json\/wp\/v2\/pages"}],"about":[{"href":"https:\/\/prodam-iphone.com\/hu\/wp-json\/wp\/v2\/types\/page"}],"author":[{"embeddable":true,"href":"https:\/\/prodam-iphone.com\/hu\/wp-json\/wp\/v2\/users\/1"}],"replies":[{"embeddable":true,"href":"https:\/\/prodam-iphone.com\/hu\/wp-json\/wp\/v2\/comments?post=1677"}],"version-history":[{"count":1,"href":"https:\/\/prodam-iphone.com\/hu\/wp-json\/wp\/v2\/pages\/1677\/revisions"}],"predecessor-version":[{"id":1678,"href":"https:\/\/prodam-iphone.com\/hu\/wp-json\/wp\/v2\/pages\/1677\/revisions\/1678"}],"wp:attachment":[{"href":"https:\/\/prodam-iphone.com\/hu\/wp-json\/wp\/v2\/media?parent=1677"}],"curies":[{"name":"wp","href":"https:\/\/api.w.org\/{rel}","templated":true}]}}