{"id":1675,"date":"2024-10-26T23:59:25","date_gmt":"2024-10-26T22:59:25","guid":{"rendered":"https:\/\/prodam-iphone.com\/?page_id=1675"},"modified":"2024-10-26T23:59:26","modified_gmt":"2024-10-26T22:59:26","slug":"politika-piskotkov","status":"publish","type":"page","link":"https:\/\/prodam-iphone.com\/hu\/cookie-szabalyzat\/","title":{"rendered":"Cookie-szab\u00e1lyzat"},"content":{"rendered":"<p><strong>S\u00dcTIK<\/strong><\/p>\n\n\n\n<p>A weboldal cookie-kat haszn\u00e1l. A https:\/\/prodam-iphone.com oldal el\u00e9r\u00e9s\u00e9vel \u00d6n hozz\u00e1j\u00e1rult a cookie-k haszn\u00e1lat\u00e1hoz a v\u00e1llalattal egyet\u00e9rt\u00e9sben.<br>Elad\u00f3 Iphone, Trg Celjske knezov 1, 3000 Celje \u00e9s adatv\u00e9delmi szab\u00e1lyzat a weboldalon. A legt\u00f6bb interakt\u00edv webhely s\u00fctiket haszn\u00e1l, amelyek lehet\u0151v\u00e9 teszik sz\u00e1munkra, hogy minden egyes l\u00e1togat\u00e1shoz lek\u00e9rj\u00fck a felhaszn\u00e1l\u00f3i adatokat. Weboldalunkon s\u00fctiket (cookie-kat) haszn\u00e1lunk, hogy lehet\u0151v\u00e9 tegy\u00fck bizonyos ter\u00fcletek m\u0171k\u00f6d\u0151k\u00e9pess\u00e9g\u00e9t, \u00e9s megk\u00f6nny\u00edts\u00fck a l\u00e1togat\u00f3k sz\u00e1m\u00e1ra a weboldalunk l\u00e1togat\u00e1s\u00e1t. N\u00e9h\u00e1ny kapcsolt v\u00e1llalkoz\u00e1sunk\/hirdet\u00e9si partner\u00fcnk harmadik f\u00e9lt\u0151l sz\u00e1rmaz\u00f3 cookie-kat is haszn\u00e1lhat.<\/p>\n\n\n\n<p>A https:\/\/prodam-iphone.com weboldal a k\u00f6vetkez\u0151 s\u00fctiket haszn\u00e1lja:<\/p>\n\n\n\n<p>K\u00f6telez\u0151 cookie-k<\/p>\n\n\n\n<figure class=\"wp-block-table\"><table><tbody><tr><td>N\u00e9v<\/td><td>Id\u0151tartam<\/td><td>C\u00e9l<\/td><\/tr><tr><td>__cfduid<\/td><td>4 h\u00e9t<\/td><td>A cookie-t a CloudFlare \u00e1ll\u00edtja be. A s\u00fcti az azonos IP-c\u00edmet haszn\u00e1l\u00f3 egyes felhaszn\u00e1l\u00f3k azonos\u00edt\u00e1s\u00e1ra \u00e9s biztons\u00e1gi be\u00e1ll\u00edt\u00e1sok alkalmaz\u00e1s\u00e1ra szolg\u00e1l minden egyes \u00fcgyf\u00e9l sz\u00e1m\u00e1ra. Nem egyezik a webalkalmaz\u00e1s felhaszn\u00e1l\u00f3i azonos\u00edt\u00f3ival, \u00e9s nem t\u00e1rol semmilyen szem\u00e9lyes inform\u00e1ci\u00f3t.<\/td><\/tr><\/tbody><\/table><\/figure>\n\n\n\n<p>Opcion\u00e1lis cookie-k (rekl\u00e1m)<\/p>\n\n\n\n<figure class=\"wp-block-table\"><table><tbody><tr><td>N\u00e9v<\/td><td>Id\u0151tartam<\/td><td>C\u00e9l<\/td><\/tr><tr><td>NID<\/td><td>6 h\u00f3nap<\/td><td>Ez a s\u00fcti a felhaszn\u00e1l\u00f3 \u00e9rdekl\u0151d\u00e9se alapj\u00e1n profilalkot\u00e1sra \u00e9s szem\u00e9lyre szabott hirdet\u00e9sek megjelen\u00edt\u00e9s\u00e9re szolg\u00e1l<\/td><\/tr><\/tbody><\/table><\/figure>","protected":false},"excerpt":{"rendered":"<p>PI\u0160KOTKI Spletno mesto uporablja pi\u0161kotke. Z dostopom do https:\/\/prodam-iphone.com ste se dogovorili za uporabo pi\u0161kotkov v dogovoru s podjetjemProdam Iphone, Trg celjskih knezov 1, 3000 Celje in politiko zasebnosti na spletnem mestu. Ve\u010dina interaktivnih spletnih strani uporablja pi\u0161kotke, s katerimi lahko pridobimo podrobnosti uporabnika za vsak obisk. Pi\u0161kotke uporabljamo na na\u0161em spletnem mestu, da omogo\u010dimo [&hellip;]<\/p>","protected":false},"author":1,"featured_media":0,"parent":0,"menu_order":0,"comment_status":"closed","ping_status":"open","template":"","meta":{"_seopress_robots_primary_cat":"","_seopress_titles_title":"PI\u0160KOTKI","_seopress_titles_desc":"Spletno mesto uporablja pi\u0161kotke.","_seopress_robots_index":"","ocean_post_layout":"","ocean_both_sidebars_style":"","ocean_both_sidebars_content_width":0,"ocean_both_sidebars_sidebars_width":0,"ocean_sidebar":"","ocean_second_sidebar":"","ocean_disable_margins":"enable","ocean_add_body_class":"","ocean_shortcode_before_top_bar":"","ocean_shortcode_after_top_bar":"","ocean_shortcode_before_header":"","ocean_shortcode_after_header":"","ocean_has_shortcode":"","ocean_shortcode_after_title":"","ocean_shortcode_before_footer_widgets":"","ocean_shortcode_after_footer_widgets":"","ocean_shortcode_before_footer_bottom":"","ocean_shortcode_after_footer_bottom":"","ocean_display_top_bar":"default","ocean_display_header":"default","ocean_header_style":"","ocean_center_header_left_menu":"","ocean_custom_header_template":"","ocean_custom_logo":0,"ocean_custom_retina_logo":0,"ocean_custom_logo_max_width":0,"ocean_custom_logo_tablet_max_width":0,"ocean_custom_logo_mobile_max_width":0,"ocean_custom_logo_max_height":0,"ocean_custom_logo_tablet_max_height":0,"ocean_custom_logo_mobile_max_height":0,"ocean_header_custom_menu":"","ocean_menu_typo_font_family":"","ocean_menu_typo_font_subset":"","ocean_menu_typo_font_size":0,"ocean_menu_typo_font_size_tablet":0,"ocean_menu_typo_font_size_mobile":0,"ocean_menu_typo_font_size_unit":"px","ocean_menu_typo_font_weight":"","ocean_menu_typo_font_weight_tablet":"","ocean_menu_typo_font_weight_mobile":"","ocean_menu_typo_transform":"","ocean_menu_typo_transform_tablet":"","ocean_menu_typo_transform_mobile":"","ocean_menu_typo_line_height":0,"ocean_menu_typo_line_height_tablet":0,"ocean_menu_typo_line_height_mobile":0,"ocean_menu_typo_line_height_unit":"","ocean_menu_typo_spacing":0,"ocean_menu_typo_spacing_tablet":0,"ocean_menu_typo_spacing_mobile":0,"ocean_menu_typo_spacing_unit":"","ocean_menu_link_color":"","ocean_menu_link_color_hover":"","ocean_menu_link_color_active":"","ocean_menu_link_background":"","ocean_menu_link_hover_background":"","ocean_menu_link_active_background":"","ocean_menu_social_links_bg":"","ocean_menu_social_hover_links_bg":"","ocean_menu_social_links_color":"","ocean_menu_social_hover_links_color":"","ocean_disable_title":"default","ocean_disable_heading":"default","ocean_post_title":"","ocean_post_subheading":"","ocean_post_title_style":"","ocean_post_title_background_color":"","ocean_post_title_background":0,"ocean_post_title_bg_image_position":"","ocean_post_title_bg_image_attachment":"","ocean_post_title_bg_image_repeat":"","ocean_post_title_bg_image_size":"","ocean_post_title_height":0,"ocean_post_title_bg_overlay":0.5,"ocean_post_title_bg_overlay_color":"","ocean_disable_breadcrumbs":"default","ocean_breadcrumbs_color":"","ocean_breadcrumbs_separator_color":"","ocean_breadcrumbs_links_color":"","ocean_breadcrumbs_links_hover_color":"","ocean_display_footer_widgets":"default","ocean_display_footer_bottom":"default","ocean_custom_footer_template":""},"_links":{"self":[{"href":"https:\/\/prodam-iphone.com\/hu\/wp-json\/wp\/v2\/pages\/1675"}],"collection":[{"href":"https:\/\/prodam-iphone.com\/hu\/wp-json\/wp\/v2\/pages"}],"about":[{"href":"https:\/\/prodam-iphone.com\/hu\/wp-json\/wp\/v2\/types\/page"}],"author":[{"embeddable":true,"href":"https:\/\/prodam-iphone.com\/hu\/wp-json\/wp\/v2\/users\/1"}],"replies":[{"embeddable":true,"href":"https:\/\/prodam-iphone.com\/hu\/wp-json\/wp\/v2\/comments?post=1675"}],"version-history":[{"count":1,"href":"https:\/\/prodam-iphone.com\/hu\/wp-json\/wp\/v2\/pages\/1675\/revisions"}],"predecessor-version":[{"id":1676,"href":"https:\/\/prodam-iphone.com\/hu\/wp-json\/wp\/v2\/pages\/1675\/revisions\/1676"}],"wp:attachment":[{"href":"https:\/\/prodam-iphone.com\/hu\/wp-json\/wp\/v2\/media?parent=1675"}],"curies":[{"name":"wp","href":"https:\/\/api.w.org\/{rel}","templated":true}]}}