{"id":1673,"date":"2024-10-26T23:57:59","date_gmt":"2024-10-26T22:57:59","guid":{"rendered":"https:\/\/prodam-iphone.com\/?page_id=1673"},"modified":"2024-10-26T23:58:00","modified_gmt":"2024-10-26T22:58:00","slug":"splosni-pogoji","status":"publish","type":"page","link":"https:\/\/prodam-iphone.com\/hu\/altalanos-feltetelek\/","title":{"rendered":"\u00c1ltal\u00e1nos felt\u00e9telek"},"content":{"rendered":"<p><strong>\u00c1ltal\u00e1nos felt\u00e9telek<\/strong><\/p>\n\n\n\n<p>Ezek a felt\u00e9telek a https:\/\/prodam-iphone.com c\u00edmen tal\u00e1lhat\u00f3 Prodam Iphone webhely \u00e9s annak \u00f6sszes aldomainj\u00e9nek haszn\u00e1lati szab\u00e1lyait \u00e9s el\u0151\u00edr\u00e1sait \u00edrj\u00e1k le. A weboldal megnyit\u00e1s\u00e1val felt\u00e9telezz\u00fck, hogy elfogadja ezeket a felt\u00e9teleket. Ne haszn\u00e1lja tov\u00e1bb a https:\/\/prodam-iphone.com webhelyet, ha nem \u00e9rt egyet az ezen az oldalon szerepl\u0151 felt\u00e9telekkel.<\/p>\n\n\n\n<p>A k\u00f6vetkez\u0151 terminol\u00f3gia a jelen szerz\u0151d\u00e9si felt\u00e9telekre, az adatv\u00e9delmi nyilatkozatra \u00e9s a felel\u0151ss\u00e9get kiz\u00e1r\u00f3 nyilatkozatra, valamint az \u00f6sszes meg\u00e1llapod\u00e1sra vonatkozik: az \u201e\u00fcgyf\u00e9l\u201d, \u201e\u00d6n\u201d \u00e9s \u201e\u00d6n\u201d kifejez\u00e9s \u00d6nre vonatkozik, arra a szem\u00e9lyre, aki regisztr\u00e1l ezen a weboldalon \u00e9s betartja a t\u00e1rsas\u00e1g felt\u00e9teleit. . A \u201eV\u00e1llalat\u201d, \u201e\u00d6nmagunk\u201d, \u201eMi\u201d, \u201eMi\u201d \u00e9s \u201eMi\u201d a c\u00e9g\u00fcnkre utal. Az \u201e\u00fcgyf\u00e9l\u201d, \u201ev\u00e1llalkoz\u00f3k\u201d vagy \u201emi\u201d mind az \u00fcgyf\u00e9lre, mind magunkra vonatkozik. Valamennyi felt\u00e9tel az \u00fcgyf\u00e9lnek ny\u00fajtott seg\u00edts\u00e9gny\u00fajt\u00e1sunk elj\u00e1r\u00e1s\u00e1nak legmegfelel\u0151bb m\u00f3don t\u00f6rt\u00e9n\u0151 lebonyol\u00edt\u00e1s\u00e1hoz sz\u00fcks\u00e9ges felaj\u00e1nl\u00e1sra, elfogad\u00e1sra \u00e9s fizet\u00e9s ellen\u00e9rt\u00e9k\u00e9re vonatkozik, azzal a kifejezett c\u00e9llal, hogy az \u00fcgyf\u00e9lnek a meghat\u00e1rozott szolg\u00e1ltat\u00e1sok ny\u00fajt\u00e1sa ir\u00e1nti ig\u00e9ny\u00e9t kiel\u00e9g\u00edtse a 2. sz. figyelembe v\u00e9ve Szlov\u00e9nia alkalmazand\u00f3 jog\u00e1t. A fenti terminol\u00f3gia vagy m\u00e1s szavak haszn\u00e1lata egyes sz\u00e1mban, t\u00f6bbes sz\u00e1mban, nagybet\u0171s \u00e9s\/vagy \u0151 vagy ezek felcser\u00e9lhet\u0151nek min\u0151s\u00fcl, \u00e9s ez\u00e9rt ugyanarra a dologra vonatkozik.<\/p>\n\n\n\n<p><strong>Cookie-k<\/strong><\/p>\n\n\n\n<p>A weboldal cookie-kat haszn\u00e1l. A https:\/\/prodam-iphone.com oldal el\u00e9r\u00e9s\u00e9vel \u00d6n beleegyezett a cookie-k haszn\u00e1lat\u00e1ba a Prodam Iphone c\u00e9ggel egyet\u00e9rt\u00e9sben, valamint a weboldal adatv\u00e9delmi szab\u00e1lyzat\u00e1ban. A legt\u00f6bb interakt\u00edv webhely s\u00fctiket haszn\u00e1l, amelyek lehet\u0151v\u00e9 teszik sz\u00e1munkra, hogy minden egyes l\u00e1togat\u00e1shoz lek\u00e9rj\u00fck a felhaszn\u00e1l\u00f3i adatokat. Weboldalunkon s\u00fctiket (cookie-kat) haszn\u00e1lunk, hogy lehet\u0151v\u00e9 tegy\u00fck bizonyos ter\u00fcletek m\u0171k\u00f6d\u0151k\u00e9pess\u00e9g\u00e9t, \u00e9s megk\u00f6nny\u00edts\u00fck a l\u00e1togat\u00f3k sz\u00e1m\u00e1ra a weboldalunk l\u00e1togat\u00e1s\u00e1t. N\u00e9h\u00e1ny kapcsolt v\u00e1llalkoz\u00e1sunk\/hirdet\u00e9si partner\u00fcnk harmadik f\u00e9lt\u0151l sz\u00e1rmaz\u00f3 cookie-kat is haszn\u00e1lhat.<\/p>\n\n\n\n<p><strong>Enged\u00e9ly<\/strong><\/p>\n\n\n\n<p>Elt\u00e9r\u0151 rendelkez\u00e9s hi\u00e1ny\u00e1ban a Prodam Iphone \u00e9s\/vagy a webhely licencad\u00f3i birtokolj\u00e1k a https:\/\/prodam-iphone.com webhelyen tal\u00e1lhat\u00f3 \u00f6sszes anyag szellemi tulajdonjog\u00e1t. Minden szellemi tulajdonjog fenntartva. Ezt szem\u00e9lyes haszn\u00e1latra a https:\/\/prodam-iphone.com webhelyr\u0151l \u00e9rheti el, a jelen Felt\u00e9telekben meghat\u00e1rozott korl\u00e1toz\u00e1sok mellett.<\/p>\n\n\n\n<p>Nem szabad:<\/p>\n\n\n\n<ul>\n<li>Enged\u00e9ly n\u00e9lk\u00fcl tegyen k\u00f6zz\u00e9 anyagot a https:\/\/prodam-iphone.com oldalon.<\/li>\n\n\n\n<li>A https:\/\/prodam-iphone.com webhelyr\u0151l sz\u00e1rmaz\u00f3 anyagok elad\u00e1sa, b\u00e9rbead\u00e1sa vagy allicencel\u00e9se enged\u00e9ly n\u00e9lk\u00fcl.<\/li>\n\n\n\n<li>A https:\/\/prodam-iphone.com webhelyr\u0151l sz\u00e1rmaz\u00f3 anyagok reproduk\u00e1l\u00e1sa, sokszoros\u00edt\u00e1sa vagy m\u00e1sol\u00e1sa enged\u00e9ly n\u00e9lk\u00fcl.<\/li>\n\n\n\n<li>A https:\/\/prodam-iphone.com webhelyr\u0151l sz\u00e1rmaz\u00f3 tartalmak enged\u00e9ly n\u00e9lk\u00fcli terjeszt\u00e9se.<\/li>\n<\/ul>\n\n\n\n<p>Jelen meg\u00e1llapod\u00e1s a jelen szerz\u0151d\u00e9s megk\u00f6t\u00e9s\u00e9nek napj\u00e1n l\u00e9p hat\u00e1lyba, ill k\u00f6zvetlen\u00fcl a weboldalunkra \u00e9rkez\u00e9skor.<\/p>\n\n\n\n<p>A webhely egyes r\u00e9szei lehet\u0151s\u00e9get k\u00edn\u00e1lnak a felhaszn\u00e1l\u00f3knak v\u00e9lem\u00e9ny\u00fck \u00e9s inform\u00e1ci\u00f3k k\u00f6zz\u00e9t\u00e9tel\u00e9re \u00e9s megoszt\u00e1s\u00e1ra a webhely bizonyos ter\u00fcletein. Az elad\u00f3 iPhone nem sz\u0171ri, szerkeszti, nem teszi k\u00f6zz\u00e9 \u00e9s nem n\u00e9zi \u00e1t a megjegyz\u00e9seket, miel\u0151tt azok megjelenn\u00e9nek az oldalon. A megjegyz\u00e9sek nem t\u00fckr\u00f6zik a Prodam Iphone, \u00fcgyn\u00f6kei \u00e9s\/vagy le\u00e1nyv\u00e1llalatai n\u00e9zeteit \u00e9s v\u00e9lem\u00e9ny\u00e9t. A megjegyz\u00e9sek a v\u00e9lem\u00e9ny\u00fcket k\u00f6zz\u00e9tev\u0151 szem\u00e9ly n\u00e9zeteit \u00e9s v\u00e9lem\u00e9ny\u00e9t t\u00fckr\u00f6zik. A vonatkoz\u00f3 t\u00f6rv\u00e9nyek \u00e1ltal megengedett m\u00e9rt\u00e9kig a Prodam Iphone nem v\u00e1llal felel\u0151ss\u00e9get a megjegyz\u00e9sek\u00e9rt vagy semmilyen felel\u0151ss\u00e9g\u00e9rt, k\u00e1rok\u00e9rt vagy k\u00f6lts\u00e9gek\u00e9rt, amelyek a webhelyen t\u00f6rt\u00e9n\u0151 b\u00e1rmilyen haszn\u00e1lat \u00e9s\/vagy megjegyz\u00e9sek k\u00f6zz\u00e9t\u00e9tele \u00e9s\/vagy megjelen\u00e9se miatt mer\u00fcltek fel \u00e9s\/vagy mer\u00fcltek fel.<\/p>\n\n\n\n<p>A Prodam Iphone fenntartja a jogot, hogy figyelemmel k\u00eds\u00e9rje az \u00f6sszes megjegyz\u00e9st, \u00e9s elt\u00e1vol\u00edtson minden olyan megjegyz\u00e9st, amely nem megfelel\u0151, s\u00e9rt\u0151 vagy a jelen felt\u00e9telek megs\u00e9rt\u00e9s\u00e9t okozza.<\/p>\n\n\n\n<p>\u00d6n szavatolja \u00e9s kijelenti, hogy:<\/p>\n\n\n\n<ul>\n<li>\u00d6n jogosult megjegyz\u00e9seket f\u0171zni weboldalunkhoz, \u00e9s rendelkezik az ehhez sz\u00fcks\u00e9ges enged\u00e9lyekkel \u00e9s hozz\u00e1j\u00e1rul\u00e1sokkal;<\/li>\n\n\n\n<li>a megjegyz\u00e9sek nem s\u00e9rtenek semmilyen szellemi tulajdonjogot, bele\u00e9rtve a szerz\u0151i jogok, szabadalmak vagy harmadik felek v\u00e9djegyeinek korl\u00e1toz\u00e1s\u00e1t;<\/li>\n\n\n\n<li>a megjegyz\u00e9sek nem tartalmaznak r\u00e1galmaz\u00f3, r\u00e1galmaz\u00f3, s\u00e9rt\u0151, obszc\u00e9n vagy egy\u00e9b m\u00f3don jogellenes anyagot, amely s\u00e9rti a mag\u00e1n\u00e9letet;<\/li>\n\n\n\n<li>A megjegyz\u00e9sek nem haszn\u00e1lhat\u00f3k fel elad\u00e1sok \u00f6szt\u00f6nz\u00e9s\u00e9re vagy n\u00e9pszer\u0171s\u00edt\u00e9s\u00e9re, illetve kereskedelmi vagy illeg\u00e1lis tev\u00e9kenys\u00e9gek megjelen\u00edt\u00e9s\u00e9re.<\/li>\n<\/ul>\n\n\n\n<p>\u00d6n ezennel nem kiz\u00e1r\u00f3lagos enged\u00e9lyt ad a Sell Iphone r\u00e9sz\u00e9re, hogy felhaszn\u00e1lja, reproduk\u00e1lja, szerkessze, \u00e9s enged\u00e9lyezze m\u00e1soknak, hogy b\u00e1rmilyen form\u00e1ban, form\u00e1ban vagy m\u00e9di\u00e1ban felhaszn\u00e1lj\u00e1k, reproduk\u00e1lj\u00e1k \u00e9s szerkessz\u00e9k az \u00d6n Megjegyz\u00e9seit.<\/p>\n\n\n\n<p><strong>Hiperhivatkoz\u00e1s a tartalomra<\/strong><\/p>\n\n\n\n<p>A k\u00f6vetkez\u0151 szervezetek el\u0151zetes \u00edr\u00e1sbeli enged\u00e9ly n\u00e9lk\u00fcl hivatkozhatnak weboldalunkra:<\/p>\n\n\n\n<ul>\n<li>korm\u00e1nyzati szervek;<\/li>\n\n\n\n<li>keres\u0151motorok;<\/li>\n\n\n\n<li>h\u00edr;<\/li>\n\n\n\n<li>olyan online c\u00edmt\u00e1rak terjeszt\u0151i, amelyek ugyan\u00fagy hivatkozhatnak weboldalunkra, mint m\u00e1s t\u0151zsd\u00e9n jegyzett t\u00e1rsas\u00e1gok weboldalaira mutat\u00f3 hiperhivatkoz\u00e1sok, \u00e9s<\/li>\n\n\n\n<li>akkredit\u00e1lt v\u00e1llalkoz\u00e1sok a rendszerben, kiv\u00e9ve a non-profit szervezeteket, a j\u00f3t\u00e9konys\u00e1gi bev\u00e1s\u00e1rl\u00f3k\u00f6zpontokat \u00e9s a j\u00f3t\u00e9konys\u00e1gi adom\u00e1nygy\u0171jt\u0151 csoportokat, amelyek nem tartalmazhatnak hiperhivatkoz\u00e1st webhely\u00fcnkre.<\/li>\n<\/ul>\n\n\n\n<p>Ezek a szervezetek hivatkozhatnak honlapunkra, kiadv\u00e1nyainkra vagy egy\u00e9b weboldalunkra mutat\u00f3 inform\u00e1ci\u00f3kra, amennyiben a hivatkoz\u00e1s: (a) semmilyen m\u00f3don nem megt\u00e9veszt\u0151; (b) nem jelenti a hivatkozott oldal \u00e9s term\u00e9kei \u00e9s\/vagy szolg\u00e1ltat\u00e1sai hamis szponzor\u00e1l\u00e1s\u00e1t, t\u00e1mogat\u00e1s\u00e1t vagy j\u00f3v\u00e1hagy\u00e1s\u00e1t, \u00e9s (c) beleillik a linket l\u00e9trehoz\u00f3 f\u00e9l webhely\u00e9nek kontextus\u00e1ba.<\/p>\n\n\n\n<p>A k\u00f6vetkez\u0151 t\u00edpus\u00fa szervezetekt\u0151l sz\u00e1rmaz\u00f3 egy\u00e9b \u00f6sszekapcsol\u00e1si k\u00e9relmeket m\u00e9rlegelhet\u00fcnk \u00e9s j\u00f3v\u00e1hagyhatunk:<\/p>\n\n\n\n<ul>\n<li>\u00e1ltal\u00e1nosan ismert fogyaszt\u00f3i \u00e9s\/vagy \u00fczleti inform\u00e1ci\u00f3forr\u00e1sok;<\/li>\n\n\n\n<li>dot.com k\u00f6z\u00f6ss\u00e9g<\/li>\n\n\n\n<li>j\u00f3t\u00e9konys\u00e1gi szervezeteket k\u00e9pvisel\u0151 egyes\u00fcletek vagy egy\u00e9b csoportok;<\/li>\n\n\n\n<li>online c\u00edmjegyz\u00e9k-terjeszt\u0151k;<\/li>\n\n\n\n<li>internetes port\u00e1lok;<\/li>\n\n\n\n<li>sz\u00e1mviteli, jogi \u00e9s tan\u00e1csad\u00f3 c\u00e9gek ill<\/li>\n\n\n\n<li>oktat\u00e1si int\u00e9zm\u00e9nyek \u00e9s szakmai sz\u00f6vets\u00e9gek.<\/li>\n<\/ul>\n\n\n\n<p>J\u00f3v\u00e1hagyjuk az ezekt\u0151l a szervezetekt\u0151l sz\u00e1rmaz\u00f3 linkekre vonatkoz\u00f3 k\u00e9r\u00e9seket, ha meg\u00e1llap\u00edtjuk, hogy: (a) nem tessz\u00fck, hogy a link nem megfelel\u0151 saj\u00e1t magunk vagy akkredit\u00e1lt v\u00e1llalataink sz\u00e1m\u00e1ra; (b) a szervezetnek nincs negat\u00edv nyilv\u00e1ntart\u00e1sa n\u00e1lunk; (c) a hiperhivatkoz\u00e1s l\u00e1that\u00f3s\u00e1gi el\u0151nye k\u00e1rp\u00f3tol minket az Iphone Elad\u00f3 hi\u00e1ny\u00e1\u00e9rt, \u00e9s (d) a hivatkoz\u00e1s az er\u0151forr\u00e1sokkal kapcsolatos \u00e1ltal\u00e1nos inform\u00e1ci\u00f3k kontextus\u00e1ban van.<\/p>\n\n\n\n<p>Ezek a szervezetek hivatkozhatnak honlapunkra, amennyiben a link: (a) semmilyen m\u00f3don nem megt\u00e9veszt\u0151; (b) nem jelenti a linkel\u0151 oldal \u00e9s term\u00e9kei vagy szolg\u00e1ltat\u00e1sai hamis szponzor\u00e1l\u00e1s\u00e1t, j\u00f3v\u00e1hagy\u00e1s\u00e1t vagy t\u00e1mogat\u00e1s\u00e1t, \u00e9s (c) beleillik a linkel\u0151 f\u00e9l webhely\u00e9nek kontextus\u00e1ba. Ha \u00d6n a fent felsorolt szervezetek egyike, \u00e9s \u00e9rdekl\u0151dik oldalunkra mutat\u00f3 hivatkoz\u00e1s ir\u00e1nt, \u00e9rtes\u00edtenie kell minket az info@prodam-iphone.com e-mail c\u00edmen.<\/p>\n\n\n\n<p>K\u00e9rj\u00fck, adja meg nev\u00e9t, szervezet\u00e9nek nev\u00e9t, el\u00e9rhet\u0151s\u00e9geit, valamint webhelye URL-j\u00e9t, azon URL-c\u00edmek list\u00e1j\u00e1t, amelyekr\u0151l a webhely\u00fcnkre hivatkozni k\u00edv\u00e1n, valamint azon URL-c\u00edmek list\u00e1j\u00e1t a webhely\u00fcnk\u00f6n, amelyekre hivatkozni k\u00edv\u00e1n . V\u00e1rjon 2-3 hetet a v\u00e1laszad\u00e1sra.<\/p>\n\n\n\n<p>A j\u00f3v\u00e1hagyott szervezetek hiperhivatkoz\u00e1st jelen\u00edthetnek meg webhely\u00fcnkre:<\/p>\n\n\n\n<ul>\n<li>c\u00e9g\u00fcnk nev\u00e9vel ill<\/li>\n\n\n\n<li>egy egyes\u00edtett er\u0151forr\u00e1s-keres\u0151 seg\u00edts\u00e9g\u00e9vel, amely csatolt ill<\/li>\n\n\n\n<li>a hivatkozott oldalunk b\u00e1rmely m\u00e1s olyan le\u00edr\u00e1s\u00e1nak felhaszn\u00e1l\u00e1s\u00e1val, amely a linkel\u0151 \u00fcgyf\u00e9loldalon tal\u00e1lhat\u00f3 tartalom kontextus\u00e1ban \u00e9s form\u00e1tum\u00e1ban \u00e9rtelmes.<\/li>\n<\/ul>\n\n\n\n<p>A linkhez v\u00e9djegylicenc szerz\u0151d\u00e9s hi\u00e1ny\u00e1ban a Sell Iphone log\u00f3 vagy egy\u00e9b tartalom haszn\u00e1lata nem enged\u00e9lyezett.<\/p>\n\n\n\n<p><strong>iFrames<\/strong><\/p>\n\n\n\n<p>El\u0151zetes j\u00f3v\u00e1hagy\u00e1s \u00e9s \u00edr\u00e1sos enged\u00e9ly n\u00e9lk\u00fcl nem hozhat l\u00e9tre olyan kereteket weboldalainkon, amelyek b\u00e1rmilyen m\u00f3don megv\u00e1ltoztatj\u00e1k weboldalunk vizu\u00e1lis megjelen\u00e9s\u00e9t vagy megjelen\u00e9s\u00e9t.<\/p>\n\n\n\n<p><strong>Tartalmi felel\u0151ss\u00e9g<\/strong><\/p>\n\n\n\n<p>Nem v\u00e1llalunk felel\u0151ss\u00e9get a webhely\u00e9n megjelen\u0151 tartalom\u00e9rt. \u00d6n beleegyezik abba, hogy k\u00e1rtalan\u00edt \u00e9s megv\u00e9d minket a webhely\u00e9n megjelen\u0151 b\u00e1rmely k\u00f6vetel\u00e9s ellen. Egyetlen weboldalon sem jelenhet meg olyan hivatkoz\u00e1s, amely hamisnak, obszc\u00e9nnek vagy b\u0171ncselekm\u00e9nynek tekinthet\u0151, vagy amely s\u00e9rti, m\u00e1s m\u00f3don s\u00e9rti vagy t\u00e1mogatja harmadik f\u00e9l jogainak megs\u00e9rt\u00e9s\u00e9t vagy m\u00e1s m\u00f3don megs\u00e9rt\u00e9s\u00e9t.<\/p>\n\n\n\n<p><strong>Jogok fenntart\u00e1sa<\/strong><\/p>\n\n\n\n<p>Fenntartjuk a jogot arra, hogy megk\u00e9rj\u00fck, hogy t\u00e1vol\u00edtson el minden hivatkoz\u00e1st vagy b\u00e1rmely konkr\u00e9t hivatkoz\u00e1st a weboldalunkra. \u00d6n beleegyezik abba, hogy k\u00e9r\u00e9sre halad\u00e9ktalanul elt\u00e1vol\u00edtja a weboldalunkra mutat\u00f3 hivatkoz\u00e1sokat. Fenntartjuk tov\u00e1bb\u00e1 a jogot, hogy ezeket a felt\u00e9teleket \u00e9s a szab\u00e1lyzatot \u00f6sszekapcsol\u00f3 szab\u00e1lyokat b\u00e1rmikor m\u00f3dos\u00edtsuk. A weboldalunkra mutat\u00f3 hivatkoz\u00e1s folytat\u00e1s\u00e1val \u00d6n elfogadja, hogy mag\u00e1ra n\u00e9zve k\u00f6telez\u0151nek ismeri el \u00e9s betartja ezeket a felt\u00e9teleket.<\/p>\n\n\n\n<p><strong>Linkek elt\u00e1vol\u00edt\u00e1sa weboldalunkr\u00f3l<\/strong><\/p>\n\n\n\n<p>Ha olyan linket tal\u00e1l oldalunkon, amely b\u00e1rmilyen okb\u00f3l s\u00e9rt\u0151, b\u00e1rmikor felveheti vel\u00fcnk a kapcsolatot, \u00e9s \u00e9rtes\u00edtsen benn\u00fcnket. Eleget tesz\u00fcnk a linkek elt\u00e1vol\u00edt\u00e1s\u00e1ra ir\u00e1nyul\u00f3 k\u00e9r\u00e9seknek, de nem vagyunk k\u00f6telesek k\u00f6zvetlen\u00fcl v\u00e1laszolni r\u00e1juk. Nem garant\u00e1ljuk a weboldalon tal\u00e1lhat\u00f3 inform\u00e1ci\u00f3k helyess\u00e9g\u00e9t, nem garant\u00e1ljuk azok teljess\u00e9g\u00e9t vagy pontoss\u00e1g\u00e1t; azt sem \u00edg\u00e9rj\u00fck, hogy a weboldal el\u00e9rhet\u0151 marad, illetve a weboldalon tal\u00e1lhat\u00f3 anyagok folyamatosan friss\u00fclnek.<\/p>\n\n\n\n<p><strong>Jogi nyilatkozat<\/strong><\/p>\n\n\n\n<p>A vonatkoz\u00f3 jogszab\u00e1lyok \u00e1ltal megengedett legteljesebb m\u00e9rt\u00e9kben kiz\u00e1runk minden, a weboldalunkkal \u00e9s a weboldal haszn\u00e1lat\u00e1val kapcsolatos nyilatkozatot, garanci\u00e1t \u00e9s felt\u00e9telt. Ebben a felel\u0151ss\u00e9gkiz\u00e1r\u00e1sban semmi sem:<\/p>\n\n\n\n<p>A felel\u0151ss\u00e9g e szakaszban \u00e9s a jelen felel\u0151ss\u00e9gkiz\u00e1r\u00e1s m\u00e1s r\u00e9szein meghat\u00e1rozott korl\u00e1toz\u00e1sai \u00e9s kiz\u00e1r\u00e1sai: (a) az el\u0151z\u0151 bekezd\u00e9sben \u00e9rv\u00e9nyesek, \u00e9s (b) a felel\u0151ss\u00e9gkiz\u00e1r\u00e1sb\u00f3l ered\u0151 \u00f6sszes k\u00f6telezetts\u00e9gre vonatkoznak, bele\u00e9rtve a szerz\u0151d\u00e9sb\u0151l, jogellenes k\u00e1rokoz\u00e1sb\u00f3l \u00e9s a t\u00f6rv\u00e9nyes k\u00f6telezetts\u00e9gek megszeg\u00e9s\u00e9b\u0151l ered\u0151 szerz\u0151d\u00e9ses k\u00f6telezetts\u00e9geket. .<\/p>\n\n\n\n<p>Am\u00edg a weboldal \u00e9s a weboldalon tal\u00e1lhat\u00f3 inform\u00e1ci\u00f3k \u00e9s szolg\u00e1ltat\u00e1sok nem \u00e1llnak ingyenesen el\u00e9rhet\u0151v\u00e9, semmilyen vesztes\u00e9g\u00e9rt vagy k\u00e1r\u00e9rt nem v\u00e1llalunk felel\u0151ss\u00e9get.<\/p>\n\n\n\n<p><strong>Fogyaszt\u00f3i jogvit\u00e1k peren k\u00edv\u00fcli rendez\u00e9se<\/strong><\/p>\n\n\n\n<p>A jogi norm\u00e1knak megfelel\u0151en a Prodam Iphone c\u00e9g nem ismeri el a fogyaszt\u00f3i jogvit\u00e1k peren k\u00edv\u00fcli rendez\u0151inek illet\u00e9kess\u00e9g\u00e9t olyan fogyaszt\u00f3i jogvita rendez\u00e9s\u00e9re, amelyet a fogyaszt\u00f3 a peren k\u00edv\u00fcli jogvit\u00e1kr\u00f3l sz\u00f3l\u00f3 t\u00f6rv\u00e9ny szerint kezdem\u00e9nyezhet. fogyaszt\u00f3i jogvit\u00e1k megold\u00e1sa. A t\u00e1rsas\u00e1g \u00e1ru- \u00e9s szolg\u00e1ltat\u00e1sszolg\u00e1ltat\u00f3k\u00e9nt a honlapj\u00e1n k\u00f6zz\u00e9tesz egy elektronikus hivatkoz\u00e1st a fogyaszt\u00f3i vit\u00e1k online rendez\u00e9s\u00e9re szolg\u00e1l\u00f3 platformra (SRPS). A platform a fogyaszt\u00f3k sz\u00e1m\u00e1ra a http:\/\/ec.europa.eu\/odr elektronikus linken \u00e9rhet\u0151 el. A fent eml\u00edtett szab\u00e1lyoz\u00e1s a fogyaszt\u00f3i jogvit\u00e1k peren k\u00edv\u00fcli rendez\u00e9s\u00e9r\u0151l sz\u00f3l\u00f3 t\u00f6rv\u00e9ny (EU) sz. Az Eur\u00f3pai Parlament \u00e9s a Tan\u00e1cs 524\/2013. 2016\/2004 \u00e9s a 200. ir\u00e1nyelv.<\/p>","protected":false},"excerpt":{"rendered":"<p>\u00c1ltal\u00e1nos Szerz\u0151d\u00e9si Felt\u00e9telek Jelen felhaszn\u00e1l\u00e1si felt\u00e9telek a https:\/\/prodam-iphone.com c\u00edmen tal\u00e1lhat\u00f3 Prodam Iphone weboldal \u00e9s annak \u00f6sszes aldomainj\u00e9nek haszn\u00e1lat\u00e1ra vonatkoz\u00f3 szab\u00e1lyokat \u00e9s el\u0151\u00edr\u00e1sokat \u00edrj\u00e1k le. A weboldal el\u00e9r\u00e9s\u00e9vel \u00d6n elfogadja ezeket a felhaszn\u00e1l\u00e1si felt\u00e9teleket. Ne folytassa a https:\/\/prodam-iphone.com weboldal haszn\u00e1lat\u00e1t, ha nem \u00e9rt egyet az ezen az oldalon felt\u00fcntetett \u00f6sszes felt\u00e9tellel. A k\u00f6vetkez\u0151 terminol\u00f3gia a k\u00f6vetkez\u0151kre vonatkozik [\u2026]<\/p>","protected":false},"author":1,"featured_media":0,"parent":0,"menu_order":0,"comment_status":"closed","ping_status":"open","template":"","meta":{"_seopress_robots_primary_cat":"","_seopress_titles_title":"Splo\u0161ni pogoji","_seopress_titles_desc":"Ti pogoji opisujejo pravila in predpise za uporabo za spletnega mesta Prodam Iphone, ki se nahaja na https:\/\/prodam-iphone.com in vse njene poddomene.","_seopress_robots_index":"","ocean_post_layout":"","ocean_both_sidebars_style":"","ocean_both_sidebars_content_width":0,"ocean_both_sidebars_sidebars_width":0,"ocean_sidebar":"","ocean_second_sidebar":"","ocean_disable_margins":"enable","ocean_add_body_class":"","ocean_shortcode_before_top_bar":"","ocean_shortcode_after_top_bar":"","ocean_shortcode_before_header":"","ocean_shortcode_after_header":"","ocean_has_shortcode":"","ocean_shortcode_after_title":"","ocean_shortcode_before_footer_widgets":"","ocean_shortcode_after_footer_widgets":"","ocean_shortcode_before_footer_bottom":"","ocean_shortcode_after_footer_bottom":"","ocean_display_top_bar":"default","ocean_display_header":"default","ocean_header_style":"","ocean_center_header_left_menu":"","ocean_custom_header_template":"","ocean_custom_logo":0,"ocean_custom_retina_logo":0,"ocean_custom_logo_max_width":0,"ocean_custom_logo_tablet_max_width":0,"ocean_custom_logo_mobile_max_width":0,"ocean_custom_logo_max_height":0,"ocean_custom_logo_tablet_max_height":0,"ocean_custom_logo_mobile_max_height":0,"ocean_header_custom_menu":"","ocean_menu_typo_font_family":"","ocean_menu_typo_font_subset":"","ocean_menu_typo_font_size":0,"ocean_menu_typo_font_size_tablet":0,"ocean_menu_typo_font_size_mobile":0,"ocean_menu_typo_font_size_unit":"px","ocean_menu_typo_font_weight":"","ocean_menu_typo_font_weight_tablet":"","ocean_menu_typo_font_weight_mobile":"","ocean_menu_typo_transform":"","ocean_menu_typo_transform_tablet":"","ocean_menu_typo_transform_mobile":"","ocean_menu_typo_line_height":0,"ocean_menu_typo_line_height_tablet":0,"ocean_menu_typo_line_height_mobile":0,"ocean_menu_typo_line_height_unit":"","ocean_menu_typo_spacing":0,"ocean_menu_typo_spacing_tablet":0,"ocean_menu_typo_spacing_mobile":0,"ocean_menu_typo_spacing_unit":"","ocean_menu_link_color":"","ocean_menu_link_color_hover":"","ocean_menu_link_color_active":"","ocean_menu_link_background":"","ocean_menu_link_hover_background":"","ocean_menu_link_active_background":"","ocean_menu_social_links_bg":"","ocean_menu_social_hover_links_bg":"","ocean_menu_social_links_color":"","ocean_menu_social_hover_links_color":"","ocean_disable_title":"default","ocean_disable_heading":"default","ocean_post_title":"","ocean_post_subheading":"","ocean_post_title_style":"","ocean_post_title_background_color":"","ocean_post_title_background":0,"ocean_post_title_bg_image_position":"","ocean_post_title_bg_image_attachment":"","ocean_post_title_bg_image_repeat":"","ocean_post_title_bg_image_size":"","ocean_post_title_height":0,"ocean_post_title_bg_overlay":0.5,"ocean_post_title_bg_overlay_color":"","ocean_disable_breadcrumbs":"default","ocean_breadcrumbs_color":"","ocean_breadcrumbs_separator_color":"","ocean_breadcrumbs_links_color":"","ocean_breadcrumbs_links_hover_color":"","ocean_display_footer_widgets":"default","ocean_display_footer_bottom":"default","ocean_custom_footer_template":""},"_links":{"self":[{"href":"https:\/\/prodam-iphone.com\/hu\/wp-json\/wp\/v2\/pages\/1673"}],"collection":[{"href":"https:\/\/prodam-iphone.com\/hu\/wp-json\/wp\/v2\/pages"}],"about":[{"href":"https:\/\/prodam-iphone.com\/hu\/wp-json\/wp\/v2\/types\/page"}],"author":[{"embeddable":true,"href":"https:\/\/prodam-iphone.com\/hu\/wp-json\/wp\/v2\/users\/1"}],"replies":[{"embeddable":true,"href":"https:\/\/prodam-iphone.com\/hu\/wp-json\/wp\/v2\/comments?post=1673"}],"version-history":[{"count":1,"href":"https:\/\/prodam-iphone.com\/hu\/wp-json\/wp\/v2\/pages\/1673\/revisions"}],"predecessor-version":[{"id":1674,"href":"https:\/\/prodam-iphone.com\/hu\/wp-json\/wp\/v2\/pages\/1673\/revisions\/1674"}],"wp:attachment":[{"href":"https:\/\/prodam-iphone.com\/hu\/wp-json\/wp\/v2\/media?parent=1673"}],"curies":[{"name":"wp","href":"https:\/\/api.w.org\/{rel}","templated":true}]}}