{"id":1673,"date":"2024-10-26T23:57:59","date_gmt":"2024-10-26T22:57:59","guid":{"rendered":"https:\/\/prodam-iphone.com\/?page_id=1673"},"modified":"2024-10-26T23:58:00","modified_gmt":"2024-10-26T22:58:00","slug":"splosni-pogoji","status":"publish","type":"page","link":"https:\/\/prodam-iphone.com\/hr\/opci-uvjeti\/","title":{"rendered":"Op\u0107i uvjeti"},"content":{"rendered":"<p><strong>Op\u0107i uvjeti<\/strong><\/p>\n\n\n\n<p>Ovi uvjeti opisuju pravila i propise kori\u0161tenja web stranice Prodam Iphone koja se nalazi na https:\/\/prodam-iphone.com i svih njenih poddomena. Pristupom ovoj web stranici pretpostavljamo da prihva\u0107ate ove uvjete. Nemojte nastaviti koristiti https:\/\/prodam-iphone.com ako se ne sla\u017eete sa svim uvjetima navedenim na ovoj stranici.<\/p>\n\n\n\n<p>Sljede\u0107a terminologija odnosi se na ove uvjete i odredbe, izjavu o privatnosti i obavijest o odricanju od odgovornosti i sve ugovore: &quot;kupac&quot;, &quot;vi&quot; i &quot;va\u0161&quot; odnosi se na vas, osobu koja se registrira na ovoj web stranici i pridr\u017eava se uvjeta tvrtke . \u201cTvrtka\u201d, \u201cMi\u201d, \u201cMi\u201d, \u201cNa\u0161\u201d i \u201cMi\u201d odnose se na na\u0161u tvrtku. &quot;Klijent&quot;, &quot;izvo\u0111a\u010di&quot; ili &quot;nas&quot; odnosi se i na klijenta i na nas. Svi uvjeti odnose se na ponudu, prihva\u0107anje i razmatranje pla\u0107anja potrebnog za provedbu postupka na\u0161e pomo\u0107i klijentu na najprikladniji na\u010din s izri\u010ditom svrhom zadovoljenja potreba klijenta za pru\u017eanjem navedenih usluga u skladu sa i uzimaju\u0107i u obzir mjerodavno pravo Slovenije. Svaka upotreba gornje terminologije ili drugih rije\u010di u jednini, mno\u017eini, velikim slovima i\/ili on\/ona ili oni smatrat \u0107e se me\u0111usobno zamjenjivima i stoga se odnose na istu stvar.<\/p>\n\n\n\n<p><strong>Kola\u010di\u0107i<\/strong><\/p>\n\n\n\n<p>Web stranica koristi kola\u010di\u0107e. Pristupom na https:\/\/prodam-iphone.com pristajete na kori\u0161tenje kola\u010di\u0107a u dogovoru s tvrtkom Prodam Iphone, te na politiku privatnosti na web stranici. Ve\u0107ina interaktivnih web stranica koristi kola\u010di\u0107e koji nam omogu\u0107uju dohva\u0107anje korisni\u010dkih podataka za svaki posjet. Na na\u0161oj web stranici koristimo kola\u010di\u0107e kako bismo omogu\u0107ili funkcionalnost odre\u0111enih podru\u010dja i kako bismo posjetiteljima olak\u0161ali posjet na\u0161oj web stranici. Neki od na\u0161ih pridru\u017eenih\/ogla\u0161ava\u010dkih partnera tako\u0111er mogu koristiti kola\u010di\u0107e tre\u0107ih strana.<\/p>\n\n\n\n<p><strong>Licenca<\/strong><\/p>\n\n\n\n<p>Osim ako nije druga\u010dije navedeno, Prodam Iphone i\/ili davatelji licence stranice posjeduju prava intelektualnog vlasni\u0161tva za sav materijal na https:\/\/prodam-iphone.com. Sva prava intelektualnog vlasni\u0161tva su pridr\u017eana. Mo\u017eete mu pristupiti s https:\/\/prodam-iphone.com za svoju osobnu upotrebu u skladu s ograni\u010denjima navedenim u ovim Uvjetima.<\/p>\n\n\n\n<p>Ne smijete:<\/p>\n\n\n\n<ul>\n<li>Objavite materijal https:\/\/prodam-iphone.com bez dopu\u0161tenja.<\/li>\n\n\n\n<li>Prodajte, iznajmljujte ili podlicencirate materijal s https:\/\/prodam-iphone.com bez dopu\u0161tenja.<\/li>\n\n\n\n<li>Reproducirajte, umno\u017eavajte ili kopirajte materijal s https:\/\/prodam-iphone.com bez dopu\u0161tenja.<\/li>\n\n\n\n<li>Redistribuirajte sadr\u017eaj s https:\/\/prodam-iphone.com bez dopu\u0161tenja.<\/li>\n<\/ul>\n\n\n\n<p>Ovaj ugovor stupa na snagu danom ovog ugovora odn po izravnom dolasku na na\u0161u web stranicu.<\/p>\n\n\n\n<p>Dijelovi ove web stranice nude korisnicima mogu\u0107nost objavljivanja i dijeljenja mi\u0161ljenja i informacija u odre\u0111enim podru\u010djima web stranice. Iphone for sale ne filtrira, ne ure\u0111uje, ne objavljuje niti pregledava komentare prije njihove prisutnosti na web stranici. Komentari ne odra\u017eavaju stavove i mi\u0161ljenja tvrtke Prodam Iphone, njenih agenata i\/ili podru\u017enica. Komentari odra\u017eavaju stavove i mi\u0161ljenja osobe koja objavljuje svoje mi\u0161ljenje. U mjeri dopu\u0161tenoj va\u017ee\u0107im zakonom, Prodam Iphone nije odgovoran za komentare ili bilo kakvu odgovornost, \u0161tetu ili tro\u0161kove koji su nastali i\/ili nastali kao rezultat bilo kakvog kori\u0161tenja i\/ili objavljivanja i\/ili pojavljivanja komentara na ovoj web stranici.<\/p>\n\n\n\n<p>Prodam Iphone zadr\u017eava pravo nadzirati sve komentare i ukloniti sve komentare koji se mogu smatrati neprikladnim, uvredljivim ili dovesti do kr\u0161enja ovih uvjeta.<\/p>\n\n\n\n<p>Jam\u010dite i izjavljujete da:<\/p>\n\n\n\n<ul>\n<li>imate pravo objavljivati komentare na na\u0161oj web stranici i imate potrebne dozvole i suglasnosti za to;<\/li>\n\n\n\n<li>komentari ne kr\u0161e nikakva prava intelektualnog vlasni\u0161tva, uklju\u010duju\u0107i ograni\u010denja autorskih prava, patenata ili za\u0161titnih znakova tre\u0107ih strana;<\/li>\n\n\n\n<li>komentari ne sadr\u017ee nikakav klevetni\u010dki, klevetni\u010dki, uvredljiv, opscen ili na drugi na\u010din nezakonit materijal koji predstavlja zadiranje u privatnost;<\/li>\n\n\n\n<li>komentari se ne\u0107e koristiti za poticanje ili promicanje prodaje ili za predstavljanje komercijalnih ili nezakonitih aktivnosti.<\/li>\n<\/ul>\n\n\n\n<p>Ovime dajete Sell Iphone neisklju\u010divu licencu za kori\u0161tenje, reprodukciju, ure\u0111ivanje i ovlastite druge da koriste, reproduciraju i ure\u0111uju va\u0161e komentare u bilo kojem obliku, obliku ili mediju.<\/p>\n\n\n\n<p><strong>Hiperlink na na\u0161 sadr\u017eaj<\/strong><\/p>\n\n\n\n<p>Sljede\u0107e organizacije mogu se povezati s na\u0161im web mjestom bez prethodnog pismenog dopu\u0161tenja:<\/p>\n\n\n\n<ul>\n<li>dr\u017eavne agencije;<\/li>\n\n\n\n<li>tra\u017eilice;<\/li>\n\n\n\n<li>vijesti;<\/li>\n\n\n\n<li>distributeri internetskih imenika koji mogu povezivati na na\u0161u web stranicu na isti na\u010din kao hiperveza na web stranice drugih kotiranih tvrtki i<\/li>\n\n\n\n<li>akreditirane tvrtke u cijelom sustavu, isklju\u010duju\u0107i neprofitne organizacije, dobrotvorne trgova\u010dke centre i dobrotvorne grupe za prikupljanje sredstava, koje mo\u017eda ne\u0107e biti povezane hipervezom na na\u0161u web stranicu.<\/li>\n<\/ul>\n\n\n\n<p>Te se organizacije mogu povezati s na\u0161om po\u010detnom stranicom, publikacijama ili drugim podacima na web stranici pod uvjetom da poveznica: (a) nije ni na koji na\u010din obmanjuju\u0107a; (b) ne implicira la\u017eno sponzorstvo, potporu ili odobrenje povezane stranice i njenih proizvoda i\/ili usluga i (c) uklapa se u kontekst web stranice poveznice.<\/p>\n\n\n\n<p>Mo\u017eemo razmotriti i odobriti druge zahtjeve za povezivanje sljede\u0107ih vrsta organizacija:<\/p>\n\n\n\n<ul>\n<li>op\u0107e poznati izvori potro\u0161a\u010dkih i\/ili poslovnih informacija;<\/li>\n\n\n\n<li>dot.com zajednica<\/li>\n\n\n\n<li>udruge ili druge skupine koje predstavljaju dobrotvorne organizacije;<\/li>\n\n\n\n<li>distributeri online imenika;<\/li>\n\n\n\n<li>internetski portali;<\/li>\n\n\n\n<li>ra\u010dunovodstvene, pravne i konzultantske tvrtke te<\/li>\n\n\n\n<li>obrazovne ustanove i trgova\u010dka udru\u017eenja.<\/li>\n<\/ul>\n\n\n\n<p>Odobrit \u0107emo zahtjeve za poveznicama od ovih organizacija ako utvrdimo da: (a) ne\u0107emo u\u010diniti da poveznica izgleda neprikladno nama ili na\u0161im ovla\u0161tenim tvrtkama; (b) organizacija nema negativnu evidenciju kod nas; (c) dobrobit vidljivosti hiperveze nadokna\u0111uje nam odsutnost Iphone For Sale, i (d) poveznica je u kontekstu op\u0107ih informacija o resursima.<\/p>\n\n\n\n<p>Te se organizacije mogu povezati s na\u0161om po\u010detnom stranicom sve dok poveznica: (a) ni na koji na\u010din nije obmanjuju\u0107a; (b) ne implicira la\u017eno sponzorstvo, odobrenje ili podr\u0161ku stranice za povezivanje i njenih proizvoda ili usluga, i (c) uklapa se u kontekst web stranice strane za povezivanje. Ako ste jedna od gore navedenih organizacija i zainteresirani ste za povezivanje s na\u0161im stranicama, morate nas obavijestiti slanjem e-po\u0161te na info@prodam-iphone.com.<\/p>\n\n\n\n<p>Uklju\u010dite svoje ime, naziv organizacije, podatke za kontakt, kao i URL va\u0161e web stranice, popis svih URL-ova s kojih se namjeravate povezati na na\u0161u web stranicu i popis URL-ova na na\u0161oj web stranici na koje se \u017eelite povezati. Pri\u010dekajte 2-3 tjedna za odgovor.<\/p>\n\n\n\n<p>Odobrene organizacije mogu hiperlinkovati na na\u0161u stranicu:<\/p>\n\n\n\n<ul>\n<li>koriste\u0107i naziv na\u0161e tvrtke ili<\/li>\n\n\n\n<li>koriste\u0107i objedinjeni lokator izvora koji je povezan ili<\/li>\n\n\n\n<li>koriste\u0107i bilo koji drugi opis na\u0161e povezane stranice koji ima smisla u kontekstu i formatu sadr\u017eaja na povezuju\u0107oj web stranici korisnika.<\/li>\n<\/ul>\n\n\n\n<p>Za vezu, u nedostatku ugovora o licenci za\u0161titnog znaka, ne\u0107e biti dopu\u0161tena upotreba logotipa Sell Iphone ili drugog sadr\u017eaja.<\/p>\n\n\n\n<p><strong>iFrames<\/strong><\/p>\n\n\n\n<p>Bez prethodnog odobrenja i pismenog dopu\u0161tenja ne smijete na na\u0161im web stranicama stvarati okvire koji na bilo koji na\u010din mijenjaju vizualni prikaz ili izgled na\u0161e web stranice.<\/p>\n\n\n\n<p><strong>Odgovornost za sadr\u017eaj<\/strong><\/p>\n\n\n\n<p>Nismo odgovorni za bilo kakav sadr\u017eaj koji se pojavljuje na va\u0161oj stranici. Sla\u017eete se da \u0107ete nas obe\u0161tetiti i braniti od svih tvrdnji koje se pojavljuju na va\u0161oj web stranici. Niti jedna poveznica ne smije se pojaviti na bilo kojoj web stranici koja bi se mogla protuma\u010diti kao la\u017ena, opscena ili kriminalna ili koja kr\u0161i, na drugi na\u010din kr\u0161i ili zagovara kr\u0161enje ili drugo kr\u0161enje prava bilo koje tre\u0107e strane.<\/p>\n\n\n\n<p><strong>Zadr\u017eavanje prava<\/strong><\/p>\n\n\n\n<p>Zadr\u017eavamo pravo zahtijevati da uklonite sve poveznice ili bilo koje specifi\u010dne poveznice na na\u0161u web stranicu. Sla\u017eete se da \u0107ete na zahtjev odmah ukloniti sve poveznice na na\u0161u web stranicu. Tako\u0111er zadr\u017eavamo pravo izmjene ovih uvjeta i pravila u bilo kojem trenutku. Nastavkom postavljanja poveznica na na\u0161u web-stranicu, suglasni ste da \u0107ete biti vezani i slijediti ove uvjete i odredbe.<\/p>\n\n\n\n<p><strong>Uklanjanje poveznica s na\u0161e web stranice<\/strong><\/p>\n\n\n\n<p>Ako iz bilo kojeg razloga prona\u0111ete bilo koju vezu na na\u0161oj stranici koja je uvredljiva, mo\u017eete nas kontaktirati u bilo kojem trenutku i obavijestiti nas. Ispo\u0161tovat \u0107emo zahtjeve za uklanjanje poveznica, ali ne\u0107emo imati obvezu izravno odgovoriti na njih. Ne jam\u010dimo da su podaci na ovoj web stranici to\u010dni, ne jam\u010dimo njihovu cjelovitost ili to\u010dnost; niti obe\u0107avamo da \u0107emo osigurati da \u0107e web stranica ostati dostupna ili da \u0107e se materijali na web stranici kontinuirano a\u017eurirati.<\/p>\n\n\n\n<p><strong>Odricanje<\/strong><\/p>\n\n\n\n<p>U najve\u0107oj mjeri dopu\u0161tenoj va\u017ee\u0107im zakonom, isklju\u010dujemo sva predstavljanja, jamstva i uvjete koji se odnose na na\u0161u web stranicu i kori\u0161tenje ove web stranice. Ni\u0161ta u ovom odricanju odgovornosti ne\u0107e:<\/p>\n\n\n\n<p>Ograni\u010denja i isklju\u010denja odgovornosti navedeni u ovom odjeljku i drugdje u ovoj izjavi o odricanju od odgovornosti: (a) primjenjuju se u prethodnom stavku i (b) ure\u0111uju sve obveze koje proizlaze iz izjave o odricanju od odgovornosti, uklju\u010duju\u0107i ugovorne obveze koje proizlaze iz ugovora, delikta i kr\u0161enja zakonske obveze .<\/p>\n\n\n\n<p>Sve dok web stranica te informacije i usluge na web stranici ne budu dostupni besplatno, ne\u0107emo biti odgovorni za bilo kakav gubitak ili \u0161tetu.<\/p>\n\n\n\n<p><strong>Izvansudsko rje\u0161avanje potro\u0161a\u010dkih sporova<\/strong><\/p>\n\n\n\n<p>Sukladno zakonskim normama, tvrtka Prodam Iphone ne priznaje niti jednog pru\u017eatelja usluga izvansudskog rje\u0161avanja potro\u0161a\u010dkih sporova nadle\u017enim za rje\u0161avanje potro\u0161a\u010dkog spora koji bi potro\u0161a\u010d mogao pokrenuti sukladno Zakonu o izvansudskom postupku. rje\u0161avanje potro\u0161a\u010dkih sporova. Kao pru\u017eatelj roba i usluga, tvrtka na svojim web stranicama objavljuje elektroni\u010dku poveznicu na platformu za internetsko rje\u0161avanje potro\u0161a\u010dkih sporova (SRPS). Platforma je potro\u0161a\u010dima dostupna na elektroni\u010dkoj poveznici http:\/\/ec.europa.eu\/odr. Navedeni propis proizlazi iz Zakona o izvansudskom rje\u0161avanju potro\u0161a\u010dkih sporova, Uredbe (EU) br. 524\/2013 Europskog parlamenta i Vije\u0107a o internetskom rje\u0161avanju potro\u0161a\u010dkih sporova i izmjeni Uredbe (EZ) br. 2016\/2004 i Direktiva 200.<\/p>","protected":false},"excerpt":{"rendered":"<p>Op\u0107i uvjeti i odredbe Ovi uvjeti i odredbe opisuju pravila i propise za kori\u0161tenje web stranice Prodam Iphone koja se nalazi na https:\/\/prodam-iphone.com i svih njezinih poddomena. Pristupom ovoj web stranici smatra se da prihva\u0107ate ove uvjete i odredbe. Nemojte nastaviti koristiti https:\/\/prodam-iphone.com ako se ne sla\u017eete sa svim uvjetima i odredbama navedenima na ovoj stranici. Sljede\u0107a terminologija odnosi se na [\u2026]<\/p>","protected":false},"author":1,"featured_media":0,"parent":0,"menu_order":0,"comment_status":"closed","ping_status":"open","template":"","meta":{"_seopress_robots_primary_cat":"","_seopress_titles_title":"Splo\u0161ni pogoji","_seopress_titles_desc":"Ti pogoji opisujejo pravila in predpise za uporabo za spletnega mesta Prodam Iphone, ki se nahaja na https:\/\/prodam-iphone.com in vse njene poddomene.","_seopress_robots_index":"","ocean_post_layout":"","ocean_both_sidebars_style":"","ocean_both_sidebars_content_width":0,"ocean_both_sidebars_sidebars_width":0,"ocean_sidebar":"","ocean_second_sidebar":"","ocean_disable_margins":"enable","ocean_add_body_class":"","ocean_shortcode_before_top_bar":"","ocean_shortcode_after_top_bar":"","ocean_shortcode_before_header":"","ocean_shortcode_after_header":"","ocean_has_shortcode":"","ocean_shortcode_after_title":"","ocean_shortcode_before_footer_widgets":"","ocean_shortcode_after_footer_widgets":"","ocean_shortcode_before_footer_bottom":"","ocean_shortcode_after_footer_bottom":"","ocean_display_top_bar":"default","ocean_display_header":"default","ocean_header_style":"","ocean_center_header_left_menu":"","ocean_custom_header_template":"","ocean_custom_logo":0,"ocean_custom_retina_logo":0,"ocean_custom_logo_max_width":0,"ocean_custom_logo_tablet_max_width":0,"ocean_custom_logo_mobile_max_width":0,"ocean_custom_logo_max_height":0,"ocean_custom_logo_tablet_max_height":0,"ocean_custom_logo_mobile_max_height":0,"ocean_header_custom_menu":"","ocean_menu_typo_font_family":"","ocean_menu_typo_font_subset":"","ocean_menu_typo_font_size":0,"ocean_menu_typo_font_size_tablet":0,"ocean_menu_typo_font_size_mobile":0,"ocean_menu_typo_font_size_unit":"px","ocean_menu_typo_font_weight":"","ocean_menu_typo_font_weight_tablet":"","ocean_menu_typo_font_weight_mobile":"","ocean_menu_typo_transform":"","ocean_menu_typo_transform_tablet":"","ocean_menu_typo_transform_mobile":"","ocean_menu_typo_line_height":0,"ocean_menu_typo_line_height_tablet":0,"ocean_menu_typo_line_height_mobile":0,"ocean_menu_typo_line_height_unit":"","ocean_menu_typo_spacing":0,"ocean_menu_typo_spacing_tablet":0,"ocean_menu_typo_spacing_mobile":0,"ocean_menu_typo_spacing_unit":"","ocean_menu_link_color":"","ocean_menu_link_color_hover":"","ocean_menu_link_color_active":"","ocean_menu_link_background":"","ocean_menu_link_hover_background":"","ocean_menu_link_active_background":"","ocean_menu_social_links_bg":"","ocean_menu_social_hover_links_bg":"","ocean_menu_social_links_color":"","ocean_menu_social_hover_links_color":"","ocean_disable_title":"default","ocean_disable_heading":"default","ocean_post_title":"","ocean_post_subheading":"","ocean_post_title_style":"","ocean_post_title_background_color":"","ocean_post_title_background":0,"ocean_post_title_bg_image_position":"","ocean_post_title_bg_image_attachment":"","ocean_post_title_bg_image_repeat":"","ocean_post_title_bg_image_size":"","ocean_post_title_height":0,"ocean_post_title_bg_overlay":0.5,"ocean_post_title_bg_overlay_color":"","ocean_disable_breadcrumbs":"default","ocean_breadcrumbs_color":"","ocean_breadcrumbs_separator_color":"","ocean_breadcrumbs_links_color":"","ocean_breadcrumbs_links_hover_color":"","ocean_display_footer_widgets":"default","ocean_display_footer_bottom":"default","ocean_custom_footer_template":""},"_links":{"self":[{"href":"https:\/\/prodam-iphone.com\/hr\/wp-json\/wp\/v2\/pages\/1673"}],"collection":[{"href":"https:\/\/prodam-iphone.com\/hr\/wp-json\/wp\/v2\/pages"}],"about":[{"href":"https:\/\/prodam-iphone.com\/hr\/wp-json\/wp\/v2\/types\/page"}],"author":[{"embeddable":true,"href":"https:\/\/prodam-iphone.com\/hr\/wp-json\/wp\/v2\/users\/1"}],"replies":[{"embeddable":true,"href":"https:\/\/prodam-iphone.com\/hr\/wp-json\/wp\/v2\/comments?post=1673"}],"version-history":[{"count":1,"href":"https:\/\/prodam-iphone.com\/hr\/wp-json\/wp\/v2\/pages\/1673\/revisions"}],"predecessor-version":[{"id":1674,"href":"https:\/\/prodam-iphone.com\/hr\/wp-json\/wp\/v2\/pages\/1673\/revisions\/1674"}],"wp:attachment":[{"href":"https:\/\/prodam-iphone.com\/hr\/wp-json\/wp\/v2\/media?parent=1673"}],"curies":[{"name":"wp","href":"https:\/\/api.w.org\/{rel}","templated":true}]}}