{"id":3,"date":"2024-09-08T19:56:42","date_gmt":"2024-09-08T18:56:42","guid":{"rendered":"https:\/\/prodam-iphone.com\/?page_id=3"},"modified":"2024-10-17T19:24:58","modified_gmt":"2024-10-17T18:24:58","slug":"pravilnik-o-zasebnosti","status":"publish","type":"page","link":"https:\/\/prodam-iphone.com\/de\/datenschutzrichtlinie\/","title":{"rendered":"Datenschutzrichtlinie"},"content":{"rendered":"<h2 class=\"wp-block-heading\">Privatsph\u00e4re<\/h2>\n\n\n\n<ol>\n<li><strong>WAS WIR BRAUCHEN<\/strong><\/li>\n<\/ol>\n\n\n\n<p>Unsere Datenschutzerkl\u00e4rung regelt die Nutzung und Speicherung der Daten. Sie k\u00f6nnen die Richtlinie zum Schutz personenbezogener Daten auf der Seite \u201eDatenschutzerkl\u00e4rung\u201c (Anhang unten) einsehen. Iphone zu verkaufen, Trg Celjske knezov 1, 3000 Celje ist der Verwalter der von ihm bereitgestellten personenbezogenen Daten (betroffene Person: Sie, K\u00e4ufer, Besucher usw.). Wir erheben die folgenden Arten personenbezogener Daten:<\/p>\n\n\n\n<ul>\n<li>E-Mail-Adresse;<\/li>\n\n\n\n<li>Vor- und Nachname, Adresse, E-Mail-Adresse und Telefonnummer;<\/li>\n\n\n\n<li>Informationen \u00fcber Zahlungsmittel, wie Kredit- oder Zahlungskarteninformationen, Paypal und andere Zahlungsmethoden;<\/li>\n\n\n\n<li>Kopien pers\u00f6nlicher Dokumente, die die Richtigkeit personenbezogener Daten best\u00e4tigen;<\/li>\n\n\n\n<li>Cookies;<\/li>\n\n\n\n<li>Google Analytics und Yandex- und Cloudflare-Besuchsverfolgung;<\/li>\n\n\n\n<li>Links zu pers\u00f6nlichen Profilen in sozialen Gruppen.<\/li>\n<\/ul>\n\n\n\n<p>Wir erheben jede Art von personenbezogenen Daten im Bedarfsfall und mit gesonderter Einwilligung.<\/p>\n\n\n\n<ol start=\"2\">\n<li><strong>WARUM WIR SIE BRAUCHEN<\/strong><\/li>\n<\/ol>\n\n\n\n<p>F\u00fcr folgende Leistungen ben\u00f6tigen wir Ihre personenbezogenen Daten:<\/p>\n\n\n\n<ol>\n<li>E-Mail-Adresse zur Beantwortung Ihrer E-Mail-Nachrichten oder \u00fcber Kontaktformulare gesendeten Nachrichten;<\/li>\n\n\n\n<li>E-Mail-Adresse zum Versenden von Angeboten und E-News;<\/li>\n\n\n\n<li>Vor- und Nachname, Adresse, E-Mail-Adresse und Telefonnummer zur Annahme von Reservierungen, Anfragen und Zusendung von Angeboten oder im Zusammenhang mit der Erf\u00fcllung Ihrer sonstigen W\u00fcnsche;<\/li>\n\n\n\n<li>Vor- und Nachname, Adresse, E-Mail-Adresse und Telefonnummer f\u00fcr den Kauf von Geschenkgutscheinen, Gutscheinen oder Dienstleistungen und Artikeln im Zusammenhang mit unserem Angebot;<\/li>\n\n\n\n<li>Daten zu Zahlungsmitteln und Kopien pers\u00f6nlicher Dokumente zur Erbringung von Dienstleistungen;<\/li>\n\n\n\n<li>E-Mail-Adresse f\u00fcr automatisiertes Marketing (Reservierungsbest\u00e4tigung, Danke f\u00fcr Anmeldungen etc.);<\/li>\n\n\n\n<li>Cookies f\u00fcr den Betrieb der Website;<\/li>\n\n\n\n<li>Kommunikation \u00fcber soziale Gruppen mit pers\u00f6nlichen Profilen, die die Verbindung zu uns best\u00e4tigen;<\/li>\n\n\n\n<li>Vor- und Nachname, Adresse, E-Mail-Adresse und Telefonnummer f\u00fcr gelegentliche Gewinnspiele oder andere Werbekampagnen mit Ihrer vorherigen Zustimmung;<\/li>\n\n\n\n<li>Aggregierte Daten von Google Analytics oder Yandex Direct und Cloudflare zur Besuchsverfolgung und internen Analysen, mit denen wir Inhalte verbessern.<\/li>\n<\/ol>\n\n\n\n<ol>\n<li><strong>WAS WIR MIT PERSONENBEZOGENEN DATEN MACHEN<\/strong><\/li>\n<\/ol>\n\n\n\n<p>Ihre personenbezogenen Daten werden bei Prodam Iphone, Trg celjske knezov 1, 3000 Celje, mit Sitz in Slowenien, verarbeitet. Das Hosting und die Datenspeicherung erfolgt bei https:\/\/prodam-iphone.com mit Sitz in den L\u00e4ndern der Europ\u00e4ischen Union (Deutschland).<\/p>\n\n\n\n<p>Kein Drittanbieter hat Zugriff auf Ihre Daten, sofern dies nicht gesetzlich vorgeschrieben ist.<\/p>\n\n\n\n<ol start=\"4\">\n<li><strong>WIE LANGE WIR SIE AUFBEWAHREN<\/strong><\/li>\n<\/ol>\n\n\n\n<p>Auf unserer Website verwenden wir permanente Cookies f\u00fcr Links zu sozialen Diensten und anderen \u201eSharing\u201c-Anbietern sowie Cookies, die Ihnen helfen, Ihre beliebtesten Inhalte auf unserer Website immer wieder zu finden.<\/p>\n\n\n\n<ol start=\"5\">\n<li><strong>WAS SIND IHRE RECHTE?<\/strong><\/li>\n<\/ol>\n\n\n\n<p>Wenn Sie der Meinung sind, dass die von uns \u00fcber Sie gespeicherten personenbezogenen Daten falsch oder unvollst\u00e4ndig sind, haben Sie die M\u00f6glichkeit, eine Anfrage zur \u00dcberpr\u00fcfung, Berichtigung oder L\u00f6schung dieser Daten zu senden. Kontaktieren Sie uns \u00fcber (Formular zur Anforderung des Datenzugriffs). Wenn Sie sich dar\u00fcber beschweren m\u00f6chten, wie wir Ihre personenbezogenen Daten verarbeitet haben, wenden Sie sich an den Datenschutzbeauftragten bzw Ansprechpartner f\u00fcr Datenschutz (DPC, Data Protection Contact) unter der E-Mail-Adresse info@prodam-iphone.com oder schriftlich unter Prodam Iphone, Trg celjskih knezov 1, 3000 Celje.<\/p>\n\n\n\n<p>Unser DPC pr\u00fcft dann Ihre Beschwerde und teilt Ihnen mit, wie die Angelegenheit gel\u00f6st wurde. Wenn Sie immer noch der Meinung sind, dass Ihre personenbezogenen Daten nicht ordnungsgem\u00e4\u00df und im Einklang mit dem Gesetz verarbeitet wurden, k\u00f6nnen Sie sich an den Datenschutzbeauftragten wenden und bei ihm eine Beschwerde einreichen. Sie k\u00f6nnen Zugriff auf Richtlinien und Dokumente zum Thema Datenschutz anfordern, indem Sie ein spezielles Formular auf der Seite \u201eDatenschutzerkl\u00e4rung\u201c verwenden.<\/p>\n\n\n\n<p><strong>Zugeh\u00f6rige Dokumente:<\/strong><\/p>\n\n\n\n<ul>\n<li>Richtlinie zum Schutz personenbezogener Daten<\/li>\n\n\n\n<li>Richtlinie zur Aufbewahrung personenbezogener Daten (auf Anfrage per E-Mail oder pers\u00f6nlich)<\/li>\n\n\n\n<li>Zeitplan f\u00fcr die Aufbewahrung personenbezogener Daten (auf Anfrage per E-Mail oder pers\u00f6nlich)<\/li>\n\n\n\n<li>Datenschutzhinweis<\/li>\n\n\n\n<li>Allgemeine Gesch\u00e4ftsbedingungen<\/li>\n\n\n\n<li>Einwilligungsformular<\/li>\n\n\n\n<li>Formular zum Widerruf der Einwilligung<\/li>\n<\/ul>\n\n\n\n<p>Celje, 30.09.2024, Ver. Dokumente: 1.0<\/p>","protected":false},"excerpt":{"rendered":"<p>Zasebnost Na\u0161a politika varovanja osebnih podatkov ureja uporabo in shranjevanje podatkov. Politiko varovanja osebnih podatkov si lahko ogledate na strani Obvestilo o zasebnosti (priloga spodaj). Prodam Iphone, Trg celjskih knezov 1, 3000 Celje je upravljalec osebnih podatkov, ki jih posreduje (subjekt podatkov: vi, kupec, obiskovalec itd.). Zbiramo naslednje vrste osebnih podatkov: Vsak osebni podatek po [&hellip;]<\/p>","protected":false},"author":1,"featured_media":0,"parent":0,"menu_order":0,"comment_status":"closed","ping_status":"open","template":"","meta":{"_seopress_robots_primary_cat":"","_seopress_titles_title":"Pravilnik o zasebnosti za odkup mobilnih telefonov","_seopress_titles_desc":"Na\u0161a politika varovanja osebnih podatkov ureja uporabo in shranjevanje podatkov.","_seopress_robots_index":"","ocean_post_layout":"","ocean_both_sidebars_style":"","ocean_both_sidebars_content_width":0,"ocean_both_sidebars_sidebars_width":0,"ocean_sidebar":"","ocean_second_sidebar":"","ocean_disable_margins":"enable","ocean_add_body_class":"","ocean_shortcode_before_top_bar":"","ocean_shortcode_after_top_bar":"","ocean_shortcode_before_header":"","ocean_shortcode_after_header":"","ocean_has_shortcode":"","ocean_shortcode_after_title":"","ocean_shortcode_before_footer_widgets":"","ocean_shortcode_after_footer_widgets":"","ocean_shortcode_before_footer_bottom":"","ocean_shortcode_after_footer_bottom":"","ocean_display_top_bar":"default","ocean_display_header":"default","ocean_header_style":"","ocean_center_header_left_menu":"","ocean_custom_header_template":"","ocean_custom_logo":0,"ocean_custom_retina_logo":0,"ocean_custom_logo_max_width":0,"ocean_custom_logo_tablet_max_width":0,"ocean_custom_logo_mobile_max_width":0,"ocean_custom_logo_max_height":0,"ocean_custom_logo_tablet_max_height":0,"ocean_custom_logo_mobile_max_height":0,"ocean_header_custom_menu":"","ocean_menu_typo_font_family":"","ocean_menu_typo_font_subset":"","ocean_menu_typo_font_size":0,"ocean_menu_typo_font_size_tablet":0,"ocean_menu_typo_font_size_mobile":0,"ocean_menu_typo_font_size_unit":"px","ocean_menu_typo_font_weight":"","ocean_menu_typo_font_weight_tablet":"","ocean_menu_typo_font_weight_mobile":"","ocean_menu_typo_transform":"","ocean_menu_typo_transform_tablet":"","ocean_menu_typo_transform_mobile":"","ocean_menu_typo_line_height":0,"ocean_menu_typo_line_height_tablet":0,"ocean_menu_typo_line_height_mobile":0,"ocean_menu_typo_line_height_unit":"","ocean_menu_typo_spacing":0,"ocean_menu_typo_spacing_tablet":0,"ocean_menu_typo_spacing_mobile":0,"ocean_menu_typo_spacing_unit":"","ocean_menu_link_color":"","ocean_menu_link_color_hover":"","ocean_menu_link_color_active":"","ocean_menu_link_background":"","ocean_menu_link_hover_background":"","ocean_menu_link_active_background":"","ocean_menu_social_links_bg":"","ocean_menu_social_hover_links_bg":"","ocean_menu_social_links_color":"","ocean_menu_social_hover_links_color":"","ocean_disable_title":"default","ocean_disable_heading":"default","ocean_post_title":"","ocean_post_subheading":"","ocean_post_title_style":"","ocean_post_title_background_color":"","ocean_post_title_background":0,"ocean_post_title_bg_image_position":"","ocean_post_title_bg_image_attachment":"","ocean_post_title_bg_image_repeat":"","ocean_post_title_bg_image_size":"","ocean_post_title_height":0,"ocean_post_title_bg_overlay":0.5,"ocean_post_title_bg_overlay_color":"","ocean_disable_breadcrumbs":"default","ocean_breadcrumbs_color":"","ocean_breadcrumbs_separator_color":"","ocean_breadcrumbs_links_color":"","ocean_breadcrumbs_links_hover_color":"","ocean_display_footer_widgets":"default","ocean_display_footer_bottom":"default","ocean_custom_footer_template":""},"_links":{"self":[{"href":"https:\/\/prodam-iphone.com\/de\/wp-json\/wp\/v2\/pages\/3"}],"collection":[{"href":"https:\/\/prodam-iphone.com\/de\/wp-json\/wp\/v2\/pages"}],"about":[{"href":"https:\/\/prodam-iphone.com\/de\/wp-json\/wp\/v2\/types\/page"}],"author":[{"embeddable":true,"href":"https:\/\/prodam-iphone.com\/de\/wp-json\/wp\/v2\/users\/1"}],"replies":[{"embeddable":true,"href":"https:\/\/prodam-iphone.com\/de\/wp-json\/wp\/v2\/comments?post=3"}],"version-history":[{"count":2,"href":"https:\/\/prodam-iphone.com\/de\/wp-json\/wp\/v2\/pages\/3\/revisions"}],"predecessor-version":[{"id":1622,"href":"https:\/\/prodam-iphone.com\/de\/wp-json\/wp\/v2\/pages\/3\/revisions\/1622"}],"wp:attachment":[{"href":"https:\/\/prodam-iphone.com\/de\/wp-json\/wp\/v2\/media?parent=3"}],"curies":[{"name":"wp","href":"https:\/\/api.w.org\/{rel}","templated":true}]}}