{"id":1675,"date":"2024-10-26T23:59:25","date_gmt":"2024-10-26T22:59:25","guid":{"rendered":"https:\/\/prodam-iphone.com\/?page_id=1675"},"modified":"2024-10-26T23:59:26","modified_gmt":"2024-10-26T22:59:26","slug":"politika-piskotkov","status":"publish","type":"page","link":"https:\/\/prodam-iphone.com\/de\/cookie-richtlinie\/","title":{"rendered":"Cookie-Richtlinie"},"content":{"rendered":"<p><strong>KEKSE<\/strong><\/p>\n\n\n\n<p>Die Website verwendet Cookies. Durch den Zugriff auf https:\/\/prodam-iphone.com haben Sie der Verwendung von Cookies im Einvernehmen mit dem Unternehmen zugestimmt<br>Iphone zu verkaufen, Trg Celjske knezov 1, 3000 Celje und Datenschutzbestimmungen auf der Website. Die meisten interaktiven Websites verwenden Cookies, die es uns erm\u00f6glichen, bei jedem Besuch Benutzerdaten abzurufen. Wir verwenden auf unserer Website Cookies, um die Funktionalit\u00e4t bestimmter Bereiche zu erm\u00f6glichen und den Besuchern den Besuch unserer Website zu erleichtern. Einige unserer Affiliate-\/Werbepartner verwenden m\u00f6glicherweise auch Cookies von Drittanbietern.<\/p>\n\n\n\n<p>Die Website https:\/\/prodam-iphone.com verwendet die folgenden Cookies:<\/p>\n\n\n\n<p>Obligatorische Cookies<\/p>\n\n\n\n<figure class=\"wp-block-table\"><table><tbody><tr><td>Name<\/td><td>Dauer<\/td><td>Zweck<\/td><\/tr><tr><td>__cfduid<\/td><td>4 Wochen<\/td><td>Ein Cookie wird von CloudFlare gesetzt. Das Cookie wird verwendet, um einzelne Benutzer zu identifizieren, die dieselbe IP-Adresse verwenden, und um Sicherheitseinstellungen f\u00fcr jeden Kunden vorzunehmen. Es gleicht keine Benutzer-IDs in der Webanwendung ab und speichert keine pers\u00f6nlichen Informationen.<\/td><\/tr><\/tbody><\/table><\/figure>\n\n\n\n<p>Optionale Cookies (Werbung)<\/p>\n\n\n\n<figure class=\"wp-block-table\"><table><tbody><tr><td>Name<\/td><td>Dauer<\/td><td>Zweck<\/td><\/tr><tr><td>NID<\/td><td>6 Monate<\/td><td>Dieses Cookie wird verwendet, um ein Profil basierend auf den Interessen des Benutzers zu erstellen und ihm personalisierte Anzeigen anzuzeigen<\/td><\/tr><\/tbody><\/table><\/figure>","protected":false},"excerpt":{"rendered":"<p>PI\u0160KOTKI Spletno mesto uporablja pi\u0161kotke. Z dostopom do https:\/\/prodam-iphone.com ste se dogovorili za uporabo pi\u0161kotkov v dogovoru s podjetjemProdam Iphone, Trg celjskih knezov 1, 3000 Celje in politiko zasebnosti na spletnem mestu. Ve\u010dina interaktivnih spletnih strani uporablja pi\u0161kotke, s katerimi lahko pridobimo podrobnosti uporabnika za vsak obisk. Pi\u0161kotke uporabljamo na na\u0161em spletnem mestu, da omogo\u010dimo [&hellip;]<\/p>","protected":false},"author":1,"featured_media":0,"parent":0,"menu_order":0,"comment_status":"closed","ping_status":"open","template":"","meta":{"_seopress_robots_primary_cat":"","_seopress_titles_title":"PI\u0160KOTKI","_seopress_titles_desc":"Spletno mesto uporablja pi\u0161kotke.","_seopress_robots_index":"","ocean_post_layout":"","ocean_both_sidebars_style":"","ocean_both_sidebars_content_width":0,"ocean_both_sidebars_sidebars_width":0,"ocean_sidebar":"","ocean_second_sidebar":"","ocean_disable_margins":"enable","ocean_add_body_class":"","ocean_shortcode_before_top_bar":"","ocean_shortcode_after_top_bar":"","ocean_shortcode_before_header":"","ocean_shortcode_after_header":"","ocean_has_shortcode":"","ocean_shortcode_after_title":"","ocean_shortcode_before_footer_widgets":"","ocean_shortcode_after_footer_widgets":"","ocean_shortcode_before_footer_bottom":"","ocean_shortcode_after_footer_bottom":"","ocean_display_top_bar":"default","ocean_display_header":"default","ocean_header_style":"","ocean_center_header_left_menu":"","ocean_custom_header_template":"","ocean_custom_logo":0,"ocean_custom_retina_logo":0,"ocean_custom_logo_max_width":0,"ocean_custom_logo_tablet_max_width":0,"ocean_custom_logo_mobile_max_width":0,"ocean_custom_logo_max_height":0,"ocean_custom_logo_tablet_max_height":0,"ocean_custom_logo_mobile_max_height":0,"ocean_header_custom_menu":"","ocean_menu_typo_font_family":"","ocean_menu_typo_font_subset":"","ocean_menu_typo_font_size":0,"ocean_menu_typo_font_size_tablet":0,"ocean_menu_typo_font_size_mobile":0,"ocean_menu_typo_font_size_unit":"px","ocean_menu_typo_font_weight":"","ocean_menu_typo_font_weight_tablet":"","ocean_menu_typo_font_weight_mobile":"","ocean_menu_typo_transform":"","ocean_menu_typo_transform_tablet":"","ocean_menu_typo_transform_mobile":"","ocean_menu_typo_line_height":0,"ocean_menu_typo_line_height_tablet":0,"ocean_menu_typo_line_height_mobile":0,"ocean_menu_typo_line_height_unit":"","ocean_menu_typo_spacing":0,"ocean_menu_typo_spacing_tablet":0,"ocean_menu_typo_spacing_mobile":0,"ocean_menu_typo_spacing_unit":"","ocean_menu_link_color":"","ocean_menu_link_color_hover":"","ocean_menu_link_color_active":"","ocean_menu_link_background":"","ocean_menu_link_hover_background":"","ocean_menu_link_active_background":"","ocean_menu_social_links_bg":"","ocean_menu_social_hover_links_bg":"","ocean_menu_social_links_color":"","ocean_menu_social_hover_links_color":"","ocean_disable_title":"default","ocean_disable_heading":"default","ocean_post_title":"","ocean_post_subheading":"","ocean_post_title_style":"","ocean_post_title_background_color":"","ocean_post_title_background":0,"ocean_post_title_bg_image_position":"","ocean_post_title_bg_image_attachment":"","ocean_post_title_bg_image_repeat":"","ocean_post_title_bg_image_size":"","ocean_post_title_height":0,"ocean_post_title_bg_overlay":0.5,"ocean_post_title_bg_overlay_color":"","ocean_disable_breadcrumbs":"default","ocean_breadcrumbs_color":"","ocean_breadcrumbs_separator_color":"","ocean_breadcrumbs_links_color":"","ocean_breadcrumbs_links_hover_color":"","ocean_display_footer_widgets":"default","ocean_display_footer_bottom":"default","ocean_custom_footer_template":""},"_links":{"self":[{"href":"https:\/\/prodam-iphone.com\/de\/wp-json\/wp\/v2\/pages\/1675"}],"collection":[{"href":"https:\/\/prodam-iphone.com\/de\/wp-json\/wp\/v2\/pages"}],"about":[{"href":"https:\/\/prodam-iphone.com\/de\/wp-json\/wp\/v2\/types\/page"}],"author":[{"embeddable":true,"href":"https:\/\/prodam-iphone.com\/de\/wp-json\/wp\/v2\/users\/1"}],"replies":[{"embeddable":true,"href":"https:\/\/prodam-iphone.com\/de\/wp-json\/wp\/v2\/comments?post=1675"}],"version-history":[{"count":1,"href":"https:\/\/prodam-iphone.com\/de\/wp-json\/wp\/v2\/pages\/1675\/revisions"}],"predecessor-version":[{"id":1676,"href":"https:\/\/prodam-iphone.com\/de\/wp-json\/wp\/v2\/pages\/1675\/revisions\/1676"}],"wp:attachment":[{"href":"https:\/\/prodam-iphone.com\/de\/wp-json\/wp\/v2\/media?parent=1675"}],"curies":[{"name":"wp","href":"https:\/\/api.w.org\/{rel}","templated":true}]}}