{"id":1673,"date":"2024-10-26T23:57:59","date_gmt":"2024-10-26T22:57:59","guid":{"rendered":"https:\/\/prodam-iphone.com\/?page_id=1673"},"modified":"2024-10-26T23:58:00","modified_gmt":"2024-10-26T22:58:00","slug":"splosni-pogoji","status":"publish","type":"page","link":"https:\/\/prodam-iphone.com\/de\/allgemeine-geschaftsbedingungen\/","title":{"rendered":"Allgemeine Gesch\u00e4ftsbedingungen"},"content":{"rendered":"<p><strong>Allgemeine Gesch\u00e4ftsbedingungen<\/strong><\/p>\n\n\n\n<p>Diese Bedingungen beschreiben die Regeln und Vorschriften f\u00fcr die Nutzung der Prodam Iphone-Website unter https:\/\/prodam-iphone.com und aller ihrer Subdomains. Durch den Zugriff auf diese Website gehen wir davon aus, dass Sie diese Bedingungen akzeptieren. Nutzen Sie https:\/\/prodam-iphone.com nicht weiter, wenn Sie nicht allen auf dieser Seite aufgef\u00fchrten Bedingungen zustimmen.<\/p>\n\n\n\n<p>Die folgende Terminologie bezieht sich auf diese Allgemeinen Gesch\u00e4ftsbedingungen, die Datenschutzerkl\u00e4rung und den Haftungsausschluss sowie alle Vereinbarungen: \u201eKunde\u201c, \u201eSie\u201c und \u201eIhr\u201c bezieht sich auf Sie, die Person, die sich auf dieser Website registriert und die Bedingungen des Unternehmens einh\u00e4lt . \u201eUnternehmen\u201c, \u201eunsere\u201c, \u201ewir\u201c, \u201eunser\u201c und \u201euns\u201c beziehen sich auf unser Unternehmen. \u201eKunde\u201c, \u201eAuftragnehmer\u201c oder \u201euns\u201c bezieht sich sowohl auf den Kunden als auch auf uns selbst. Alle Bedingungen beziehen sich auf das Angebot, die Annahme und die Ber\u00fccksichtigung der Zahlung, die erforderlich ist, um das Verfahren unserer Unterst\u00fctzung f\u00fcr den Kunden auf die am besten geeignete Weise durchzuf\u00fchren, mit dem ausdr\u00fccklichen Ziel, die Bed\u00fcrfnisse des Kunden f\u00fcr die Erbringung der angegebenen Dienstleistungen gem\u00e4\u00df und zu befriedigen unter Ber\u00fccksichtigung des geltenden Gesetzes Sloweniens. Jede Verwendung der oben genannten Terminologie oder anderer W\u00f6rter im Singular, Plural, in Gro\u00df- und Kleinschreibung und\/oder er\/sie oder sie gilt als austauschbar und bezieht sich daher auf dasselbe.<\/p>\n\n\n\n<p><strong>Kekse<\/strong><\/p>\n\n\n\n<p>Die Website verwendet Cookies. Durch den Zugriff auf https:\/\/prodam-iphone.com stimmen Sie der Verwendung von Cookies in \u00dcbereinstimmung mit der Firma Prodam Iphone und den Datenschutzbestimmungen auf der Website zu. Die meisten interaktiven Websites verwenden Cookies, die es uns erm\u00f6glichen, bei jedem Besuch Benutzerdaten abzurufen. Wir verwenden auf unserer Website Cookies, um die Funktionalit\u00e4t bestimmter Bereiche zu erm\u00f6glichen und den Besuchern den Besuch unserer Website zu erleichtern. Einige unserer Affiliate-\/Werbepartner verwenden m\u00f6glicherweise auch Cookies von Drittanbietern.<\/p>\n\n\n\n<p><strong>Lizenz<\/strong><\/p>\n\n\n\n<p>Sofern nicht anders angegeben, besitzen Prodam Iphone und\/oder die Lizenzgeber der Website die geistigen Eigentumsrechte f\u00fcr alle Materialien auf https:\/\/prodam-iphone.com. Alle geistigen Eigentumsrechte bleiben vorbehalten. Sie k\u00f6nnen \u00fcber https:\/\/prodam-iphone.com f\u00fcr Ihren pers\u00f6nlichen Gebrauch darauf zugreifen, vorbehaltlich der in diesen Bedingungen festgelegten Einschr\u00e4nkungen.<\/p>\n\n\n\n<p>Sie d\u00fcrfen nicht:<\/p>\n\n\n\n<ul>\n<li>Ver\u00f6ffentlichen Sie Material unter https:\/\/prodam-iphone.com ohne Genehmigung.<\/li>\n\n\n\n<li>Ohne Genehmigung Material von https:\/\/prodam-iphone.com verkaufen, vermieten oder unterlizenzieren.<\/li>\n\n\n\n<li>Reproduzieren, duplizieren oder kopieren Sie Material von https:\/\/prodam-iphone.com ohne Genehmigung.<\/li>\n\n\n\n<li>Inhalte von https:\/\/prodam-iphone.com ohne Genehmigung weiterverbreiten.<\/li>\n<\/ul>\n\n\n\n<p>Diese Vereinbarung tritt am Datum dieser Vereinbarung bzw. in Kraft bei direkter Ankunft auf unserer Website.<\/p>\n\n\n\n<p>Teile dieser Website bieten Benutzern die M\u00f6glichkeit, in bestimmten Bereichen der Website Meinungen und Informationen zu ver\u00f6ffentlichen und auszutauschen. Iphone for sale filtert, bearbeitet, ver\u00f6ffentlicht oder \u00fcberpr\u00fcft Kommentare nicht, bevor sie auf der Website erscheinen. Kommentare spiegeln nicht die Ansichten und Meinungen von Prodam Iphone, seinen Vertretern und\/oder verbundenen Unternehmen wider. Kommentare spiegeln die Ansichten und Meinungen der Person wider, die ihre Meinung ver\u00f6ffentlicht. Soweit gesetzlich zul\u00e4ssig, \u00fcbernimmt Prodam Iphone keine Verantwortung f\u00fcr Kommentare oder jegliche Haftung, Sch\u00e4den oder Kosten, die durch die Nutzung und\/oder Ver\u00f6ffentlichung und\/oder das Erscheinen von Kommentaren auf dieser Website entstehen und\/oder entstehen.<\/p>\n\n\n\n<p>Prodam Iphone beh\u00e4lt sich das Recht vor, alle Kommentare zu \u00fcberwachen und alle Kommentare zu entfernen, die als unangemessen oder beleidigend angesehen werden oder einen Versto\u00df gegen diese Bedingungen darstellen.<\/p>\n\n\n\n<p>Sie gew\u00e4hrleisten und sichern zu, dass:<\/p>\n\n\n\n<ul>\n<li>Sie sind berechtigt, Kommentare auf unserer Website zu posten und verf\u00fcgen \u00fcber die hierf\u00fcr erforderlichen Berechtigungen und Einwilligungen;<\/li>\n\n\n\n<li>die Kommentare keine Rechte an geistigem Eigentum verletzen, einschlie\u00dflich Beschr\u00e4nkungen von Urheberrechten, Patenten oder Marken Dritter;<\/li>\n\n\n\n<li>die Kommentare kein verleumderisches, verleumderisches, beleidigendes, obsz\u00f6nes oder anderweitig rechtswidriges Material enthalten, das einen Eingriff in die Privatsph\u00e4re darstellt;<\/li>\n\n\n\n<li>Kommentare werden nicht dazu verwendet, Verk\u00e4ufe zu erbitten oder zu f\u00f6rdern oder kommerzielle oder illegale Aktivit\u00e4ten darzustellen.<\/li>\n<\/ul>\n\n\n\n<p>Sie gew\u00e4hren Sell Iphone hiermit eine nicht-exklusive Lizenz zur Nutzung, Vervielf\u00e4ltigung, Bearbeitung und erm\u00e4chtigen andere zur Nutzung, Vervielf\u00e4ltigung und Bearbeitung Ihrer Kommentare in jeglicher Form, Form und auf jedem Medium.<\/p>\n\n\n\n<p><strong>Hyperlink zu unseren Inhalten<\/strong><\/p>\n\n\n\n<p>Die folgenden Organisationen d\u00fcrfen ohne vorherige schriftliche Genehmigung auf unsere Website verlinken:<\/p>\n\n\n\n<ul>\n<li>Regierungsbeh\u00f6rden;<\/li>\n\n\n\n<li>Suchmaschinen;<\/li>\n\n\n\n<li>Nachricht;<\/li>\n\n\n\n<li>Vertreiber von Online-Verzeichnissen, die auf die gleiche Weise auf unsere Website verweisen k\u00f6nnen wie Hyperlinks auf die Websites anderer gelisteter Unternehmen und<\/li>\n\n\n\n<li>akkreditierte Unternehmen im gesamten System, mit Ausnahme von gemeinn\u00fctzigen Organisationen, Wohlt\u00e4tigkeitseinkaufszentren und gemeinn\u00fctzigen Spendengruppen, die nicht \u00fcber einen Hyperlink auf unserer Website verlinkt sein d\u00fcrfen.<\/li>\n<\/ul>\n\n\n\n<p>Diese Organisationen k\u00f6nnen auf unsere Homepage, Ver\u00f6ffentlichungen oder andere Website-Informationen verlinken, sofern der Link: (a) in keiner Weise irref\u00fchrend ist; (b) stellt kein falsches Sponsoring, keine Billigung oder Billigung der verlinkten Website und ihrer Produkte und\/oder Dienstleistungen dar und (c) passt in den Kontext der Website der verlinkenden Partei.<\/p>\n\n\n\n<p>Wir k\u00f6nnen andere Linkanfragen der folgenden Arten von Organisationen ber\u00fccksichtigen und genehmigen:<\/p>\n\n\n\n<ul>\n<li>allgemein bekannte Quellen f\u00fcr Verbraucher- und\/oder Gesch\u00e4ftsinformationen;<\/li>\n\n\n\n<li>dot.com-Community<\/li>\n\n\n\n<li>Vereine oder andere Gruppen, die Wohlt\u00e4tigkeitsorganisationen vertreten;<\/li>\n\n\n\n<li>Online-Verteiler von Verzeichnissen;<\/li>\n\n\n\n<li>Internetportale;<\/li>\n\n\n\n<li>Buchhaltungs-, Rechts- und Beratungsunternehmen und<\/li>\n\n\n\n<li>Bildungseinrichtungen und Berufsverb\u00e4nde.<\/li>\n<\/ul>\n\n\n\n<p>Wir genehmigen Anfragen f\u00fcr Links von diesen Organisationen, wenn wir zu dem Schluss kommen, dass: (a) wir den Link nicht f\u00fcr uns oder unsere akkreditierten Unternehmen als unangemessen erscheinen lassen w\u00fcrden; (b) die Organisation hat keine negativen Aufzeichnungen bei uns; (c) der Sichtbarkeitsvorteil des Hyperlinks entsch\u00e4digt uns f\u00fcr das Fehlen von Iphone For Sale und (d) der Link steht im Zusammenhang mit allgemeinen Informationen \u00fcber die Ressourcen.<\/p>\n\n\n\n<p>Diese Organisationen d\u00fcrfen auf unsere Homepage verlinken, solange der Link: (a) in keiner Weise irref\u00fchrend ist; (b) kein falsches Sponsoring, keine Billigung oder Bef\u00fcrwortung der verlinkten Website und ihrer Produkte oder Dienstleistungen impliziert und (c) in den Kontext der Website der verlinkenden Partei passt. Wenn Sie zu den oben aufgef\u00fchrten Organisationen geh\u00f6ren und an einer Verlinkung zu unserer Website interessiert sind, m\u00fcssen Sie uns dies per E-Mail an info@prodam-iphone.com mitteilen.<\/p>\n\n\n\n<p>Bitte geben Sie Ihren Namen, den Namen Ihrer Organisation, Kontaktinformationen sowie die URL Ihrer Website, eine Liste aller URLs, von denen Sie auf unsere Website verlinken m\u00f6chten, und eine Liste der URLs auf unserer Website an, auf die Sie verlinken m\u00f6chten. Bitte erlauben Sie 2-3 Wochen f\u00fcr eine Antwort.<\/p>\n\n\n\n<p>Zugelassene Organisationen k\u00f6nnen einen Hyperlink zu unserer Website erstellen:<\/p>\n\n\n\n<ul>\n<li>unter Verwendung unseres Firmennamens bzw<\/li>\n\n\n\n<li>Verwenden eines einheitlichen Ressourcen-Locators, der verkn\u00fcpft ist oder<\/li>\n\n\n\n<li>Verwendung einer anderen Beschreibung unserer verlinkten Website, die im Kontext und Format des Inhalts auf der verlinkten Kundenseite sinnvoll ist.<\/li>\n<\/ul>\n\n\n\n<p>F\u00fcr den Link ist die Verwendung des Sell Iphone-Logos oder anderer Inhalte in Ermangelung einer Markenlizenzvereinbarung nicht gestattet.<\/p>\n\n\n\n<p><strong>iFrames<\/strong><\/p>\n\n\n\n<p>Ohne vorherige Genehmigung und schriftliche Genehmigung d\u00fcrfen Sie auf unseren Websites keine Frames erstellen, die in irgendeiner Weise die visuelle Darstellung oder das Erscheinungsbild unserer Website ver\u00e4ndern.<\/p>\n\n\n\n<p><strong>Inhaltliche Verantwortung<\/strong><\/p>\n\n\n\n<p>Wir sind nicht verantwortlich f\u00fcr den Inhalt, der auf Ihrer Website erscheint. Sie erkl\u00e4ren sich damit einverstanden, uns von allen Anspr\u00fcchen freizustellen und zu verteidigen, die auf Ihrer Website erscheinen. Auf keiner Website darf ein Link erscheinen, der als falsch, obsz\u00f6n oder kriminell ausgelegt werden k\u00f6nnte oder der die Rechte Dritter verletzt, anderweitig verletzt oder deren Verletzung oder sonstige Verletzung bef\u00fcrwortet.<\/p>\n\n\n\n<p><strong>Rechtsvorbehalt<\/strong><\/p>\n\n\n\n<p>Wir behalten uns das Recht vor, Sie aufzufordern, alle Links oder einen bestimmten Link zu unserer Website zu entfernen. Sie erkl\u00e4ren sich damit einverstanden, alle Links zu unserer Website auf Anfrage unverz\u00fcglich zu entfernen. Wir behalten uns au\u00dferdem das Recht vor, diese Allgemeinen Gesch\u00e4ftsbedingungen und die mit der Richtlinie verkn\u00fcpften Regeln jederzeit zu \u00e4ndern. Indem Sie weiterhin auf unsere Website verlinken, erkl\u00e4ren Sie sich damit einverstanden, an diese Allgemeinen Gesch\u00e4ftsbedingungen gebunden zu sein und diese zu befolgen.<\/p>\n\n\n\n<p><strong>Entfernung von Links von unserer Website<\/strong><\/p>\n\n\n\n<p>Wenn Sie auf unserer Website einen Link finden, der aus irgendeinem Grund anst\u00f6\u00dfig ist, k\u00f6nnen Sie uns jederzeit kontaktieren, um uns dies mitzuteilen. Wir werden Aufforderungen zur Entfernung von Links nachkommen, sind jedoch nicht verpflichtet, direkt darauf zu antworten. Wir \u00fcbernehmen keine Gew\u00e4hr f\u00fcr die Richtigkeit der Informationen auf dieser Website, wir \u00fcbernehmen keine Gew\u00e4hr f\u00fcr deren Vollst\u00e4ndigkeit oder Richtigkeit; Wir versprechen auch nicht, sicherzustellen, dass die Website verf\u00fcgbar bleibt oder dass die Materialien auf der Website kontinuierlich aktualisiert werden.<\/p>\n\n\n\n<p><strong>Haftungsausschluss<\/strong><\/p>\n\n\n\n<p>Soweit gesetzlich zul\u00e4ssig, schlie\u00dfen wir alle Zusicherungen, Gew\u00e4hrleistungen und Bedingungen im Zusammenhang mit unserer Website und der Nutzung dieser Website aus. Nichts in diesem Haftungsausschluss wird:<\/p>\n\n\n\n<p>Die in diesem Abschnitt und an anderer Stelle in diesem Haftungsausschluss dargelegten Haftungsbeschr\u00e4nkungen und -ausschl\u00fcsse: (a) gelten im vorstehenden Absatz und (b) regeln alle Verpflichtungen, die sich aus dem Haftungsausschluss ergeben, einschlie\u00dflich vertraglicher Verpflichtungen aus Vertrag, unerlaubter Handlung und Verletzung gesetzlicher Pflichten .<\/p>\n\n\n\n<p>Solange die Website und die Informationen und Dienste auf der Website nicht kostenlos zur Verf\u00fcgung stehen, haften wir nicht f\u00fcr Verluste oder Sch\u00e4den.<\/p>\n\n\n\n<p><strong>Au\u00dfergerichtliche Beilegung von Verbraucherstreitigkeiten<\/strong><\/p>\n\n\n\n<p>In \u00dcbereinstimmung mit den gesetzlichen Normen erkennt die Firma Prodam Iphone keinen Anbieter au\u00dfergerichtlicher Beilegung von Verbraucherstreitigkeiten als zust\u00e4ndig f\u00fcr die Beilegung eines Verbraucherstreits an, den der Verbraucher gem\u00e4\u00df dem Gesetz \u00fcber au\u00dfergerichtliche Streitigkeiten einleiten k\u00f6nnte Beilegung von Verbraucherstreitigkeiten. Als Anbieter von Waren und Dienstleistungen ver\u00f6ffentlicht das Unternehmen auf seiner Website einen elektronischen Link zur Plattform zur Online-Beilegung verbraucherrechtlicher Streitigkeiten (SRPS). Die Plattform steht Verbrauchern unter dem elektronischen Link http:\/\/ec.europa.eu\/odr zur Verf\u00fcgung. Die vorgenannte Regelung stammt aus dem Gesetz zur au\u00dfergerichtlichen Beilegung verbraucherrechtlicher Streitigkeiten, Verordnung (EU) Nr. 524\/2013 des Europ\u00e4ischen Parlaments und des Rates zur Online-Beilegung verbraucherrechtlicher Streitigkeiten und zur \u00c4nderung der Verordnung (EG) Nr. 2016\/2004 und Richtlinie 200.<\/p>","protected":false},"excerpt":{"rendered":"<p>Allgemeine Gesch\u00e4ftsbedingungen Diese Allgemeinen Gesch\u00e4ftsbedingungen regeln die Nutzung der Prodam iPhone-Website unter https:\/\/prodam-iphone.com und aller zugeh\u00f6rigen Subdomains. Mit dem Zugriff auf diese Website erkl\u00e4ren Sie sich mit diesen Allgemeinen Gesch\u00e4ftsbedingungen einverstanden. Nutzen Sie https:\/\/prodam-iphone.com nicht weiter, wenn Sie mit den hier aufgef\u00fchrten Allgemeinen Gesch\u00e4ftsbedingungen nicht einverstanden sind. Die folgenden Begriffe beziehen sich auf [\u2026]<\/p>","protected":false},"author":1,"featured_media":0,"parent":0,"menu_order":0,"comment_status":"closed","ping_status":"open","template":"","meta":{"_seopress_robots_primary_cat":"","_seopress_titles_title":"Splo\u0161ni pogoji","_seopress_titles_desc":"Ti pogoji opisujejo pravila in predpise za uporabo za spletnega mesta Prodam Iphone, ki se nahaja na https:\/\/prodam-iphone.com in vse njene poddomene.","_seopress_robots_index":"","ocean_post_layout":"","ocean_both_sidebars_style":"","ocean_both_sidebars_content_width":0,"ocean_both_sidebars_sidebars_width":0,"ocean_sidebar":"","ocean_second_sidebar":"","ocean_disable_margins":"enable","ocean_add_body_class":"","ocean_shortcode_before_top_bar":"","ocean_shortcode_after_top_bar":"","ocean_shortcode_before_header":"","ocean_shortcode_after_header":"","ocean_has_shortcode":"","ocean_shortcode_after_title":"","ocean_shortcode_before_footer_widgets":"","ocean_shortcode_after_footer_widgets":"","ocean_shortcode_before_footer_bottom":"","ocean_shortcode_after_footer_bottom":"","ocean_display_top_bar":"default","ocean_display_header":"default","ocean_header_style":"","ocean_center_header_left_menu":"","ocean_custom_header_template":"","ocean_custom_logo":0,"ocean_custom_retina_logo":0,"ocean_custom_logo_max_width":0,"ocean_custom_logo_tablet_max_width":0,"ocean_custom_logo_mobile_max_width":0,"ocean_custom_logo_max_height":0,"ocean_custom_logo_tablet_max_height":0,"ocean_custom_logo_mobile_max_height":0,"ocean_header_custom_menu":"","ocean_menu_typo_font_family":"","ocean_menu_typo_font_subset":"","ocean_menu_typo_font_size":0,"ocean_menu_typo_font_size_tablet":0,"ocean_menu_typo_font_size_mobile":0,"ocean_menu_typo_font_size_unit":"px","ocean_menu_typo_font_weight":"","ocean_menu_typo_font_weight_tablet":"","ocean_menu_typo_font_weight_mobile":"","ocean_menu_typo_transform":"","ocean_menu_typo_transform_tablet":"","ocean_menu_typo_transform_mobile":"","ocean_menu_typo_line_height":0,"ocean_menu_typo_line_height_tablet":0,"ocean_menu_typo_line_height_mobile":0,"ocean_menu_typo_line_height_unit":"","ocean_menu_typo_spacing":0,"ocean_menu_typo_spacing_tablet":0,"ocean_menu_typo_spacing_mobile":0,"ocean_menu_typo_spacing_unit":"","ocean_menu_link_color":"","ocean_menu_link_color_hover":"","ocean_menu_link_color_active":"","ocean_menu_link_background":"","ocean_menu_link_hover_background":"","ocean_menu_link_active_background":"","ocean_menu_social_links_bg":"","ocean_menu_social_hover_links_bg":"","ocean_menu_social_links_color":"","ocean_menu_social_hover_links_color":"","ocean_disable_title":"default","ocean_disable_heading":"default","ocean_post_title":"","ocean_post_subheading":"","ocean_post_title_style":"","ocean_post_title_background_color":"","ocean_post_title_background":0,"ocean_post_title_bg_image_position":"","ocean_post_title_bg_image_attachment":"","ocean_post_title_bg_image_repeat":"","ocean_post_title_bg_image_size":"","ocean_post_title_height":0,"ocean_post_title_bg_overlay":0.5,"ocean_post_title_bg_overlay_color":"","ocean_disable_breadcrumbs":"default","ocean_breadcrumbs_color":"","ocean_breadcrumbs_separator_color":"","ocean_breadcrumbs_links_color":"","ocean_breadcrumbs_links_hover_color":"","ocean_display_footer_widgets":"default","ocean_display_footer_bottom":"default","ocean_custom_footer_template":""},"_links":{"self":[{"href":"https:\/\/prodam-iphone.com\/de\/wp-json\/wp\/v2\/pages\/1673"}],"collection":[{"href":"https:\/\/prodam-iphone.com\/de\/wp-json\/wp\/v2\/pages"}],"about":[{"href":"https:\/\/prodam-iphone.com\/de\/wp-json\/wp\/v2\/types\/page"}],"author":[{"embeddable":true,"href":"https:\/\/prodam-iphone.com\/de\/wp-json\/wp\/v2\/users\/1"}],"replies":[{"embeddable":true,"href":"https:\/\/prodam-iphone.com\/de\/wp-json\/wp\/v2\/comments?post=1673"}],"version-history":[{"count":1,"href":"https:\/\/prodam-iphone.com\/de\/wp-json\/wp\/v2\/pages\/1673\/revisions"}],"predecessor-version":[{"id":1674,"href":"https:\/\/prodam-iphone.com\/de\/wp-json\/wp\/v2\/pages\/1673\/revisions\/1674"}],"wp:attachment":[{"href":"https:\/\/prodam-iphone.com\/de\/wp-json\/wp\/v2\/media?parent=1673"}],"curies":[{"name":"wp","href":"https:\/\/api.w.org\/{rel}","templated":true}]}}