{"id":3,"date":"2024-09-08T19:56:42","date_gmt":"2024-09-08T18:56:42","guid":{"rendered":"https:\/\/prodam-iphone.com\/?page_id=3"},"modified":"2024-10-17T19:24:58","modified_gmt":"2024-10-17T18:24:58","slug":"pravilnik-o-zasebnosti","status":"publish","type":"page","link":"https:\/\/prodam-iphone.com\/cs\/zasady-ochrany-osobnich-udaju\/","title":{"rendered":"Z\u00e1sady ochrany osobn\u00edch \u00fadaj\u016f"},"content":{"rendered":"<h2 class=\"wp-block-heading\">Soukrom\u00ed<\/h2>\n\n\n\n<ol>\n<li><strong>CO POT\u0158EBUJEME<\/strong><\/li>\n<\/ol>\n\n\n\n<p>Na\u0161e z\u00e1sady ochrany osobn\u00edch \u00fadaj\u016f upravuj\u00ed pou\u017e\u00edv\u00e1n\u00ed a ukl\u00e1d\u00e1n\u00ed dat. Z\u00e1sady ochrany osobn\u00edch \u00fadaj\u016f si m\u016f\u017eete prohl\u00e9dnout na str\u00e1nce Ozn\u00e1men\u00ed o ochran\u011b osobn\u00edch \u00fadaj\u016f (p\u0159\u00edloha n\u00ed\u017ee). Iphone na prodej, Trg Celjske knezov 1, 3000 Celje je spr\u00e1vcem osobn\u00edch \u00fadaj\u016f, kter\u00e9 poskytuje (subjekt \u00fadaj\u016f: vy, kupuj\u00edc\u00ed, n\u00e1v\u0161t\u011bvn\u00edk atd.). Shroma\u017e\u010fujeme n\u00e1sleduj\u00edc\u00ed typy osobn\u00edch \u00fadaj\u016f:<\/p>\n\n\n\n<ul>\n<li>E-mailov\u00e1 adresa;<\/li>\n\n\n\n<li>Jm\u00e9no a p\u0159\u00edjmen\u00ed, adresa, e-mailov\u00e1 adresa a telefonn\u00ed \u010d\u00edslo;<\/li>\n\n\n\n<li>Informace o platebn\u00edch prost\u0159edc\u00edch, jako jsou informace o kreditn\u00ed kart\u011b nebo platebn\u00ed kart\u011b, Paypal a dal\u0161\u00ed platebn\u00ed metody;<\/li>\n\n\n\n<li>Kopie osobn\u00edch dokument\u016f, kter\u00e9 potvrzuj\u00ed p\u0159esnost osobn\u00edch \u00fadaj\u016f;<\/li>\n\n\n\n<li>Soubory cookie;<\/li>\n\n\n\n<li>sledov\u00e1n\u00ed n\u00e1v\u0161t\u011bv Google Analytics a Yandex a Cloudflare;<\/li>\n\n\n\n<li>Odkazy na osobn\u00ed profily na soci\u00e1ln\u00edch skupin\u00e1ch.<\/li>\n<\/ul>\n\n\n\n<p>Ka\u017ed\u00fd typ osobn\u00edch \u00fadaj\u016f z\u00edsk\u00e1v\u00e1me na z\u00e1klad\u011b nutnosti a se samostatn\u00fdm souhlasem.<\/p>\n\n\n\n<ol start=\"2\">\n<li><strong>PRO\u010c JE POT\u0158EBUJEME<\/strong><\/li>\n<\/ol>\n\n\n\n<p>Va\u0161e osobn\u00ed \u00fadaje pot\u0159ebujeme pro n\u00e1sleduj\u00edc\u00ed slu\u017eby:<\/p>\n\n\n\n<ol>\n<li>E-mailov\u00e1 adresa pro odpov\u011bdi na va\u0161e e-mailov\u00e9 zpr\u00e1vy nebo zpr\u00e1vy zaslan\u00e9 prost\u0159ednictv\u00edm kontaktn\u00edch formul\u00e1\u0159\u016f;<\/li>\n\n\n\n<li>E-mailov\u00e1 adresa pro zas\u00edl\u00e1n\u00ed nab\u00eddek a e-novinek;<\/li>\n\n\n\n<li>Jm\u00e9no a P\u0159\u00edjmen\u00ed, Adresa, E-mailov\u00e1 adresa a Telefon pro p\u0159ij\u00edm\u00e1n\u00ed rezervac\u00ed, popt\u00e1vek a zas\u00edl\u00e1n\u00ed nab\u00eddek nebo v souvislosti s pln\u011bn\u00edm va\u0161ich dal\u0161\u00edch po\u017eadavk\u016f;<\/li>\n\n\n\n<li>Jm\u00e9no a P\u0159\u00edjmen\u00ed, Adresa, E-mailov\u00e1 adresa a Telefon pro n\u00e1kup d\u00e1rkov\u00fdch poukaz\u016f, poukaz\u016f nebo slu\u017eeb a v\u011bc\u00ed souvisej\u00edc\u00edch s na\u0161\u00ed nab\u00eddkou;<\/li>\n\n\n\n<li>\u00dadaje o platebn\u00edch prost\u0159edc\u00edch a kopie osobn\u00edch doklad\u016f pro poskytov\u00e1n\u00ed slu\u017eeb;<\/li>\n\n\n\n<li>E-mailov\u00e1 adresa pro automatizovan\u00fd marketing (potvrzen\u00ed rezervac\u00ed, pod\u011bkov\u00e1n\u00ed za registrace atd.);<\/li>\n\n\n\n<li>Cookies pro provoz webov\u00fdch str\u00e1nek;<\/li>\n\n\n\n<li>Komunikace prost\u0159ednictv\u00edm soci\u00e1ln\u00edch skupin s osobn\u00edmi profily, kter\u00e9 potvrzuj\u00ed spojen\u00ed s n\u00e1mi;<\/li>\n\n\n\n<li>Jm\u00e9no a p\u0159\u00edjmen\u00ed, adresa, e-mailov\u00e1 adresa a telefonn\u00ed \u010d\u00edslo pro p\u0159\u00edle\u017eitostn\u00e9 hry o ceny nebo jin\u00e9 propaga\u010dn\u00ed kampan\u011b s va\u0161\u00edm p\u0159edchoz\u00edm souhlasem;<\/li>\n\n\n\n<li>Agregovan\u00e1 data z Google Analytics nebo Yandex Direct a Cloudflare pro sledov\u00e1n\u00ed n\u00e1v\u0161t\u011bv a intern\u00ed anal\u00fdzy, pomoc\u00ed kter\u00fdch vylep\u0161\u00edme obsah.<\/li>\n<\/ol>\n\n\n\n<ol>\n<li><strong>CO D\u011aL\u00c1ME S OSOBN\u00cdMI \u00daDAJI<\/strong><\/li>\n<\/ol>\n\n\n\n<p>Va\u0161e osobn\u00ed \u00fadaje zpracov\u00e1v\u00e1me na adrese Prodam Iphone, Trg celjske knezov 1, 3000 Celje, kter\u00e1 se nach\u00e1z\u00ed ve Slovinsku. Hosting a ukl\u00e1d\u00e1n\u00ed dat prob\u00edh\u00e1 na adrese https:\/\/prodam-iphone.com, kter\u00e1 se nach\u00e1z\u00ed v zem\u00edch Evropsk\u00e9 unie (N\u011bmecko).<\/p>\n\n\n\n<p>\u017d\u00e1dn\u00fd poskytovatel t\u0159et\u00ed strany nem\u00e1 p\u0159\u00edstup k va\u0161im \u00fadaj\u016fm, pokud to nevy\u017eaduje z\u00e1kon.<\/p>\n\n\n\n<ol start=\"4\">\n<li><strong>JAK DLOUHO JE DR\u017d\u00cdME<\/strong><\/li>\n<\/ol>\n\n\n\n<p>Na na\u0161ich webov\u00fdch str\u00e1nk\u00e1ch pou\u017e\u00edv\u00e1me trval\u00e9 soubory cookie pro odkazy na soci\u00e1ln\u00ed slu\u017eby a dal\u0161\u00ed poskytovatele \u201esd\u00edlen\u00ed\u201c a soubory cookie, kter\u00e9 v\u00e1m pom\u00e1haj\u00ed znovu a znovu naj\u00edt v\u00e1\u0161 nejobl\u00edben\u011bj\u0161\u00ed obsah na na\u0161ich webov\u00fdch str\u00e1nk\u00e1ch.<\/p>\n\n\n\n<ol start=\"5\">\n<li><strong>JAK\u00c1 JSOU VA\u0160E PR\u00c1VA<\/strong><\/li>\n<\/ol>\n\n\n\n<p>Pokud se domn\u00edv\u00e1te, \u017ee osobn\u00ed \u00fadaje, kter\u00e9 o v\u00e1s uchov\u00e1v\u00e1me, jsou nespr\u00e1vn\u00e9 nebo ne\u00fapln\u00e9, m\u00e1te mo\u017enost zaslat \u017e\u00e1dost o p\u0159ezkoum\u00e1n\u00ed t\u011bchto \u00fadaj\u016f, jejich opravu nebo vymaz\u00e1n\u00ed. Kontaktujte n\u00e1s prost\u0159ednictv\u00edm (formul\u00e1\u0159 \u017e\u00e1dosti o p\u0159\u00edstup k dat\u016fm). Pokud si chcete st\u011b\u017eovat na to, jak jsme zpracov\u00e1vali va\u0161e osobn\u00ed \u00fadaje, obra\u0165te se na pov\u011b\u0159enou osobu pro ochranu \u00fadaj\u016f pop\u0159 Kontaktn\u00ed osoba pro ochranu \u00fadaj\u016f (DPC, Data Protection Contact) na e-mailov\u00e9 adrese info@prodam-iphone.com nebo p\u00edsemn\u011b na adrese Prodam Iphone, Trg celjskih knezov 1, 3000 Celje.<\/p>\n\n\n\n<p>N\u00e1\u0161 DPC pot\u00e9 va\u0161i st\u00ed\u017enost posoud\u00ed a d\u00e1 v\u00e1m v\u011bd\u011bt, jak byla z\u00e1le\u017eitost vy\u0159e\u0161ena. Pokud se st\u00e1le domn\u00edv\u00e1te, \u017ee va\u0161e osobn\u00ed \u00fadaje nebyly \u0159\u00e1dn\u011b zpracov\u00e1ny v souladu se z\u00e1konem, m\u016f\u017eete se obr\u00e1tit na pov\u011b\u0159ence pro informace a podat u n\u011bj st\u00ed\u017enost. O p\u0159\u00edstup k z\u00e1sad\u00e1m a dokument\u016fm souvisej\u00edc\u00edm s ochranou osobn\u00edch \u00fadaj\u016f m\u016f\u017eete po\u017e\u00e1dat pomoc\u00ed speci\u00e1ln\u00edho formul\u00e1\u0159e na str\u00e1nce Ozn\u00e1men\u00ed o ochran\u011b osobn\u00edch \u00fadaj\u016f.<\/p>\n\n\n\n<p><strong>Souvisej\u00edc\u00ed dokumenty:<\/strong><\/p>\n\n\n\n<ul>\n<li>Z\u00e1sady ochrany osobn\u00edch \u00fadaj\u016f<\/li>\n\n\n\n<li>Z\u00e1sady uchov\u00e1v\u00e1n\u00ed osobn\u00edch \u00fadaj\u016f (na vy\u017e\u00e1d\u00e1n\u00ed e-mailem nebo osobn\u011b)<\/li>\n\n\n\n<li>Harmonogram uchov\u00e1v\u00e1n\u00ed osobn\u00edch \u00fadaj\u016f (na vy\u017e\u00e1d\u00e1n\u00ed e-mailem nebo osobn\u011b)<\/li>\n\n\n\n<li>Ozn\u00e1men\u00ed o ochran\u011b osobn\u00edch \u00fadaj\u016f<\/li>\n\n\n\n<li>V\u0161eobecn\u00e9 podm\u00ednky<\/li>\n\n\n\n<li>Formul\u00e1\u0159 souhlasu<\/li>\n\n\n\n<li>Formul\u00e1\u0159 pro odvol\u00e1n\u00ed souhlasu<\/li>\n<\/ul>\n\n\n\n<p>Celje, 30.09.2024, Ver. Dokumenty: 1.0<\/p>","protected":false},"excerpt":{"rendered":"<p>Ochrana osobn\u00edch \u00fadaj\u016f Na\u0161e z\u00e1sady ochrany osobn\u00edch \u00fadaj\u016f upravuj\u00ed pou\u017e\u00edv\u00e1n\u00ed a ukl\u00e1d\u00e1n\u00ed dat. Z\u00e1sady ochrany osobn\u00edch \u00fadaj\u016f si m\u016f\u017eete prohl\u00e9dnout na str\u00e1nce Ozn\u00e1men\u00ed o ochran\u011b osobn\u00edch \u00fadaj\u016f (p\u0159\u00edloha n\u00ed\u017ee). Prodam Iphone, Trg celjskih knezov 1, 3000 Celje je spr\u00e1vcem osobn\u00edch \u00fadaj\u016f, kter\u00e9 jste n\u00e1m poskytli (subjekt \u00fadaj\u016f: vy, z\u00e1kazn\u00edk, n\u00e1v\u0161t\u011bvn\u00edk atd.). Shroma\u017e\u010fujeme n\u00e1sleduj\u00edc\u00ed typy osobn\u00edch \u00fadaj\u016f: Ka\u017ed\u00fd osobn\u00ed \u00fadaj [\u2026]<\/p>","protected":false},"author":1,"featured_media":0,"parent":0,"menu_order":0,"comment_status":"closed","ping_status":"open","template":"","meta":{"_seopress_robots_primary_cat":"","_seopress_titles_title":"Pravilnik o zasebnosti za odkup mobilnih telefonov","_seopress_titles_desc":"Na\u0161a politika varovanja osebnih podatkov ureja uporabo in shranjevanje podatkov.","_seopress_robots_index":"","ocean_post_layout":"","ocean_both_sidebars_style":"","ocean_both_sidebars_content_width":0,"ocean_both_sidebars_sidebars_width":0,"ocean_sidebar":"","ocean_second_sidebar":"","ocean_disable_margins":"enable","ocean_add_body_class":"","ocean_shortcode_before_top_bar":"","ocean_shortcode_after_top_bar":"","ocean_shortcode_before_header":"","ocean_shortcode_after_header":"","ocean_has_shortcode":"","ocean_shortcode_after_title":"","ocean_shortcode_before_footer_widgets":"","ocean_shortcode_after_footer_widgets":"","ocean_shortcode_before_footer_bottom":"","ocean_shortcode_after_footer_bottom":"","ocean_display_top_bar":"default","ocean_display_header":"default","ocean_header_style":"","ocean_center_header_left_menu":"","ocean_custom_header_template":"","ocean_custom_logo":0,"ocean_custom_retina_logo":0,"ocean_custom_logo_max_width":0,"ocean_custom_logo_tablet_max_width":0,"ocean_custom_logo_mobile_max_width":0,"ocean_custom_logo_max_height":0,"ocean_custom_logo_tablet_max_height":0,"ocean_custom_logo_mobile_max_height":0,"ocean_header_custom_menu":"","ocean_menu_typo_font_family":"","ocean_menu_typo_font_subset":"","ocean_menu_typo_font_size":0,"ocean_menu_typo_font_size_tablet":0,"ocean_menu_typo_font_size_mobile":0,"ocean_menu_typo_font_size_unit":"px","ocean_menu_typo_font_weight":"","ocean_menu_typo_font_weight_tablet":"","ocean_menu_typo_font_weight_mobile":"","ocean_menu_typo_transform":"","ocean_menu_typo_transform_tablet":"","ocean_menu_typo_transform_mobile":"","ocean_menu_typo_line_height":0,"ocean_menu_typo_line_height_tablet":0,"ocean_menu_typo_line_height_mobile":0,"ocean_menu_typo_line_height_unit":"","ocean_menu_typo_spacing":0,"ocean_menu_typo_spacing_tablet":0,"ocean_menu_typo_spacing_mobile":0,"ocean_menu_typo_spacing_unit":"","ocean_menu_link_color":"","ocean_menu_link_color_hover":"","ocean_menu_link_color_active":"","ocean_menu_link_background":"","ocean_menu_link_hover_background":"","ocean_menu_link_active_background":"","ocean_menu_social_links_bg":"","ocean_menu_social_hover_links_bg":"","ocean_menu_social_links_color":"","ocean_menu_social_hover_links_color":"","ocean_disable_title":"default","ocean_disable_heading":"default","ocean_post_title":"","ocean_post_subheading":"","ocean_post_title_style":"","ocean_post_title_background_color":"","ocean_post_title_background":0,"ocean_post_title_bg_image_position":"","ocean_post_title_bg_image_attachment":"","ocean_post_title_bg_image_repeat":"","ocean_post_title_bg_image_size":"","ocean_post_title_height":0,"ocean_post_title_bg_overlay":0.5,"ocean_post_title_bg_overlay_color":"","ocean_disable_breadcrumbs":"default","ocean_breadcrumbs_color":"","ocean_breadcrumbs_separator_color":"","ocean_breadcrumbs_links_color":"","ocean_breadcrumbs_links_hover_color":"","ocean_display_footer_widgets":"default","ocean_display_footer_bottom":"default","ocean_custom_footer_template":""},"_links":{"self":[{"href":"https:\/\/prodam-iphone.com\/cs\/wp-json\/wp\/v2\/pages\/3"}],"collection":[{"href":"https:\/\/prodam-iphone.com\/cs\/wp-json\/wp\/v2\/pages"}],"about":[{"href":"https:\/\/prodam-iphone.com\/cs\/wp-json\/wp\/v2\/types\/page"}],"author":[{"embeddable":true,"href":"https:\/\/prodam-iphone.com\/cs\/wp-json\/wp\/v2\/users\/1"}],"replies":[{"embeddable":true,"href":"https:\/\/prodam-iphone.com\/cs\/wp-json\/wp\/v2\/comments?post=3"}],"version-history":[{"count":2,"href":"https:\/\/prodam-iphone.com\/cs\/wp-json\/wp\/v2\/pages\/3\/revisions"}],"predecessor-version":[{"id":1622,"href":"https:\/\/prodam-iphone.com\/cs\/wp-json\/wp\/v2\/pages\/3\/revisions\/1622"}],"wp:attachment":[{"href":"https:\/\/prodam-iphone.com\/cs\/wp-json\/wp\/v2\/media?parent=3"}],"curies":[{"name":"wp","href":"https:\/\/api.w.org\/{rel}","templated":true}]}}