{"id":1677,"date":"2024-10-27T00:00:27","date_gmt":"2024-10-26T23:00:27","guid":{"rendered":"https:\/\/prodam-iphone.com\/?page_id=1677"},"modified":"2024-10-27T00:00:27","modified_gmt":"2024-10-26T23:00:27","slug":"kolofon","status":"publish","type":"page","link":"https:\/\/prodam-iphone.com\/cs\/tiraz\/","title":{"rendered":"Tir\u00e1\u017e"},"content":{"rendered":"<p><strong>V\u0161eobecn\u00e9 podm\u00ednky<\/strong><\/p>\n\n\n\n<p>Weby jsme si p\u0159ipravovali sami spole\u010dn\u011b s poskytovatelem online slu\u017eeb.<\/p>\n\n\n\n<p><strong>\u00da\u010del webov\u00fdch str\u00e1nek<\/strong><br>Informace na webu jsou prezenta\u010dn\u00edho charakteru v oblasti z\u00e1kladn\u00ed \u010dinnosti, pro kterou jsme registrov\u00e1ni. Zavazujeme se, \u017ee informace na webu jsou pravdiv\u00e9, spolehliv\u00e9 a kvalitn\u00ed.<br>Neneseme odpov\u011bdnost za p\u0159\u00edpadn\u00e9 typografick\u00e9 chyby, vyhrazujeme si pr\u00e1vo kdykoli a bez p\u0159edchoz\u00edho upozorn\u011bn\u00ed zm\u011bnit obsah v rozsahu, kter\u00fd nen\u00ed v souladu s na\u0161\u00ed firemn\u00ed politikou.<\/p>\n\n\n\n<p><strong>Pr\u00e1vo u\u017e\u00edv\u00e1n\u00ed<\/strong><br>Webov\u00e9 str\u00e1nky a ve\u0161ker\u00fd jejich obsah jsou chr\u00e1n\u011bny pr\u00e1vy pr\u016fmyslov\u00e9ho a du\u0161evn\u00edho vlastnictv\u00ed. Jak\u00e9koli informace, text, obr\u00e1zky nebo jin\u00e9 grafick\u00e9 prvky nalezen\u00e9 na t\u00e9to webov\u00e9 str\u00e1nce m\u016f\u017eete pou\u017e\u00edvat v\u00fdhradn\u011b pro sv\u00e9 osobn\u00ed, nekomer\u010dn\u00ed pou\u017eit\u00ed a nesm\u00edte, vcelku ani z\u010d\u00e1sti, reprodukovat, upravovat, distribuovat, licencovat nebo publikovat v jak\u00e9koli form\u011b publikace. pro jak\u00fdkoli \u00fa\u010del, s v\u00fdjimkou prohl\u00ed\u017een\u00ed, bez p\u0159edchoz\u00edho p\u00edsemn\u00e9ho souhlasu spr\u00e1vce.<\/p>\n\n\n\n<p><strong>P\u0159evzet\u00ed odpov\u011bdnosti<\/strong><br>P\u0159i n\u00e1vrhu webu se sna\u017e\u00edme, aby informace byly aktu\u00e1ln\u00ed a p\u0159esn\u00e9. Neru\u010d\u00edme za jejich p\u0159esnost a \u00faplnost a nep\u0159eb\u00edr\u00e1me \u017e\u00e1dnou odpov\u011bdnost vypl\u00fdvaj\u00edc\u00ed z jejich pou\u017eit\u00ed. V\u0161ichni u\u017eivatel\u00e9 pou\u017e\u00edvaj\u00ed publikovan\u00fd obsah na vlastn\u00ed nebezpe\u010d\u00ed.<br>Vyhrazujeme si pr\u00e1vo kdykoli, jak\u00fdmkoli zp\u016fsobem, z jak\u00e9hokoli d\u016fvodu a bez p\u0159edchoz\u00edho upozorn\u011bn\u00ed zm\u011bnit obsah na\u0161ich webov\u00fdch str\u00e1nek.<\/p>\n\n\n\n<p><strong>Technologick\u00e1 realizace<\/strong><br>Technologickou realizaci zajistila program\u00e1torsk\u00e1 a projek\u010dn\u00ed agentura ve spolupr\u00e1ci s na\u0161\u00ed spole\u010dnost\u00ed.<\/p>\n\n\n\n<p>N\u00e1zev spole\u010dnosti: Iphone na prodej<br>Adresa: Trg Celjske knezov 1, 3000 Celje<br>E-mail: info@prodam-iphone.com<br>Web: https:\/\/prodam-iphone.com<\/p>\n\n\n\n<p>Celje, 30. 9. 2024<\/p>","protected":false},"excerpt":{"rendered":"<p>V\u0161eobecn\u00e9 obchodn\u00ed podm\u00ednky Webov\u00e9 str\u00e1nky jsme si p\u0159ipravili sami ve spolupr\u00e1ci s poskytovatelem online slu\u017eeb. \u00da\u010del webov\u00fdch str\u00e1nek Informace na webov\u00fdch str\u00e1nk\u00e1ch maj\u00ed prezenta\u010dn\u00ed charakter v oblasti kl\u00ed\u010dov\u00fdch \u010dinnost\u00ed, pro kter\u00e9 jsme registrov\u00e1ni. Zaru\u010dujeme, \u017ee informace na webov\u00fdch str\u00e1nk\u00e1ch jsou pravdiv\u00e9, spolehliv\u00e9 a vysok\u00e9 kvality. Neneseme odpov\u011bdnost za p\u0159\u00edpadn\u00e9 typografick\u00e9 chyby, vyhrazujeme si pr\u00e1vo kdykoli a bez p\u0159edchoz\u00edho upozorn\u011bn\u00ed zm\u011bnit informace [\u2026]<\/p>","protected":false},"author":1,"featured_media":0,"parent":0,"menu_order":0,"comment_status":"closed","ping_status":"open","template":"","meta":{"_seopress_robots_primary_cat":"","_seopress_titles_title":"Kolofon","_seopress_titles_desc":"Spletne strani smo pripravili sami skupaj z izvajalcem spletnih storitev.","_seopress_robots_index":"","ocean_post_layout":"","ocean_both_sidebars_style":"","ocean_both_sidebars_content_width":0,"ocean_both_sidebars_sidebars_width":0,"ocean_sidebar":"","ocean_second_sidebar":"","ocean_disable_margins":"enable","ocean_add_body_class":"","ocean_shortcode_before_top_bar":"","ocean_shortcode_after_top_bar":"","ocean_shortcode_before_header":"","ocean_shortcode_after_header":"","ocean_has_shortcode":"","ocean_shortcode_after_title":"","ocean_shortcode_before_footer_widgets":"","ocean_shortcode_after_footer_widgets":"","ocean_shortcode_before_footer_bottom":"","ocean_shortcode_after_footer_bottom":"","ocean_display_top_bar":"default","ocean_display_header":"default","ocean_header_style":"","ocean_center_header_left_menu":"","ocean_custom_header_template":"","ocean_custom_logo":0,"ocean_custom_retina_logo":0,"ocean_custom_logo_max_width":0,"ocean_custom_logo_tablet_max_width":0,"ocean_custom_logo_mobile_max_width":0,"ocean_custom_logo_max_height":0,"ocean_custom_logo_tablet_max_height":0,"ocean_custom_logo_mobile_max_height":0,"ocean_header_custom_menu":"","ocean_menu_typo_font_family":"","ocean_menu_typo_font_subset":"","ocean_menu_typo_font_size":0,"ocean_menu_typo_font_size_tablet":0,"ocean_menu_typo_font_size_mobile":0,"ocean_menu_typo_font_size_unit":"px","ocean_menu_typo_font_weight":"","ocean_menu_typo_font_weight_tablet":"","ocean_menu_typo_font_weight_mobile":"","ocean_menu_typo_transform":"","ocean_menu_typo_transform_tablet":"","ocean_menu_typo_transform_mobile":"","ocean_menu_typo_line_height":0,"ocean_menu_typo_line_height_tablet":0,"ocean_menu_typo_line_height_mobile":0,"ocean_menu_typo_line_height_unit":"","ocean_menu_typo_spacing":0,"ocean_menu_typo_spacing_tablet":0,"ocean_menu_typo_spacing_mobile":0,"ocean_menu_typo_spacing_unit":"","ocean_menu_link_color":"","ocean_menu_link_color_hover":"","ocean_menu_link_color_active":"","ocean_menu_link_background":"","ocean_menu_link_hover_background":"","ocean_menu_link_active_background":"","ocean_menu_social_links_bg":"","ocean_menu_social_hover_links_bg":"","ocean_menu_social_links_color":"","ocean_menu_social_hover_links_color":"","ocean_disable_title":"default","ocean_disable_heading":"default","ocean_post_title":"","ocean_post_subheading":"","ocean_post_title_style":"","ocean_post_title_background_color":"","ocean_post_title_background":0,"ocean_post_title_bg_image_position":"","ocean_post_title_bg_image_attachment":"","ocean_post_title_bg_image_repeat":"","ocean_post_title_bg_image_size":"","ocean_post_title_height":0,"ocean_post_title_bg_overlay":0.5,"ocean_post_title_bg_overlay_color":"","ocean_disable_breadcrumbs":"default","ocean_breadcrumbs_color":"","ocean_breadcrumbs_separator_color":"","ocean_breadcrumbs_links_color":"","ocean_breadcrumbs_links_hover_color":"","ocean_display_footer_widgets":"default","ocean_display_footer_bottom":"default","ocean_custom_footer_template":""},"_links":{"self":[{"href":"https:\/\/prodam-iphone.com\/cs\/wp-json\/wp\/v2\/pages\/1677"}],"collection":[{"href":"https:\/\/prodam-iphone.com\/cs\/wp-json\/wp\/v2\/pages"}],"about":[{"href":"https:\/\/prodam-iphone.com\/cs\/wp-json\/wp\/v2\/types\/page"}],"author":[{"embeddable":true,"href":"https:\/\/prodam-iphone.com\/cs\/wp-json\/wp\/v2\/users\/1"}],"replies":[{"embeddable":true,"href":"https:\/\/prodam-iphone.com\/cs\/wp-json\/wp\/v2\/comments?post=1677"}],"version-history":[{"count":1,"href":"https:\/\/prodam-iphone.com\/cs\/wp-json\/wp\/v2\/pages\/1677\/revisions"}],"predecessor-version":[{"id":1678,"href":"https:\/\/prodam-iphone.com\/cs\/wp-json\/wp\/v2\/pages\/1677\/revisions\/1678"}],"wp:attachment":[{"href":"https:\/\/prodam-iphone.com\/cs\/wp-json\/wp\/v2\/media?parent=1677"}],"curies":[{"name":"wp","href":"https:\/\/api.w.org\/{rel}","templated":true}]}}