{"id":1675,"date":"2024-10-26T23:59:25","date_gmt":"2024-10-26T22:59:25","guid":{"rendered":"https:\/\/prodam-iphone.com\/?page_id=1675"},"modified":"2024-10-26T23:59:26","modified_gmt":"2024-10-26T22:59:26","slug":"politika-piskotkov","status":"publish","type":"page","link":"https:\/\/prodam-iphone.com\/cs\/zasady-pouzivani-souboru-cookie\/","title":{"rendered":"Z\u00e1sady pou\u017e\u00edv\u00e1n\u00ed soubor\u016f cookie"},"content":{"rendered":"<p><strong>COOKIES<\/strong><\/p>\n\n\n\n<p>Web pou\u017e\u00edv\u00e1 soubory cookie. Vstupem na https:\/\/prodam-iphone.com souhlas\u00edte s pou\u017e\u00edv\u00e1n\u00edm cookies po dohod\u011b se spole\u010dnost\u00ed<br>Iphone na prodej, Trg Celjske knezov 1, 3000 Celje a z\u00e1sady ochrany osobn\u00edch \u00fadaj\u016f na webu. V\u011bt\u0161ina interaktivn\u00edch webov\u00fdch str\u00e1nek pou\u017e\u00edv\u00e1 soubory cookie, kter\u00e9 n\u00e1m umo\u017e\u0148uj\u00ed z\u00edskat \u00fadaje o u\u017eivateli pro ka\u017edou n\u00e1v\u0161t\u011bvu. Na na\u0161em webu pou\u017e\u00edv\u00e1me soubory cookie, abychom umo\u017enili funk\u010dnost ur\u010dit\u00fdch oblast\u00ed a usnadnili n\u00e1v\u0161t\u011bvn\u00edk\u016fm n\u00e1v\u0161t\u011bvu na\u0161eho webu. N\u011bkte\u0159\u00ed z na\u0161ich p\u0159idru\u017een\u00fdch \/ reklamn\u00edch partner\u016f mohou tak\u00e9 pou\u017e\u00edvat soubory cookie t\u0159et\u00edch stran.<\/p>\n\n\n\n<p>Web https:\/\/prodam-iphone.com pou\u017e\u00edv\u00e1 n\u00e1sleduj\u00edc\u00ed soubory cookie:<\/p>\n\n\n\n<p>Povinn\u00e9 cookies<\/p>\n\n\n\n<figure class=\"wp-block-table\"><table><tbody><tr><td>Jm\u00e9no<\/td><td>Trv\u00e1n\u00ed<\/td><td>\u00da\u010del<\/td><\/tr><tr><td>__cfduid<\/td><td>4 t\u00fddny<\/td><td>Soubor cookie nastavuje CloudFlare. Soubor cookie se pou\u017e\u00edv\u00e1 k identifikaci jednotliv\u00fdch u\u017eivatel\u016f pou\u017e\u00edvaj\u00edc\u00edch stejnou IP adresu a k pou\u017eit\u00ed nastaven\u00ed zabezpe\u010den\u00ed pro ka\u017ed\u00e9ho z\u00e1kazn\u00edka. Neodpov\u00edd\u00e1 ID u\u017eivatel\u016f ve webov\u00e9 aplikaci a neukl\u00e1d\u00e1 \u017e\u00e1dn\u00e9 osobn\u00ed \u00fadaje.<\/td><\/tr><\/tbody><\/table><\/figure>\n\n\n\n<p>Voliteln\u00e9 soubory cookie (reklama)<\/p>\n\n\n\n<figure class=\"wp-block-table\"><table><tbody><tr><td>Jm\u00e9no<\/td><td>Trv\u00e1n\u00ed<\/td><td>\u00da\u010del<\/td><\/tr><tr><td>NID<\/td><td>6 m\u011bs\u00edc\u016f<\/td><td>Tento soubor cookie se pou\u017e\u00edv\u00e1 k profilov\u00e1n\u00ed na z\u00e1klad\u011b z\u00e1jmu u\u017eivatele a k zobrazov\u00e1n\u00ed p\u0159izp\u016fsoben\u00fdch reklam u\u017eivatel\u016fm<\/td><\/tr><\/tbody><\/table><\/figure>","protected":false},"excerpt":{"rendered":"<p>SOUBORY COOKIES Webov\u00e9 str\u00e1nky pou\u017e\u00edvaj\u00ed soubory cookie. P\u0159\u00edstupem na str\u00e1nky https:\/\/prodam-iphone.com souhlas\u00edte s pou\u017e\u00edv\u00e1n\u00edm soubor\u016f cookie ve shod\u011b se spole\u010dnost\u00ed Prodam Iphone, Trg celjskih knezov 1, 3000 Celje a se z\u00e1sadami ochrany osobn\u00edch \u00fadaj\u016f uveden\u00fdmi na webov\u00fdch str\u00e1nk\u00e1ch. V\u011bt\u0161ina interaktivn\u00edch webov\u00fdch str\u00e1nek pou\u017e\u00edv\u00e1 soubory cookie, kter\u00e9 n\u00e1m umo\u017e\u0148uj\u00ed z\u00edsk\u00e1vat \u00fadaje o u\u017eivateli pro ka\u017edou n\u00e1v\u0161t\u011bvu. Na na\u0161ich webov\u00fdch str\u00e1nk\u00e1ch pou\u017e\u00edv\u00e1me soubory cookie, abychom umo\u017enili [\u2026]<\/p>","protected":false},"author":1,"featured_media":0,"parent":0,"menu_order":0,"comment_status":"closed","ping_status":"open","template":"","meta":{"_seopress_robots_primary_cat":"","_seopress_titles_title":"PI\u0160KOTKI","_seopress_titles_desc":"Spletno mesto uporablja pi\u0161kotke.","_seopress_robots_index":"","ocean_post_layout":"","ocean_both_sidebars_style":"","ocean_both_sidebars_content_width":0,"ocean_both_sidebars_sidebars_width":0,"ocean_sidebar":"","ocean_second_sidebar":"","ocean_disable_margins":"enable","ocean_add_body_class":"","ocean_shortcode_before_top_bar":"","ocean_shortcode_after_top_bar":"","ocean_shortcode_before_header":"","ocean_shortcode_after_header":"","ocean_has_shortcode":"","ocean_shortcode_after_title":"","ocean_shortcode_before_footer_widgets":"","ocean_shortcode_after_footer_widgets":"","ocean_shortcode_before_footer_bottom":"","ocean_shortcode_after_footer_bottom":"","ocean_display_top_bar":"default","ocean_display_header":"default","ocean_header_style":"","ocean_center_header_left_menu":"","ocean_custom_header_template":"","ocean_custom_logo":0,"ocean_custom_retina_logo":0,"ocean_custom_logo_max_width":0,"ocean_custom_logo_tablet_max_width":0,"ocean_custom_logo_mobile_max_width":0,"ocean_custom_logo_max_height":0,"ocean_custom_logo_tablet_max_height":0,"ocean_custom_logo_mobile_max_height":0,"ocean_header_custom_menu":"","ocean_menu_typo_font_family":"","ocean_menu_typo_font_subset":"","ocean_menu_typo_font_size":0,"ocean_menu_typo_font_size_tablet":0,"ocean_menu_typo_font_size_mobile":0,"ocean_menu_typo_font_size_unit":"px","ocean_menu_typo_font_weight":"","ocean_menu_typo_font_weight_tablet":"","ocean_menu_typo_font_weight_mobile":"","ocean_menu_typo_transform":"","ocean_menu_typo_transform_tablet":"","ocean_menu_typo_transform_mobile":"","ocean_menu_typo_line_height":0,"ocean_menu_typo_line_height_tablet":0,"ocean_menu_typo_line_height_mobile":0,"ocean_menu_typo_line_height_unit":"","ocean_menu_typo_spacing":0,"ocean_menu_typo_spacing_tablet":0,"ocean_menu_typo_spacing_mobile":0,"ocean_menu_typo_spacing_unit":"","ocean_menu_link_color":"","ocean_menu_link_color_hover":"","ocean_menu_link_color_active":"","ocean_menu_link_background":"","ocean_menu_link_hover_background":"","ocean_menu_link_active_background":"","ocean_menu_social_links_bg":"","ocean_menu_social_hover_links_bg":"","ocean_menu_social_links_color":"","ocean_menu_social_hover_links_color":"","ocean_disable_title":"default","ocean_disable_heading":"default","ocean_post_title":"","ocean_post_subheading":"","ocean_post_title_style":"","ocean_post_title_background_color":"","ocean_post_title_background":0,"ocean_post_title_bg_image_position":"","ocean_post_title_bg_image_attachment":"","ocean_post_title_bg_image_repeat":"","ocean_post_title_bg_image_size":"","ocean_post_title_height":0,"ocean_post_title_bg_overlay":0.5,"ocean_post_title_bg_overlay_color":"","ocean_disable_breadcrumbs":"default","ocean_breadcrumbs_color":"","ocean_breadcrumbs_separator_color":"","ocean_breadcrumbs_links_color":"","ocean_breadcrumbs_links_hover_color":"","ocean_display_footer_widgets":"default","ocean_display_footer_bottom":"default","ocean_custom_footer_template":""},"_links":{"self":[{"href":"https:\/\/prodam-iphone.com\/cs\/wp-json\/wp\/v2\/pages\/1675"}],"collection":[{"href":"https:\/\/prodam-iphone.com\/cs\/wp-json\/wp\/v2\/pages"}],"about":[{"href":"https:\/\/prodam-iphone.com\/cs\/wp-json\/wp\/v2\/types\/page"}],"author":[{"embeddable":true,"href":"https:\/\/prodam-iphone.com\/cs\/wp-json\/wp\/v2\/users\/1"}],"replies":[{"embeddable":true,"href":"https:\/\/prodam-iphone.com\/cs\/wp-json\/wp\/v2\/comments?post=1675"}],"version-history":[{"count":1,"href":"https:\/\/prodam-iphone.com\/cs\/wp-json\/wp\/v2\/pages\/1675\/revisions"}],"predecessor-version":[{"id":1676,"href":"https:\/\/prodam-iphone.com\/cs\/wp-json\/wp\/v2\/pages\/1675\/revisions\/1676"}],"wp:attachment":[{"href":"https:\/\/prodam-iphone.com\/cs\/wp-json\/wp\/v2\/media?parent=1675"}],"curies":[{"name":"wp","href":"https:\/\/api.w.org\/{rel}","templated":true}]}}