{"id":1673,"date":"2024-10-26T23:57:59","date_gmt":"2024-10-26T22:57:59","guid":{"rendered":"https:\/\/prodam-iphone.com\/?page_id=1673"},"modified":"2024-10-26T23:58:00","modified_gmt":"2024-10-26T22:58:00","slug":"splosni-pogoji","status":"publish","type":"page","link":"https:\/\/prodam-iphone.com\/cs\/vseobecne-podminky\/","title":{"rendered":"V\u0161eobecn\u00e9 podm\u00ednky"},"content":{"rendered":"<p><strong>V\u0161eobecn\u00e9 podm\u00ednky<\/strong><\/p>\n\n\n\n<p>Tyto podm\u00ednky popisuj\u00ed pravidla a p\u0159edpisy pro pou\u017e\u00edv\u00e1n\u00ed webov\u00e9 str\u00e1nky Prodam Iphone na adrese https:\/\/prodam-iphone.com a v\u0161ech jej\u00edch subdom\u00e9n. Vstupem na tento web p\u0159edpokl\u00e1d\u00e1me, \u017ee souhlas\u00edte s t\u011bmito podm\u00ednkami. Nepokra\u010dujte v pou\u017e\u00edv\u00e1n\u00ed https:\/\/prodam-iphone.com, pokud nesouhlas\u00edte se v\u0161emi podm\u00ednkami uveden\u00fdmi na t\u00e9to str\u00e1nce.<\/p>\n\n\n\n<p>N\u00e1sleduj\u00edc\u00ed terminologie odkazuje na tyto smluvn\u00ed podm\u00ednky, prohl\u00e1\u0161en\u00ed o ochran\u011b osobn\u00edch \u00fadaj\u016f a prohl\u00e1\u0161en\u00ed o vylou\u010den\u00ed odpov\u011bdnosti a v\u0161echny dohody: \u201ez\u00e1kazn\u00edk\u201c, \u201evy\u201c a \u201ev\u00e1\u0161\u201c ozna\u010duje v\u00e1s, osobu, kter\u00e1 se zaregistruje na t\u011bchto webov\u00fdch str\u00e1nk\u00e1ch a dodr\u017euje podm\u00ednky spole\u010dnosti . \u201eSpole\u010dnost\u201c, \u201eMy\u201c, \u201eMy\u201c, \u201eNa\u0161e\u201c a \u201eMy\u201c ozna\u010duj\u00ed na\u0161i spole\u010dnost. \u201eKlient\u201c, \u201edodavatel\u00e9\u201c nebo \u201en\u00e1s\u201c se vztahuje jak na klienta, tak na n\u00e1s. V\u0161echny podm\u00ednky se t\u00fdkaj\u00ed nab\u00eddky, p\u0159ijet\u00ed a zv\u00e1\u017een\u00ed platby nezbytn\u00e9 k proveden\u00ed postupu na\u0161\u00ed pomoci klientovi nejvhodn\u011bj\u0161\u00edm zp\u016fsobem s v\u00fdslovn\u00fdm \u00fa\u010delem uspokojit pot\u0159eby klienta na poskytov\u00e1n\u00ed specifikovan\u00fdch slu\u017eeb v souladu s a s ohledem na platn\u00e9 pr\u00e1vo Slovinska. Jak\u00e9koli pou\u017eit\u00ed v\u00fd\u0161e uveden\u00e9 terminologie nebo jin\u00fdch slov v jednotn\u00e9m \u010d\u00edsle, mno\u017en\u00e9m \u010d\u00edsle, velk\u00e1 p\u00edsmena a\/nebo on\/ona nebo ona budou pova\u017eov\u00e1na za vz\u00e1jemn\u011b zam\u011bniteln\u00e1, a proto odkazuj\u00ed na tot\u00e9\u017e.<\/p>\n\n\n\n<p><strong>Soubory cookie<\/strong><\/p>\n\n\n\n<p>Web pou\u017e\u00edv\u00e1 soubory cookie. Vstupem na https:\/\/prodam-iphone.com souhlas\u00edte s pou\u017e\u00edv\u00e1n\u00edm soubor\u016f cookie po dohod\u011b se spole\u010dnost\u00ed Prodam Iphone a se z\u00e1sadami ochrany osobn\u00edch \u00fadaj\u016f na webu. V\u011bt\u0161ina interaktivn\u00edch webov\u00fdch str\u00e1nek pou\u017e\u00edv\u00e1 soubory cookie, kter\u00e9 n\u00e1m umo\u017e\u0148uj\u00ed z\u00edskat \u00fadaje o u\u017eivateli pro ka\u017edou n\u00e1v\u0161t\u011bvu. Na na\u0161em webu pou\u017e\u00edv\u00e1me soubory cookie, abychom umo\u017enili funk\u010dnost ur\u010dit\u00fdch oblast\u00ed a usnadnili n\u00e1v\u0161t\u011bvn\u00edk\u016fm n\u00e1v\u0161t\u011bvu na\u0161eho webu. N\u011bkte\u0159\u00ed z na\u0161ich p\u0159idru\u017een\u00fdch \/ reklamn\u00edch partner\u016f mohou tak\u00e9 pou\u017e\u00edvat soubory cookie t\u0159et\u00edch stran.<\/p>\n\n\n\n<p><strong>Licence<\/strong><\/p>\n\n\n\n<p>Pokud nen\u00ed uvedeno jinak, Prodam Iphone a\/nebo poskytovatel\u00e9 licenc\u00ed na str\u00e1nky vlastn\u00ed pr\u00e1va du\u0161evn\u00edho vlastnictv\u00ed pro ve\u0161ker\u00fd materi\u00e1l na https:\/\/prodam-iphone.com. V\u0161echna pr\u00e1va du\u0161evn\u00edho vlastnictv\u00ed jsou vyhrazena. M\u016f\u017eete k n\u011bmu p\u0159istupovat z https:\/\/prodam-iphone.com pro va\u0161e osobn\u00ed pou\u017eit\u00ed s v\u00fdhradou omezen\u00ed stanoven\u00fdch v t\u011bchto podm\u00ednk\u00e1ch.<\/p>\n\n\n\n<p>Nesm\u00edte:<\/p>\n\n\n\n<ul>\n<li>Zve\u0159ej\u0148ujte materi\u00e1l https:\/\/prodam-iphone.com bez povolen\u00ed.<\/li>\n\n\n\n<li>Prod\u00e1vejte, p\u016fj\u010dujte nebo sublicencujte materi\u00e1l z https:\/\/prodam-iphone.com bez povolen\u00ed.<\/li>\n\n\n\n<li>Reprodukujte, duplikujte nebo kop\u00edrujte materi\u00e1l z https:\/\/prodam-iphone.com bez povolen\u00ed.<\/li>\n\n\n\n<li>Redistribuujte obsah z https:\/\/prodam-iphone.com bez povolen\u00ed.<\/li>\n<\/ul>\n\n\n\n<p>Tato smlouva nab\u00fdv\u00e1 platnosti dnem uzav\u0159en\u00ed t\u00e9to smlouvy resp po p\u0159\u00edm\u00e9m p\u0159\u00edchodu na na\u0161e webov\u00e9 str\u00e1nky.<\/p>\n\n\n\n<p>\u010c\u00e1sti tohoto webu nab\u00edzej\u00ed u\u017eivatel\u016fm mo\u017enost zve\u0159ej\u0148ovat a sd\u00edlet n\u00e1zory a informace v ur\u010dit\u00fdch oblastech webu. Iphone na prodej nefiltruje, neupravuje, nepublikuje ani nekontroluje koment\u00e1\u0159e p\u0159ed jejich p\u0159\u00edtomnost\u00ed na webu. Koment\u00e1\u0159e neodr\u00e1\u017eej\u00ed n\u00e1zory a n\u00e1zory spole\u010dnosti Prodam Iphone, jej\u00edch z\u00e1stupc\u016f a\/nebo p\u0159idru\u017een\u00fdch spole\u010dnost\u00ed. Koment\u00e1\u0159e odr\u00e1\u017eej\u00ed n\u00e1zory a n\u00e1zory osoby, kter\u00e1 sv\u016fj n\u00e1zor zve\u0159ejnila. V rozsahu povolen\u00e9m platn\u00fdmi z\u00e1kony spole\u010dnost Prodam Iphone neodpov\u00edd\u00e1 za koment\u00e1\u0159e ani jakoukoli odpov\u011bdnost, \u0161kody nebo n\u00e1klady vznikl\u00e9 a\/nebo vznikl\u00e9 v d\u016fsledku jak\u00e9hokoli pou\u017eit\u00ed a\/nebo zve\u0159ej\u0148ov\u00e1n\u00ed a\/nebo v\u00fdskytu koment\u00e1\u0159\u016f na t\u00e9to webov\u00e9 str\u00e1nce.<\/p>\n\n\n\n<p>Spole\u010dnost Prodam Iphone si vyhrazuje pr\u00e1vo sledovat v\u0161echny koment\u00e1\u0159e a odstranit jak\u00e9koli koment\u00e1\u0159e, kter\u00e9 by mohly b\u00fdt pova\u017eov\u00e1ny za nevhodn\u00e9, ur\u00e1\u017eliv\u00e9 nebo zp\u016fsobuj\u00edc\u00ed poru\u0161en\u00ed t\u011bchto podm\u00ednek.<\/p>\n\n\n\n<p>Zaru\u010dujete a prohla\u0161ujete, \u017ee:<\/p>\n\n\n\n<ul>\n<li>jste opr\u00e1vn\u011bni zve\u0159ej\u0148ovat koment\u00e1\u0159e na na\u0161ich webov\u00fdch str\u00e1nk\u00e1ch a m\u00e1te k tomu pot\u0159ebn\u00e1 opr\u00e1vn\u011bn\u00ed a souhlasy;<\/li>\n\n\n\n<li>koment\u00e1\u0159e neporu\u0161uj\u00ed \u017e\u00e1dn\u00e1 pr\u00e1va du\u0161evn\u00edho vlastnictv\u00ed, v\u010detn\u011b omezen\u00ed autorsk\u00fdch pr\u00e1v, patent\u016f nebo ochrann\u00fdch zn\u00e1mek t\u0159et\u00edch stran;<\/li>\n\n\n\n<li>koment\u00e1\u0159e neobsahuj\u00ed \u017e\u00e1dn\u00fd pomlouva\u010dn\u00fd, pomlouva\u010dn\u00fd, ur\u00e1\u017eliv\u00fd, obsc\u00e9nn\u00ed nebo jinak nez\u00e1konn\u00fd materi\u00e1l, kter\u00fd naru\u0161uje soukrom\u00ed;<\/li>\n\n\n\n<li>koment\u00e1\u0159e nebudou pou\u017eity k vy\u017e\u00e1d\u00e1n\u00ed nebo podpo\u0159e prodeje nebo k reprezentaci komer\u010dn\u00edch nebo nez\u00e1konn\u00fdch aktivit.<\/li>\n<\/ul>\n\n\n\n<p>T\u00edmto ud\u011blujete Sell Iphone nev\u00fdhradn\u00ed licenci k pou\u017eit\u00ed, reprodukov\u00e1n\u00ed, \u00faprav\u011b a autorizaci ostatn\u00edch k pou\u017eit\u00ed, reprodukci a \u00faprav\u011b va\u0161ich koment\u00e1\u0159\u016f v jak\u00e9koli podob\u011b, form\u011b nebo m\u00e9diu.<\/p>\n\n\n\n<p><strong>Hypertextov\u00fd odkaz na n\u00e1\u0161 obsah<\/strong><\/p>\n\n\n\n<p>N\u00e1sleduj\u00edc\u00ed organizace mohou odkazovat na na\u0161e webov\u00e9 str\u00e1nky bez p\u0159edchoz\u00edho p\u00edsemn\u00e9ho povolen\u00ed:<\/p>\n\n\n\n<ul>\n<li>vl\u00e1dn\u00ed agentury;<\/li>\n\n\n\n<li>vyhled\u00e1va\u010de;<\/li>\n\n\n\n<li>zpr\u00e1vy;<\/li>\n\n\n\n<li>distributo\u0159i online adres\u00e1\u0159\u016f, kter\u00e9 mohou odkazovat na na\u0161e webov\u00e9 str\u00e1nky stejn\u00fdm zp\u016fsobem jako hypertextov\u00e9 odkazy na webov\u00e9 str\u00e1nky jin\u00fdch spole\u010dnost\u00ed k\u00f3tovan\u00fdch na burze a<\/li>\n\n\n\n<li>akreditovan\u00e9 podniky v cel\u00e9m syst\u00e9mu, s v\u00fdjimkou neziskov\u00fdch organizac\u00ed, charitativn\u00edch n\u00e1kupn\u00edch center a charitativn\u00edch fundraisingov\u00fdch skupin, kter\u00e9 nemus\u00ed m\u00edt hypertextov\u00fd odkaz na na\u0161e webov\u00e9 str\u00e1nky.<\/li>\n<\/ul>\n\n\n\n<p>Tyto organizace mohou odkazovat na na\u0161i domovskou str\u00e1nku, publikace nebo jin\u00e9 webov\u00e9 str\u00e1nky za p\u0159edpokladu, \u017ee odkaz: (a) nen\u00ed \u017e\u00e1dn\u00fdm zp\u016fsobem klamav\u00fd; (b) nenazna\u010duje fale\u0161n\u00e9 sponzorstv\u00ed, podporu nebo schv\u00e1len\u00ed propojen\u00e9 str\u00e1nky a jej\u00edch produkt\u016f a\/nebo slu\u017eeb a (c) zapad\u00e1 do kontextu webov\u00e9 str\u00e1nky odkazuj\u00edc\u00ed strany.<\/p>\n\n\n\n<p>M\u016f\u017eeme zv\u00e1\u017eit a schv\u00e1lit dal\u0161\u00ed \u017e\u00e1dosti o propojen\u00ed od n\u00e1sleduj\u00edc\u00edch typ\u016f organizac\u00ed:<\/p>\n\n\n\n<ul>\n<li>obecn\u011b zn\u00e1m\u00e9 zdroje spot\u0159ebitelsk\u00fdch a\/nebo obchodn\u00edch informac\u00ed;<\/li>\n\n\n\n<li>komunita dot.com<\/li>\n\n\n\n<li>sdru\u017een\u00ed nebo jin\u00e9 skupiny zastupuj\u00edc\u00ed charitativn\u00ed organizace;<\/li>\n\n\n\n<li>online distributo\u0159i adres\u00e1\u0159\u016f;<\/li>\n\n\n\n<li>internetov\u00e9 port\u00e1ly;<\/li>\n\n\n\n<li>\u00fa\u010detn\u00ed, pr\u00e1vn\u00ed a poradensk\u00e9 spole\u010dnosti a<\/li>\n\n\n\n<li>vzd\u011bl\u00e1vac\u00ed instituce a obchodn\u00ed sdru\u017een\u00ed.<\/li>\n<\/ul>\n\n\n\n<p>\u017d\u00e1dosti o odkazy od t\u011bchto organizac\u00ed schv\u00e1l\u00edme, pokud usoud\u00edme, \u017ee: (a) nezajist\u00edme, aby odkaz vypadal nevhodn\u00fd pro n\u00e1s nebo pro na\u0161e akreditovan\u00e9 spole\u010dnosti; (b) organizace u n\u00e1s nem\u00e1 \u017e\u00e1dn\u00e9 negativn\u00ed z\u00e1znamy; (c) v\u00fdhoda viditelnosti hypertextov\u00e9ho odkazu n\u00e1m kompenzuje absenci Iphone na prodej a (d) odkaz je v kontextu obecn\u00fdch informac\u00ed o zdroj\u00edch.<\/p>\n\n\n\n<p>Tyto organizace mohou odkazovat na na\u0161i domovskou str\u00e1nku, pokud odkaz: (a) nen\u00ed \u017e\u00e1dn\u00fdm zp\u016fsobem klamav\u00fd; (b) nenazna\u010duje fale\u0161n\u00e9 sponzorstv\u00ed, schv\u00e1len\u00ed nebo podporu odkazuj\u00edc\u00ed str\u00e1nky a jej\u00edch produkt\u016f nebo slu\u017eeb a (c) zapad\u00e1 do kontextu webov\u00e9 str\u00e1nky odkazuj\u00edc\u00ed strany. Pokud jste jednou z v\u00fd\u0161e uveden\u00fdch organizac\u00ed a m\u00e1te z\u00e1jem o propojen\u00ed s na\u0161imi str\u00e1nkami, mus\u00edte n\u00e1m to ozn\u00e1mit zasl\u00e1n\u00edm e-mailu na adresu info@prodam-iphone.com.<\/p>\n\n\n\n<p>Uve\u010fte pros\u00edm sv\u00e9 jm\u00e9no, n\u00e1zev organizace, kontaktn\u00ed \u00fadaje a tak\u00e9 adresu URL va\u0161\u00ed webov\u00e9 str\u00e1nky, seznam v\u0161ech adres URL, ze kter\u00fdch chcete odkazovat na na\u0161e webov\u00e9 str\u00e1nky, a seznam adres URL na na\u0161ich webov\u00fdch str\u00e1nk\u00e1ch, na kter\u00e9 chcete odkazovat. Vy\u010dkejte pros\u00edm 2-3 t\u00fddny na odpov\u011b\u010f.<\/p>\n\n\n\n<p>Schv\u00e1len\u00e9 organizace mohou odkazovat na na\u0161e str\u00e1nky:<\/p>\n\n\n\n<ul>\n<li>pomoc\u00ed n\u00e1zvu na\u0161\u00ed spole\u010dnosti nebo<\/li>\n\n\n\n<li>pomoc\u00ed jednotn\u00e9ho lok\u00e1toru zdroj\u016f, kter\u00fd je propojen\u00fd resp<\/li>\n\n\n\n<li>pou\u017eit\u00ed jak\u00e9hokoli jin\u00e9ho popisu na\u0161\u00ed propojen\u00e9 str\u00e1nky, kter\u00fd d\u00e1v\u00e1 smysl v kontextu a form\u00e1tu obsahu na odkazovan\u00e9 z\u00e1kaznick\u00e9 str\u00e1nce.<\/li>\n<\/ul>\n\n\n\n<p>U odkazu nebude v p\u0159\u00edpad\u011b neexistence licen\u010dn\u00ed smlouvy na ochrannou zn\u00e1mku povoleno pou\u017eit\u00ed loga Sell Iphone nebo jin\u00e9ho obsahu.<\/p>\n\n\n\n<p><strong>iFrames<\/strong><\/p>\n\n\n\n<p>Bez p\u0159edchoz\u00edho souhlasu a p\u00edsemn\u00e9ho povolen\u00ed nesm\u00edte na na\u0161ich webov\u00fdch str\u00e1nk\u00e1ch vytv\u00e1\u0159et r\u00e1mce, kter\u00e9 jak\u00fdmkoliv zp\u016fsobem m\u011bn\u00ed vizu\u00e1ln\u00ed prezentaci nebo vzhled na\u0161ich webov\u00fdch str\u00e1nek.<\/p>\n\n\n\n<p><strong>Odpov\u011bdnost za obsah<\/strong><\/p>\n\n\n\n<p>Neneseme odpov\u011bdnost za \u017e\u00e1dn\u00fd obsah, kter\u00fd se objev\u00ed na va\u0161ich str\u00e1nk\u00e1ch. Souhlas\u00edte s t\u00edm, \u017ee n\u00e1s od\u0161kodn\u00edte a budete n\u00e1s br\u00e1nit proti jak\u00fdmkoli n\u00e1rok\u016fm, kter\u00e9 se objev\u00ed na va\u0161ich webov\u00fdch str\u00e1nk\u00e1ch. Na \u017e\u00e1dn\u00e9 webov\u00e9 str\u00e1nce se nesm\u00ed objevit \u017e\u00e1dn\u00fd odkaz, kter\u00fd by mohl b\u00fdt vykl\u00e1d\u00e1n jako nepravdiv\u00fd, obsc\u00e9nn\u00ed nebo trestn\u00fd nebo kter\u00fd poru\u0161uje, jinak poru\u0161uje nebo obhajuje poru\u0161ov\u00e1n\u00ed nebo jin\u00e9 poru\u0161ov\u00e1n\u00ed pr\u00e1v jak\u00e9koli t\u0159et\u00ed strany.<\/p>\n\n\n\n<p><strong>V\u00fdhrada pr\u00e1v<\/strong><\/p>\n\n\n\n<p>Vyhrazujeme si pr\u00e1vo po\u017eadovat, abyste odstranili v\u0161echny odkazy nebo jak\u00fdkoli konkr\u00e9tn\u00ed odkaz na na\u0161e webov\u00e9 str\u00e1nky. Souhlas\u00edte s t\u00edm, \u017ee na po\u017e\u00e1d\u00e1n\u00ed okam\u017eit\u011b odstran\u00edte ve\u0161ker\u00e9 odkazy na na\u0161e webov\u00e9 str\u00e1nky. Vyhrazujeme si tak\u00e9 pr\u00e1vo kdykoli zm\u011bnit tyto podm\u00ednky a pravidla, kter\u00e1 s nimi souvis\u00ed. Pokra\u010dov\u00e1n\u00edm v odkazov\u00e1n\u00ed na na\u0161e webov\u00e9 str\u00e1nky souhlas\u00edte s t\u00edm, \u017ee budete v\u00e1z\u00e1ni a budete se \u0159\u00eddit t\u011bmito podm\u00ednkami.<\/p>\n\n\n\n<p><strong>Odstran\u011bn\u00ed odkaz\u016f z na\u0161eho webu<\/strong><\/p>\n\n\n\n<p>Pokud na na\u0161ich str\u00e1nk\u00e1ch najdete jak\u00fdkoli odkaz, kter\u00fd je z jak\u00e9hokoli d\u016fvodu ur\u00e1\u017eliv\u00fd, m\u016f\u017eete n\u00e1s kdykoli kontaktovat a d\u00e1t n\u00e1m v\u011bd\u011bt. Budeme respektovat \u017e\u00e1dosti o odstran\u011bn\u00ed odkaz\u016f, ale nebudeme povinni na n\u011b p\u0159\u00edmo reagovat. Nezaru\u010dujeme, \u017ee informace na t\u00e9to webov\u00e9 str\u00e1nce jsou spr\u00e1vn\u00e9, nezaru\u010dujeme jejich \u00faplnost nebo p\u0159esnost; rovn\u011b\u017e neslibujeme, \u017ee zajist\u00edme, \u017ee web z\u016fstane dostupn\u00fd nebo \u017ee materi\u00e1ly na webu budou pr\u016fb\u011b\u017en\u011b aktualizov\u00e1ny.<\/p>\n\n\n\n<p><strong>Z\u0159eknut\u00ed se odpov\u011bdnosti<\/strong><\/p>\n\n\n\n<p>V maxim\u00e1ln\u00edm rozsahu povolen\u00e9m platn\u00fdmi z\u00e1kony vylu\u010dujeme ve\u0161ker\u00e1 prohl\u00e1\u0161en\u00ed, z\u00e1ruky a podm\u00ednky t\u00fdkaj\u00edc\u00ed se na\u0161ich webov\u00fdch str\u00e1nek a pou\u017e\u00edv\u00e1n\u00ed t\u011bchto webov\u00fdch str\u00e1nek. Nic v tomto vylou\u010den\u00ed odpov\u011bdnosti nebude:<\/p>\n\n\n\n<p>Omezen\u00ed a vylou\u010den\u00ed odpov\u011bdnosti uveden\u00e1 v t\u00e9to \u010d\u00e1sti a jinde v tomto prohl\u00e1\u0161en\u00ed o vylou\u010den\u00ed odpov\u011bdnosti: (a) plat\u00ed v p\u0159edchoz\u00edm odstavci a (b) \u0159\u00edd\u00ed v\u0161echny z\u00e1vazky vypl\u00fdvaj\u00edc\u00ed z odm\u00edtnut\u00ed odpov\u011bdnosti, v\u010detn\u011b smluvn\u00edch z\u00e1vazk\u016f vypl\u00fdvaj\u00edc\u00edch ze smlouvy, deliktu a poru\u0161en\u00ed z\u00e1konn\u00e9 povinnosti. .<\/p>\n\n\n\n<p>Dokud nebudou webov\u00e9 str\u00e1nky a informace a slu\u017eby na webu dostupn\u00e9 zdarma, neneseme odpov\u011bdnost za jakoukoli ztr\u00e1tu nebo po\u0161kozen\u00ed.<\/p>\n\n\n\n<p><strong>Mimosoudn\u00ed \u0159e\u0161en\u00ed spot\u0159ebitelsk\u00fdch spor\u016f<\/strong><\/p>\n\n\n\n<p>Spole\u010dnost Prodam Iphone v souladu s pr\u00e1vn\u00edmi normami neuzn\u00e1v\u00e1 \u017e\u00e1dn\u00e9ho poskytovatele mimosoudn\u00edho \u0159e\u0161en\u00ed spot\u0159ebitelsk\u00fdch spor\u016f za p\u0159\u00edslu\u0161n\u00e9ho k \u0159e\u0161en\u00ed spot\u0159ebitelsk\u00e9ho sporu, kter\u00fd by spot\u0159ebitel mohl zah\u00e1jit v souladu se z\u00e1konem o mimosoudn\u00edm jedn\u00e1n\u00ed. \u0159e\u0161en\u00ed spot\u0159ebitelsk\u00fdch spor\u016f. Spole\u010dnost jako poskytovatel zbo\u017e\u00ed a slu\u017eeb zve\u0159ej\u0148uje na sv\u00fdch webov\u00fdch str\u00e1nk\u00e1ch elektronick\u00fd odkaz na platformu pro online \u0159e\u0161en\u00ed spot\u0159ebitelsk\u00fdch spor\u016f (SRPS). Platforma je spot\u0159ebitel\u016fm k dispozici na elektronick\u00e9m odkazu http:\/\/ec.europa.eu\/odr. Uveden\u00e1 \u00faprava poch\u00e1z\u00ed ze z\u00e1kona o mimosoudn\u00edm \u0159e\u0161en\u00ed spot\u0159ebitelsk\u00fdch spor\u016f, na\u0159\u00edzen\u00ed (EU) \u010d. 524\/2013 Evropsk\u00e9ho parlamentu a Rady o online \u0159e\u0161en\u00ed spot\u0159ebitelsk\u00fdch spor\u016f a zm\u011bn\u011b na\u0159\u00edzen\u00ed (ES) \u010d. 2016\/2004 a sm\u011brnice 200.<\/p>","protected":false},"excerpt":{"rendered":"<p>V\u0161eobecn\u00e9 obchodn\u00ed podm\u00ednky Tyto obchodn\u00ed podm\u00ednky popisuj\u00ed pravidla a p\u0159edpisy pro pou\u017e\u00edv\u00e1n\u00ed webov\u00fdch str\u00e1nek Prodam Iphone, kter\u00e9 se nach\u00e1zej\u00ed na adrese https:\/\/prodam-iphone.com a v\u0161ech jejich subdom\u00e9n. P\u0159\u00edstupem na tyto webov\u00e9 str\u00e1nky souhlas\u00edte s t\u011bmito obchodn\u00edmi podm\u00ednkami. Pokud nesouhlas\u00edte se v\u0161emi obchodn\u00edmi podm\u00ednkami uveden\u00fdmi na t\u00e9to str\u00e1nce, p\u0159esta\u0148te pou\u017e\u00edvat str\u00e1nky https:\/\/prodam-iphone.com. N\u00e1sleduj\u00edc\u00ed terminologie ozna\u010duje [\u2026]<\/p>","protected":false},"author":1,"featured_media":0,"parent":0,"menu_order":0,"comment_status":"closed","ping_status":"open","template":"","meta":{"_seopress_robots_primary_cat":"","_seopress_titles_title":"Splo\u0161ni pogoji","_seopress_titles_desc":"Ti pogoji opisujejo pravila in predpise za uporabo za spletnega mesta Prodam Iphone, ki se nahaja na https:\/\/prodam-iphone.com in vse njene poddomene.","_seopress_robots_index":"","ocean_post_layout":"","ocean_both_sidebars_style":"","ocean_both_sidebars_content_width":0,"ocean_both_sidebars_sidebars_width":0,"ocean_sidebar":"","ocean_second_sidebar":"","ocean_disable_margins":"enable","ocean_add_body_class":"","ocean_shortcode_before_top_bar":"","ocean_shortcode_after_top_bar":"","ocean_shortcode_before_header":"","ocean_shortcode_after_header":"","ocean_has_shortcode":"","ocean_shortcode_after_title":"","ocean_shortcode_before_footer_widgets":"","ocean_shortcode_after_footer_widgets":"","ocean_shortcode_before_footer_bottom":"","ocean_shortcode_after_footer_bottom":"","ocean_display_top_bar":"default","ocean_display_header":"default","ocean_header_style":"","ocean_center_header_left_menu":"","ocean_custom_header_template":"","ocean_custom_logo":0,"ocean_custom_retina_logo":0,"ocean_custom_logo_max_width":0,"ocean_custom_logo_tablet_max_width":0,"ocean_custom_logo_mobile_max_width":0,"ocean_custom_logo_max_height":0,"ocean_custom_logo_tablet_max_height":0,"ocean_custom_logo_mobile_max_height":0,"ocean_header_custom_menu":"","ocean_menu_typo_font_family":"","ocean_menu_typo_font_subset":"","ocean_menu_typo_font_size":0,"ocean_menu_typo_font_size_tablet":0,"ocean_menu_typo_font_size_mobile":0,"ocean_menu_typo_font_size_unit":"px","ocean_menu_typo_font_weight":"","ocean_menu_typo_font_weight_tablet":"","ocean_menu_typo_font_weight_mobile":"","ocean_menu_typo_transform":"","ocean_menu_typo_transform_tablet":"","ocean_menu_typo_transform_mobile":"","ocean_menu_typo_line_height":0,"ocean_menu_typo_line_height_tablet":0,"ocean_menu_typo_line_height_mobile":0,"ocean_menu_typo_line_height_unit":"","ocean_menu_typo_spacing":0,"ocean_menu_typo_spacing_tablet":0,"ocean_menu_typo_spacing_mobile":0,"ocean_menu_typo_spacing_unit":"","ocean_menu_link_color":"","ocean_menu_link_color_hover":"","ocean_menu_link_color_active":"","ocean_menu_link_background":"","ocean_menu_link_hover_background":"","ocean_menu_link_active_background":"","ocean_menu_social_links_bg":"","ocean_menu_social_hover_links_bg":"","ocean_menu_social_links_color":"","ocean_menu_social_hover_links_color":"","ocean_disable_title":"default","ocean_disable_heading":"default","ocean_post_title":"","ocean_post_subheading":"","ocean_post_title_style":"","ocean_post_title_background_color":"","ocean_post_title_background":0,"ocean_post_title_bg_image_position":"","ocean_post_title_bg_image_attachment":"","ocean_post_title_bg_image_repeat":"","ocean_post_title_bg_image_size":"","ocean_post_title_height":0,"ocean_post_title_bg_overlay":0.5,"ocean_post_title_bg_overlay_color":"","ocean_disable_breadcrumbs":"default","ocean_breadcrumbs_color":"","ocean_breadcrumbs_separator_color":"","ocean_breadcrumbs_links_color":"","ocean_breadcrumbs_links_hover_color":"","ocean_display_footer_widgets":"default","ocean_display_footer_bottom":"default","ocean_custom_footer_template":""},"_links":{"self":[{"href":"https:\/\/prodam-iphone.com\/cs\/wp-json\/wp\/v2\/pages\/1673"}],"collection":[{"href":"https:\/\/prodam-iphone.com\/cs\/wp-json\/wp\/v2\/pages"}],"about":[{"href":"https:\/\/prodam-iphone.com\/cs\/wp-json\/wp\/v2\/types\/page"}],"author":[{"embeddable":true,"href":"https:\/\/prodam-iphone.com\/cs\/wp-json\/wp\/v2\/users\/1"}],"replies":[{"embeddable":true,"href":"https:\/\/prodam-iphone.com\/cs\/wp-json\/wp\/v2\/comments?post=1673"}],"version-history":[{"count":1,"href":"https:\/\/prodam-iphone.com\/cs\/wp-json\/wp\/v2\/pages\/1673\/revisions"}],"predecessor-version":[{"id":1674,"href":"https:\/\/prodam-iphone.com\/cs\/wp-json\/wp\/v2\/pages\/1673\/revisions\/1674"}],"wp:attachment":[{"href":"https:\/\/prodam-iphone.com\/cs\/wp-json\/wp\/v2\/media?parent=1673"}],"curies":[{"name":"wp","href":"https:\/\/api.w.org\/{rel}","templated":true}]}}