{"id":3,"date":"2024-09-08T19:56:42","date_gmt":"2024-09-08T18:56:42","guid":{"rendered":"https:\/\/prodam-iphone.com\/?page_id=3"},"modified":"2024-10-17T19:24:58","modified_gmt":"2024-10-17T18:24:58","slug":"pravilnik-o-zasebnosti","status":"publish","type":"page","link":"https:\/\/prodam-iphone.com\/bs\/politika-privatnosti\/","title":{"rendered":"Politika privatnosti"},"content":{"rendered":"<h2 class=\"wp-block-heading\">Privatnost<\/h2>\n\n\n\n<ol>\n<li><strong>\u0160TA NAM TREBA<\/strong><\/li>\n<\/ol>\n\n\n\n<p>Na\u0161a politika privatnosti regulira kori\u0161tenje i pohranu podataka. Politiku za\u0161tite li\u010dnih podataka mo\u017eete pogledati na stranici Obavje\u0161tenje o privatnosti (prilog ispod). Iphone na prodaju, Trg Celjske knezov 1, 3000 Celje je upravitelj osobnih podataka koje daje (subjekt podataka: vi, kupac, posjetitelj, itd.). Prikupljamo sljede\u0107e vrste li\u010dnih podataka:<\/p>\n\n\n\n<ul>\n<li>E-mail adresa;<\/li>\n\n\n\n<li>Ime i Prezime, Adresa, E-mail adresa i Broj telefona;<\/li>\n\n\n\n<li>Informacije o sredstvima pla\u0107anja, kao \u0161to su podaci o kreditnoj ili platnoj kartici, Paypal i drugi na\u010dini pla\u0107anja;<\/li>\n\n\n\n<li>Kopije li\u010dnih dokumenata koji potvr\u0111uju ta\u010dnost li\u010dnih podataka;<\/li>\n\n\n\n<li>Kola\u010di\u0107i;<\/li>\n\n\n\n<li>Google Analytics i Yandex i Cloudflare pra\u0107enje posjeta;<\/li>\n\n\n\n<li>Linkovi ka li\u010dnim profilima na dru\u0161tvenim grupama.<\/li>\n<\/ul>\n\n\n\n<p>Svaku vrstu li\u010dnih podataka pribavljamo po potrebi i uz poseban pristanak.<\/p>\n\n\n\n<ol start=\"2\">\n<li><strong>ZA\u0160TO NAM TREBAJU<\/strong><\/li>\n<\/ol>\n\n\n\n<p>Va\u0161i li\u010dni podaci su nam potrebni za slede\u0107e usluge:<\/p>\n\n\n\n<ol>\n<li>E-mail adresa za odgovaranje na va\u0161e e-mail poruke ili poruke poslane putem obrasca za kontakt;<\/li>\n\n\n\n<li>E-mail adresa za slanje ponuda i e-vijesti;<\/li>\n\n\n\n<li>Ime i Prezime, Adresa, E-mail adresa i Broj telefona za primanje rezervacija, upita i slanje ponuda ili u vezi sa ispunjenjem drugih Va\u0161ih zahtjeva;<\/li>\n\n\n\n<li>Ime i Prezime, Adresa, E-mail adresa i Broj telefona za kupovinu poklon bonova, vau\u010dera ili usluga i artikala vezanih za na\u0161u ponudu;<\/li>\n\n\n\n<li>Podaci o sredstvu pla\u0107anja i kopije li\u010dnih dokumenata za pru\u017eanje usluga;<\/li>\n\n\n\n<li>E-mail adresa za automatizovani marketing (potvrda rezervacije, zahvale na registraciji, itd.);<\/li>\n\n\n\n<li>Kola\u010di\u0107i za rad web stranice;<\/li>\n\n\n\n<li>Komunikacija kroz dru\u0161tvene grupe sa li\u010dnim profilima koji potvr\u0111uju povezanost sa nama;<\/li>\n\n\n\n<li>Ime i Prezime, Adresa, E-mail adresa i Broj telefona za povremene nagradne igre ili druge promotivne kampanje uz va\u0161u prethodnu dozvolu;<\/li>\n\n\n\n<li>Agregirani podaci iz Google Analytics ili Yandex Direct i Cloudflare za pra\u0107enje posjeta i internu analitiku pomo\u0107u koje \u0107emo pobolj\u0161ati sadr\u017eaj.<\/li>\n<\/ol>\n\n\n\n<ol>\n<li><strong>\u0160TA RADIMO SA LI\u010cNIM PODACIMA<\/strong><\/li>\n<\/ol>\n\n\n\n<p>Va\u0161i li\u010dni podaci se obra\u0111uju u Prodam Iphoneu, Trg celjskih knezova 1, 3000 Celje, koji se nalazi u Sloveniji. Hosting i skladi\u0161tenje podataka odvija se na https:\/\/prodam-iphone.com, koji se nalazi u zemljama Evropske unije (Njema\u010dka).<\/p>\n\n\n\n<p>Nijedan provajder tre\u0107e strane nema pristup va\u0161im podacima, osim ako to ne zahtijeva zakon.<\/p>\n\n\n\n<ol start=\"4\">\n<li><strong>KOLIKO IH \u010cUVAMO<\/strong><\/li>\n<\/ol>\n\n\n\n<p>Na na\u0161oj web stranici koristimo trajne kola\u010di\u0107e za veze na dru\u0161tvene usluge i druge pru\u017eatelje usluga &quot;dijeljenja&quot; te kola\u010di\u0107e koji vam poma\u017eu da uvijek iznova prona\u0111ete svoj najpopularniji sadr\u017eaj na na\u0161oj web stranici.<\/p>\n\n\n\n<ol start=\"5\">\n<li><strong>KOJA SU VA\u0160A PRAVA<\/strong><\/li>\n<\/ol>\n\n\n\n<p>Ako smatrate da su li\u010dni podaci koje imamo o vama neta\u010dni ili nepotpuni, imate mogu\u0107nost poslati zahtjev za pregled ovih podataka, ispravljanje ili brisanje. Kontaktirajte nas putem (Obrazac zahtjeva za pristup podacima). Ukoliko se \u017eelite \u017ealiti na na\u010din na koji smo obradili Va\u0161e li\u010dne podatke, obratite se ovla\u0161tenoj osobi za za\u0161titu podataka ili Kontakt osoba za za\u0161titu podataka (DPC, Data Protection Contact) na e-mail adresu info@prodam-iphone.com ili pismeno na Prodam Iphone, Trg celjskih knezova 1, 3000 Celje.<\/p>\n\n\n\n<p>Na\u0161 DPC \u0107e zatim razmotriti va\u0161u \u017ealbu i obavijestiti vas kako je stvar rije\u0161ena. Ukoliko i dalje smatrate da Va\u0161i li\u010dni podaci nisu pravilno obra\u0111eni u skladu sa zakonom, mo\u017eete se obratiti Povereniku za informacije i podneti mu pritu\u017ebu. Mo\u017eete zatra\u017eiti pristup politikama i dokumentima koji se odnose na privatnost koriste\u0107i poseban obrazac koji se nalazi na stranici Obavje\u0161tenje o privatnosti.<\/p>\n\n\n\n<p><strong>Povezani dokumenti:<\/strong><\/p>\n\n\n\n<ul>\n<li>Politika za\u0161tite li\u010dnih podataka<\/li>\n\n\n\n<li>Politika \u010duvanja li\u010dnih podataka (na zahtjev e-mailom ili li\u010dno)<\/li>\n\n\n\n<li>Raspored \u010duvanja li\u010dnih podataka (na zahtjev e-mailom ili li\u010dno)<\/li>\n\n\n\n<li>Obavijest o privatnosti<\/li>\n\n\n\n<li>Op\u0161ti uslovi<\/li>\n\n\n\n<li>Obrazac za pristanak<\/li>\n\n\n\n<li>Obrazac za povla\u010denje saglasnosti<\/li>\n<\/ul>\n\n\n\n<p>Celje, 30\/09\/2024, Ver. Dokumenti: 1.0<\/p>","protected":false},"excerpt":{"rendered":"<p>Privatnost Na\u0161a politika za\u0161tite li\u010dnih podataka ure\u0111uje kori\u0161tenje i pohranu podataka. Politiku za\u0161tite li\u010dnih podataka mo\u017eete pogledati na stranici Obavje\u0161tenje o privatnosti (prilog ispod). Prodam Iphone, Trg celjskih knezov 1, 3000 Celje je kontrolor li\u010dnih podataka koje ste vi dostavili (subjekt podataka: vi, kupac, posjetilac, itd.). Prikupljamo sljede\u0107e vrste li\u010dnih podataka: Svaki li\u010dni podatak [\u2026]<\/p>","protected":false},"author":1,"featured_media":0,"parent":0,"menu_order":0,"comment_status":"closed","ping_status":"open","template":"","meta":{"_seopress_robots_primary_cat":"","_seopress_titles_title":"Pravilnik o zasebnosti za odkup mobilnih telefonov","_seopress_titles_desc":"Na\u0161a politika varovanja osebnih podatkov ureja uporabo in shranjevanje podatkov.","_seopress_robots_index":"","ocean_post_layout":"","ocean_both_sidebars_style":"","ocean_both_sidebars_content_width":0,"ocean_both_sidebars_sidebars_width":0,"ocean_sidebar":"","ocean_second_sidebar":"","ocean_disable_margins":"enable","ocean_add_body_class":"","ocean_shortcode_before_top_bar":"","ocean_shortcode_after_top_bar":"","ocean_shortcode_before_header":"","ocean_shortcode_after_header":"","ocean_has_shortcode":"","ocean_shortcode_after_title":"","ocean_shortcode_before_footer_widgets":"","ocean_shortcode_after_footer_widgets":"","ocean_shortcode_before_footer_bottom":"","ocean_shortcode_after_footer_bottom":"","ocean_display_top_bar":"default","ocean_display_header":"default","ocean_header_style":"","ocean_center_header_left_menu":"","ocean_custom_header_template":"","ocean_custom_logo":0,"ocean_custom_retina_logo":0,"ocean_custom_logo_max_width":0,"ocean_custom_logo_tablet_max_width":0,"ocean_custom_logo_mobile_max_width":0,"ocean_custom_logo_max_height":0,"ocean_custom_logo_tablet_max_height":0,"ocean_custom_logo_mobile_max_height":0,"ocean_header_custom_menu":"","ocean_menu_typo_font_family":"","ocean_menu_typo_font_subset":"","ocean_menu_typo_font_size":0,"ocean_menu_typo_font_size_tablet":0,"ocean_menu_typo_font_size_mobile":0,"ocean_menu_typo_font_size_unit":"px","ocean_menu_typo_font_weight":"","ocean_menu_typo_font_weight_tablet":"","ocean_menu_typo_font_weight_mobile":"","ocean_menu_typo_transform":"","ocean_menu_typo_transform_tablet":"","ocean_menu_typo_transform_mobile":"","ocean_menu_typo_line_height":0,"ocean_menu_typo_line_height_tablet":0,"ocean_menu_typo_line_height_mobile":0,"ocean_menu_typo_line_height_unit":"","ocean_menu_typo_spacing":0,"ocean_menu_typo_spacing_tablet":0,"ocean_menu_typo_spacing_mobile":0,"ocean_menu_typo_spacing_unit":"","ocean_menu_link_color":"","ocean_menu_link_color_hover":"","ocean_menu_link_color_active":"","ocean_menu_link_background":"","ocean_menu_link_hover_background":"","ocean_menu_link_active_background":"","ocean_menu_social_links_bg":"","ocean_menu_social_hover_links_bg":"","ocean_menu_social_links_color":"","ocean_menu_social_hover_links_color":"","ocean_disable_title":"default","ocean_disable_heading":"default","ocean_post_title":"","ocean_post_subheading":"","ocean_post_title_style":"","ocean_post_title_background_color":"","ocean_post_title_background":0,"ocean_post_title_bg_image_position":"","ocean_post_title_bg_image_attachment":"","ocean_post_title_bg_image_repeat":"","ocean_post_title_bg_image_size":"","ocean_post_title_height":0,"ocean_post_title_bg_overlay":0.5,"ocean_post_title_bg_overlay_color":"","ocean_disable_breadcrumbs":"default","ocean_breadcrumbs_color":"","ocean_breadcrumbs_separator_color":"","ocean_breadcrumbs_links_color":"","ocean_breadcrumbs_links_hover_color":"","ocean_display_footer_widgets":"default","ocean_display_footer_bottom":"default","ocean_custom_footer_template":""},"_links":{"self":[{"href":"https:\/\/prodam-iphone.com\/bs\/wp-json\/wp\/v2\/pages\/3"}],"collection":[{"href":"https:\/\/prodam-iphone.com\/bs\/wp-json\/wp\/v2\/pages"}],"about":[{"href":"https:\/\/prodam-iphone.com\/bs\/wp-json\/wp\/v2\/types\/page"}],"author":[{"embeddable":true,"href":"https:\/\/prodam-iphone.com\/bs\/wp-json\/wp\/v2\/users\/1"}],"replies":[{"embeddable":true,"href":"https:\/\/prodam-iphone.com\/bs\/wp-json\/wp\/v2\/comments?post=3"}],"version-history":[{"count":2,"href":"https:\/\/prodam-iphone.com\/bs\/wp-json\/wp\/v2\/pages\/3\/revisions"}],"predecessor-version":[{"id":1622,"href":"https:\/\/prodam-iphone.com\/bs\/wp-json\/wp\/v2\/pages\/3\/revisions\/1622"}],"wp:attachment":[{"href":"https:\/\/prodam-iphone.com\/bs\/wp-json\/wp\/v2\/media?parent=3"}],"curies":[{"name":"wp","href":"https:\/\/api.w.org\/{rel}","templated":true}]}}