{"id":1677,"date":"2024-10-27T00:00:27","date_gmt":"2024-10-26T23:00:27","guid":{"rendered":"https:\/\/prodam-iphone.com\/?page_id=1677"},"modified":"2024-10-27T00:00:27","modified_gmt":"2024-10-26T23:00:27","slug":"kolofon","status":"publish","type":"page","link":"https:\/\/prodam-iphone.com\/bs\/kolofon\/","title":{"rendered":"Kolofon"},"content":{"rendered":"<p><strong>Op\u0161ti uslovi<\/strong><\/p>\n\n\n\n<p>Web stranice smo pripremili sami zajedno s pru\u017eateljem online usluga.<\/p>\n\n\n\n<p><strong>Namjena web stranica<\/strong><br>Informacije na web stranici su prezentacijske prirode iz oblasti osnovne djelatnosti za koju smo registrirani. Obavezujemo se da su informacije na web stranici istinite, pouzdane i kvalitetne.<br>Ne snosimo odgovornost za bilo kakve tipografske gre\u0161ke, zadr\u017eavamo pravo izmjene sadr\u017eaja u bilo koje vrijeme i bez prethodne najave ako nije u skladu s politikom na\u0161e kompanije.<\/p>\n\n\n\n<p><strong>Pravo kori\u0161tenja<\/strong><br>Web stranica i sav njen sadr\u017eaj za\u0161ti\u0107eni su pravima industrijskog i intelektualnog vlasni\u0161tva. Mo\u017eete koristiti sve informacije, tekst, slike ili druge grafi\u010dke elemente koji se nalaze na ovoj web stranici isklju\u010divo za svoju li\u010dnu, nekomercijalnu upotrebu i ne smijete, u cijelosti ili djelomi\u010dno, reproducirati, modificirati, distribuirati, licencirati ili objavljivati u bilo kojem obliku publikacije za bilo koju svrhu, osim za gledanje, bez prethodne pismene dozvole administratora.<\/p>\n\n\n\n<p><strong>Preuzimanje odgovornosti<\/strong><br>Prilikom dizajniranja web stranice nastojimo osigurati da informacije budu a\u017eurne i ta\u010dne. Ne jam\u010dimo njihovu to\u010dnost i potpunost i ne preuzimamo nikakvu odgovornost koja proizlazi iz njihove upotrebe. Svi korisnici koriste objavljene sadr\u017eaje na vlastitu odgovornost.<br>Zadr\u017eavamo pravo izmjene sadr\u017eaja na\u0161ih web stranica u bilo koje vrijeme, na bilo koji na\u010din, iz bilo kojeg razloga i bez prethodnog upozorenja.<\/p>\n\n\n\n<p><strong>Tehnolo\u0161ka implementacija<\/strong><br>Tehnolo\u0161ko izvo\u0111enje je obezbijedila agencija za programiranje i dizajn u saradnji sa na\u0161om kompanijom.<\/p>\n\n\n\n<p>Naziv kompanije: Iphone na prodaju<br>Adresa: Trg Celjske knezov 1, 3000 Celje<br>E-mail: info@prodam-iphone.com<br>Web stranica: https:\/\/prodam-iphone.com<\/p>\n\n\n\n<p>Celje, 30.09.2024<\/p>","protected":false},"excerpt":{"rendered":"<p>Splo\u0161ni pogoji Spletne strani smo pripravili sami skupaj z izvajalcem spletnih storitev. Namen spletnih straniPodatki na spletni strani so predstavitvene narave s podro\u010dja osnovne dejavnosti za katere smo registrirani. Zavezujemo se, da so podatki na spletnem mestu resni\u010dni, zanesljivi in kakovostni.Ne odgovarjamo za morebitne tipkarske napake, pridr\u017eujemo si pravico, da kadarkoli in brez predhodnega obvestila [&hellip;]<\/p>","protected":false},"author":1,"featured_media":0,"parent":0,"menu_order":0,"comment_status":"closed","ping_status":"open","template":"","meta":{"_seopress_robots_primary_cat":"","_seopress_titles_title":"Kolofon","_seopress_titles_desc":"Spletne strani smo pripravili sami skupaj z izvajalcem spletnih storitev.","_seopress_robots_index":"","ocean_post_layout":"","ocean_both_sidebars_style":"","ocean_both_sidebars_content_width":0,"ocean_both_sidebars_sidebars_width":0,"ocean_sidebar":"","ocean_second_sidebar":"","ocean_disable_margins":"enable","ocean_add_body_class":"","ocean_shortcode_before_top_bar":"","ocean_shortcode_after_top_bar":"","ocean_shortcode_before_header":"","ocean_shortcode_after_header":"","ocean_has_shortcode":"","ocean_shortcode_after_title":"","ocean_shortcode_before_footer_widgets":"","ocean_shortcode_after_footer_widgets":"","ocean_shortcode_before_footer_bottom":"","ocean_shortcode_after_footer_bottom":"","ocean_display_top_bar":"default","ocean_display_header":"default","ocean_header_style":"","ocean_center_header_left_menu":"","ocean_custom_header_template":"","ocean_custom_logo":0,"ocean_custom_retina_logo":0,"ocean_custom_logo_max_width":0,"ocean_custom_logo_tablet_max_width":0,"ocean_custom_logo_mobile_max_width":0,"ocean_custom_logo_max_height":0,"ocean_custom_logo_tablet_max_height":0,"ocean_custom_logo_mobile_max_height":0,"ocean_header_custom_menu":"","ocean_menu_typo_font_family":"","ocean_menu_typo_font_subset":"","ocean_menu_typo_font_size":0,"ocean_menu_typo_font_size_tablet":0,"ocean_menu_typo_font_size_mobile":0,"ocean_menu_typo_font_size_unit":"px","ocean_menu_typo_font_weight":"","ocean_menu_typo_font_weight_tablet":"","ocean_menu_typo_font_weight_mobile":"","ocean_menu_typo_transform":"","ocean_menu_typo_transform_tablet":"","ocean_menu_typo_transform_mobile":"","ocean_menu_typo_line_height":0,"ocean_menu_typo_line_height_tablet":0,"ocean_menu_typo_line_height_mobile":0,"ocean_menu_typo_line_height_unit":"","ocean_menu_typo_spacing":0,"ocean_menu_typo_spacing_tablet":0,"ocean_menu_typo_spacing_mobile":0,"ocean_menu_typo_spacing_unit":"","ocean_menu_link_color":"","ocean_menu_link_color_hover":"","ocean_menu_link_color_active":"","ocean_menu_link_background":"","ocean_menu_link_hover_background":"","ocean_menu_link_active_background":"","ocean_menu_social_links_bg":"","ocean_menu_social_hover_links_bg":"","ocean_menu_social_links_color":"","ocean_menu_social_hover_links_color":"","ocean_disable_title":"default","ocean_disable_heading":"default","ocean_post_title":"","ocean_post_subheading":"","ocean_post_title_style":"","ocean_post_title_background_color":"","ocean_post_title_background":0,"ocean_post_title_bg_image_position":"","ocean_post_title_bg_image_attachment":"","ocean_post_title_bg_image_repeat":"","ocean_post_title_bg_image_size":"","ocean_post_title_height":0,"ocean_post_title_bg_overlay":0.5,"ocean_post_title_bg_overlay_color":"","ocean_disable_breadcrumbs":"default","ocean_breadcrumbs_color":"","ocean_breadcrumbs_separator_color":"","ocean_breadcrumbs_links_color":"","ocean_breadcrumbs_links_hover_color":"","ocean_display_footer_widgets":"default","ocean_display_footer_bottom":"default","ocean_custom_footer_template":""},"_links":{"self":[{"href":"https:\/\/prodam-iphone.com\/bs\/wp-json\/wp\/v2\/pages\/1677"}],"collection":[{"href":"https:\/\/prodam-iphone.com\/bs\/wp-json\/wp\/v2\/pages"}],"about":[{"href":"https:\/\/prodam-iphone.com\/bs\/wp-json\/wp\/v2\/types\/page"}],"author":[{"embeddable":true,"href":"https:\/\/prodam-iphone.com\/bs\/wp-json\/wp\/v2\/users\/1"}],"replies":[{"embeddable":true,"href":"https:\/\/prodam-iphone.com\/bs\/wp-json\/wp\/v2\/comments?post=1677"}],"version-history":[{"count":1,"href":"https:\/\/prodam-iphone.com\/bs\/wp-json\/wp\/v2\/pages\/1677\/revisions"}],"predecessor-version":[{"id":1678,"href":"https:\/\/prodam-iphone.com\/bs\/wp-json\/wp\/v2\/pages\/1677\/revisions\/1678"}],"wp:attachment":[{"href":"https:\/\/prodam-iphone.com\/bs\/wp-json\/wp\/v2\/media?parent=1677"}],"curies":[{"name":"wp","href":"https:\/\/api.w.org\/{rel}","templated":true}]}}