{"id":1673,"date":"2024-10-26T23:57:59","date_gmt":"2024-10-26T22:57:59","guid":{"rendered":"https:\/\/prodam-iphone.com\/?page_id=1673"},"modified":"2024-10-26T23:58:00","modified_gmt":"2024-10-26T22:58:00","slug":"splosni-pogoji","status":"publish","type":"page","link":"https:\/\/prodam-iphone.com\/bs\/opsti-uslovi\/","title":{"rendered":"Op\u0161ti uslovi"},"content":{"rendered":"<p><strong>Op\u0161ti uslovi<\/strong><\/p>\n\n\n\n<p>Ovi uslovi opisuju pravila i propise o kori\u0161tenju web stranice Prodam Iphone koja se nalazi na https:\/\/prodam-iphone.com i svih njenih poddomena. Pristupanjem ovoj web stranici pretpostavljamo da prihvatate ove uslove. Nemojte nastaviti koristiti https:\/\/prodam-iphone.com ako se ne sla\u017eete sa svim odredbama i uvjetima navedenim na ovoj stranici.<\/p>\n\n\n\n<p>Sljede\u0107a terminologija se odnosi na ove odredbe i uslove, izjavu o privatnosti i odricanje od odgovornosti i sve ugovore: \u201ckupac\u201d, \u201cvi\u201d i \u201cva\u0161\u201d se odnosi na vas, osobu koja se registruje na ovoj web stranici i pridr\u017eava se uslova kompanije . \u201eKompanija\u201c, \u201eMi\u201c, \u201eMi\u201c, \u201eNa\u0161i\u201c i \u201eNas\u201c se odnose na na\u0161u kompaniju. \u201cKlijent\u201d, \u201cizvo\u0111a\u010di\u201d ili \u201cnas\u201d se odnosi i na klijenta i na nas same. Svi uslovi se odnose na ponudu, prihvatanje i razmatranje pla\u0107anja neophodnog da se postupak na\u0161e pomo\u0107i klijentu sprovede na najprikladniji na\u010din sa izri\u010ditom svrhom zadovoljenja potreba klijenta za pru\u017eanjem navedenih usluga u skladu sa i uzimaju\u0107i u obzir va\u017ee\u0107i zakon Slovenije. Svaka upotreba gornje terminologije ili drugih rije\u010di u jednini, mno\u017eini, velikim slovima i\/ili on\/ona ili oni \u0107e se smatrati zamjenjivim i stoga se odnose na istu stvar.<\/p>\n\n\n\n<p><strong>Kola\u010di\u0107i<\/strong><\/p>\n\n\n\n<p>Web stranica koristi kola\u010di\u0107e. Pristupanjem https:\/\/prodam-iphone.com pristajete na kori\u0161tenje kola\u010di\u0107a u dogovoru sa kompanijom Prodam Iphone, te politikom privatnosti na web stranici. Ve\u0107ina interaktivnih web stranica koristi kola\u010di\u0107e koji nam omogu\u0107avaju da dohvatimo korisni\u010dke podatke za svaku posjetu. Koristimo kola\u010di\u0107e na na\u0161oj web stranici kako bismo omogu\u0107ili funkcionalnost odre\u0111enih podru\u010dja i kako bismo posjetiteljima olak\u0161ali posjet na\u0161oj web stranici. Neki od na\u0161ih pridru\u017eenih \/ reklamnih partnera tako\u0111er mogu koristiti kola\u010di\u0107e tre\u0107ih strana.<\/p>\n\n\n\n<p><strong>Licenca<\/strong><\/p>\n\n\n\n<p>Osim ako nije druga\u010dije navedeno, Prodam Iphone i\/ili davaoci licence stranice posjeduju prava intelektualne svojine za sav materijal na https:\/\/prodam-iphone.com. Sva prava intelektualnog vlasni\u0161tva su zadr\u017eana. Mo\u017eete mu pristupiti sa https:\/\/prodam-iphone.com za svoju li\u010dnu upotrebu podlo\u017eno ograni\u010denjima navedenim u ovim Uslovima.<\/p>\n\n\n\n<p>ne smijete:<\/p>\n\n\n\n<ul>\n<li>Objavite materijal https:\/\/prodam-iphone.com bez dozvole.<\/li>\n\n\n\n<li>Prodavati, iznajmljivati ili podlicencirati materijal sa https:\/\/prodam-iphone.com bez dozvole.<\/li>\n\n\n\n<li>Reproducirajte, umno\u017eavajte ili kopirajte materijal sa https:\/\/prodam-iphone.com bez dozvole.<\/li>\n\n\n\n<li>Redistribuirajte sadr\u017eaj sa https:\/\/prodam-iphone.com bez dozvole.<\/li>\n<\/ul>\n\n\n\n<p>Ovaj ugovor stupa na snagu na dan sklapanja ovog ugovora ili po direktnom dolasku na na\u0161u web stranicu.<\/p>\n\n\n\n<p>Dijelovi ove web stranice pru\u017eaju korisnicima mogu\u0107nost objavljivanja i dijeljenja mi\u0161ljenja i informacija u odre\u0111enim podru\u010djima web stranice. Iphone za prodaju ne filtrira, ure\u0111uje, objavljuje ili pregleda komentare prije njihovog prisustva na stranici. Komentari ne odra\u017eavaju stavove i mi\u0161ljenja Prodam Iphone-a, njegovih agenata i\/ili filijala. Komentari odra\u017eavaju stavove i mi\u0161ljenja osobe koja objavljuje svoje mi\u0161ljenje. U mjeri u kojoj je to dozvoljeno va\u017ee\u0107im zakonom, Prodam Iphone nije odgovoran za komentare niti bilo kakvu odgovornost, \u0161tete ili tro\u0161kove nastale i\/ili nastale kao rezultat bilo kakvog kori\u0161tenja i\/ili objavljivanja i\/ili pojavljivanja komentara na ovoj web stranici.<\/p>\n\n\n\n<p>Prodam Iphone zadr\u017eava pravo da prati sve komentare i da ukloni sve komentare koji se mogu smatrati neprikladnim, uvredljivim ili uzrokovati kr\u0161enje ovih uslova.<\/p>\n\n\n\n<p>Garantujete i izjavljujete da:<\/p>\n\n\n\n<ul>\n<li>imate pravo objavljivati komentare na na\u0161oj web stranici i imate potrebne dozvole i saglasnosti za to;<\/li>\n\n\n\n<li>komentari ne kr\u0161e nikakva prava intelektualne svojine, uklju\u010duju\u0107i ograni\u010denja autorskih prava, patenata ili za\u0161titnih znakova tre\u0107ih strana;<\/li>\n\n\n\n<li>komentari ne sadr\u017ee nikakav klevetni\u010dki, klevetni\u010dki, uvredljiv, opscen ili na drugi na\u010din nezakonit materijal koji predstavlja zadiranje u privatnost;<\/li>\n\n\n\n<li>komentari se ne\u0107e koristiti za tra\u017eenje ili promoviranje prodaje ili za predstavljanje komercijalnih ili ilegalnih aktivnosti.<\/li>\n<\/ul>\n\n\n\n<p>Ovim dajete Sell Iphone neekskluzivnu licencu za kori\u0161tenje, reprodukciju, ure\u0111ivanje i ovla\u0161\u0107ivanje drugih da koriste, reproduciraju i ure\u0111uju va\u0161e komentare u bilo kojem obliku, obliku ili mediju.<\/p>\n\n\n\n<p><strong>Hiperlink na na\u0161 sadr\u017eaj<\/strong><\/p>\n\n\n\n<p>Sljede\u0107e organizacije mogu povezivati na na\u0161u web stranicu bez prethodne pismene dozvole:<\/p>\n\n\n\n<ul>\n<li>vladine agencije;<\/li>\n\n\n\n<li>tra\u017eilice;<\/li>\n\n\n\n<li>vijesti;<\/li>\n\n\n\n<li>distributeri internetskih imenika koji se mogu povezati na na\u0161u web stranicu na isti na\u010din kao hiperveza na web stranice drugih navedenih kompanija i<\/li>\n\n\n\n<li>akreditovane kompanije u cijelom sistemu, isklju\u010duju\u0107i neprofitne organizacije, dobrotvorne \u0161oping centre i dobrotvorne grupe za prikupljanje sredstava, koje ne smiju biti povezane hipervezom na na\u0161u web stranicu.<\/li>\n<\/ul>\n\n\n\n<p>Ove organizacije mogu povezivati na\u0161u po\u010detnu stranicu, publikacije ili druge informacije na web stranici pod uvjetom da veza: (a) nije obmanjuju\u0107a ni na koji na\u010din; (b) ne implicira la\u017eno sponzorstvo, odobravanje ili odobrenje povezane stranice i njenih proizvoda i\/ili usluga i (c) uklapa se u kontekst web stranice strane koja povezuje.<\/p>\n\n\n\n<p>Mo\u017eemo razmotriti i odobriti druge zahtjeve za povezivanje sljede\u0107ih tipova organizacija:<\/p>\n\n\n\n<ul>\n<li>op\u0161te poznati izvori potro\u0161a\u010dkih i\/ili poslovnih informacija;<\/li>\n\n\n\n<li>dot.com zajednica<\/li>\n\n\n\n<li>udru\u017eenja ili druge grupe koje predstavljaju dobrotvorne organizacije;<\/li>\n\n\n\n<li>Internetski distributeri imenika;<\/li>\n\n\n\n<li>internet portali;<\/li>\n\n\n\n<li>ra\u010dunovodstvene, pravne i konsultantske kompanije i<\/li>\n\n\n\n<li>obrazovne institucije i trgova\u010dka udru\u017eenja.<\/li>\n<\/ul>\n\n\n\n<p>Mi \u0107emo odobriti zahtjeve za linkove od ovih organizacija ako utvrdimo da: (a) ne\u0107emo u\u010diniti da link izgleda neprikladno za nas ili za na\u0161e akreditovane kompanije; (b) organizacija nema negativnu evidenciju kod nas; (c) prednost vidljivosti hiperlinka kompenzira odsustvo Iphonea za prodaju, i (d) veza je u kontekstu op\u0161tih informacija o resursima.<\/p>\n\n\n\n<p>Ove organizacije mogu povezivati na na\u0161u po\u010detnu stranicu sve dok link: (a) nije obmanjuju\u0107i ni na koji na\u010din; (b) ne implicira la\u017eno sponzorstvo, odobrenje ili odobravanje stranice za povezivanje i njenih proizvoda ili usluga, i (c) uklapa se u kontekst web stranice strane koja povezuje. Ako ste jedna od gore navedenih organizacija i zainteresirani ste za povezivanje na na\u0161u stranicu, morate nas obavijestiti slanjem e-po\u0161te na info@prodam-iphone.com.<\/p>\n\n\n\n<p>Molimo uklju\u010dite svoje ime, naziv organizacije, kontakt informacije, kao i URL va\u0161e web stranice, listu svih URL-ova sa kojih namjeravate da se pove\u017eete na na\u0161u web stranicu i listu URL-ova na na\u0161oj web stranici na koje \u017eelite da se pove\u017eete. Molimo sa\u010dekajte 2-3 sedmice za odgovor.<\/p>\n\n\n\n<p>Odobrene organizacije mogu hipervezu na na\u0161u stranicu:<\/p>\n\n\n\n<ul>\n<li>koriste\u0107i naziv na\u0161e kompanije ili<\/li>\n\n\n\n<li>koriste\u0107i objedinjeni lokator resursa koji je povezan ili<\/li>\n\n\n\n<li>koriste\u0107i bilo koji drugi opis na\u0161e povezane stranice koji ima smisla u kontekstu i formatu sadr\u017eaja na web-stranici korisnika koja povezuje.<\/li>\n<\/ul>\n\n\n\n<p>Za vezu, u nedostatku ugovora o licenciranju za\u0161titnog znaka, upotreba logotipa Sell Iphone ili drugog sadr\u017eaja ne\u0107e biti dozvoljena.<\/p>\n\n\n\n<p><strong>iFrames<\/strong><\/p>\n\n\n\n<p>Bez prethodnog odobrenja i pismene dozvole, ne smijete kreirati okvire na na\u0161im web stranicama koji na bilo koji na\u010din mijenjaju vizualnu prezentaciju ili izgled na\u0161e web stranice.<\/p>\n\n\n\n<p><strong>Odgovornost za sadr\u017eaj<\/strong><\/p>\n\n\n\n<p>Nismo odgovorni za bilo koji sadr\u017eaj koji se pojavljuje na va\u0161oj web stranici. Sla\u017eete se da \u0107ete nas obe\u0161tetiti i braniti od bilo kakvih tu\u017ebi koje se pojavljuju na va\u0161oj web stranici. Nijedna veza ne smije se pojaviti na bilo kojoj web stranici koja bi se mogla protuma\u010diti kao la\u017ena, opscena ili kriminalna ili koja kr\u0161i, na drugi na\u010din kr\u0161i ili zagovara kr\u0161enje ili drugo kr\u0161enje prava bilo koje tre\u0107e strane.<\/p>\n\n\n\n<p><strong>Zadr\u017eavanje prava<\/strong><\/p>\n\n\n\n<p>Zadr\u017eavamo pravo da zatra\u017eimo da uklonite sve veze ili bilo koju specifi\u010dnu vezu do na\u0161e web stranice. Sla\u017eete se da \u0107ete na zahtjev odmah ukloniti sve linkove na na\u0161u web stranicu. Tako\u0111e zadr\u017eavamo pravo da u bilo kom trenutku promenimo ove odredbe i uslove i pravila koja povezuju politiku. Nastavkom povezivanja na na\u0161u web stranicu, sla\u017eete se da \u0107ete biti vezani i slijediti ove odredbe i uvjete.<\/p>\n\n\n\n<p><strong>Uklanjanje linkova sa na\u0161e web stranice<\/strong><\/p>\n\n\n\n<p>Ako prona\u0111ete bilo koju vezu na na\u0161oj web stranici koja je uvredljiva iz bilo kojeg razloga, mo\u017eete nas kontaktirati u bilo kojem trenutku i obavijestiti nas. Ispo\u0161tovat \u0107emo zahtjeve za uklanjanje linkova, ali ne\u0107emo biti u obavezi direktno odgovoriti na njih. Ne jam\u010dimo da su informacije na ovoj web stranici ta\u010dne, ne jam\u010dimo njihovu potpunost ili ta\u010dnost; niti obe\u0107avamo da \u0107emo osigurati da \u0107e web stranica ostati dostupna ili da \u0107e se materijali na web stranici kontinuirano a\u017eurirati.<\/p>\n\n\n\n<p><strong>Odricanje od odgovornosti<\/strong><\/p>\n\n\n\n<p>U najve\u0107oj mjeri dopu\u0161tenoj va\u017ee\u0107im zakonom, isklju\u010dujemo sve izjave, jamstva i uvjete koji se odnose na na\u0161u web stranicu i kori\u0161tenje ove web stranice. Ni\u0161ta u ovom odricanju od odgovornosti ne\u0107e:<\/p>\n\n\n\n<p>Ograni\u010denja i isklju\u010denja odgovornosti navedena u ovom odjeljku i drugdje u ovom odricanju od odgovornosti: (a) primjenjuju se u prethodnom stavu i (b) reguli\u0161u sve obaveze koje proisti\u010du iz odricanja odgovornosti, uklju\u010duju\u0107i ugovorne obaveze koje proizlaze iz ugovora, delikta i kr\u0161enja zakonske du\u017enosti .<\/p>\n\n\n\n<p>Sve dok web stranica i informacije i usluge na web stranici nisu dostupni besplatno, ne\u0107emo biti odgovorni za bilo kakav gubitak ili \u0161tetu.<\/p>\n\n\n\n<p><strong>Vansudsko rje\u0161avanje potro\u0161a\u010dkih sporova<\/strong><\/p>\n\n\n\n<p>U skladu sa zakonskim normama, kompanija Prodam Iphone ne priznaje nijednog pru\u017eaoca vansudskog rje\u0161avanja potro\u0161a\u010dkih sporova kao nadle\u017enog za rje\u0161avanje potro\u0161a\u010dkog spora koji bi potro\u0161a\u010d mogao pokrenuti u skladu sa Zakonom o vansudskom rje\u0161avanju potro\u0161a\u010dkih sporova. rje\u0161avanje potro\u0161a\u010dkih sporova. Kao dobavlja\u010d robe i usluga, kompanija na svojoj web stranici objavljuje elektronski link na platformu za online rje\u0161avanje potro\u0161a\u010dkih sporova (SRPS). Platforma je dostupna potro\u0161a\u010dima na elektronskom linku http:\/\/ec.europa.eu\/odr. Navedena uredba proizilazi iz Zakona o vansudskom rje\u0161avanju potro\u0161a\u010dkih sporova, Uredbe (EU) br. 524\/2013 Evropskog parlamenta i Vije\u0107a o online rje\u0161avanju potro\u0161a\u010dkih sporova i izmjeni Uredbe (EZ) br. 2016\/2004 i Direktiva 200.<\/p>","protected":false},"excerpt":{"rendered":"<p>Op\u0161ti uslovi i odredbe Ovi uslovi i odredbe opisuju pravila i propise za kori\u0161tenje web stranice Prodam Iphone koja se nalazi na https:\/\/prodam-iphone.com i svih njenih poddomena. Pristupom ovoj web stranici smatra se da prihvatate ove uslove i odredbe. Nemojte nastaviti koristiti https:\/\/prodam-iphone.com ako se ne sla\u017eete sa svim uslovima i odredbama navedenim na ovoj stranici. Sljede\u0107a terminologija odnosi se na [\u2026]<\/p>","protected":false},"author":1,"featured_media":0,"parent":0,"menu_order":0,"comment_status":"closed","ping_status":"open","template":"","meta":{"_seopress_robots_primary_cat":"","_seopress_titles_title":"Splo\u0161ni pogoji","_seopress_titles_desc":"Ti pogoji opisujejo pravila in predpise za uporabo za spletnega mesta Prodam Iphone, ki se nahaja na https:\/\/prodam-iphone.com in vse njene poddomene.","_seopress_robots_index":"","ocean_post_layout":"","ocean_both_sidebars_style":"","ocean_both_sidebars_content_width":0,"ocean_both_sidebars_sidebars_width":0,"ocean_sidebar":"","ocean_second_sidebar":"","ocean_disable_margins":"enable","ocean_add_body_class":"","ocean_shortcode_before_top_bar":"","ocean_shortcode_after_top_bar":"","ocean_shortcode_before_header":"","ocean_shortcode_after_header":"","ocean_has_shortcode":"","ocean_shortcode_after_title":"","ocean_shortcode_before_footer_widgets":"","ocean_shortcode_after_footer_widgets":"","ocean_shortcode_before_footer_bottom":"","ocean_shortcode_after_footer_bottom":"","ocean_display_top_bar":"default","ocean_display_header":"default","ocean_header_style":"","ocean_center_header_left_menu":"","ocean_custom_header_template":"","ocean_custom_logo":0,"ocean_custom_retina_logo":0,"ocean_custom_logo_max_width":0,"ocean_custom_logo_tablet_max_width":0,"ocean_custom_logo_mobile_max_width":0,"ocean_custom_logo_max_height":0,"ocean_custom_logo_tablet_max_height":0,"ocean_custom_logo_mobile_max_height":0,"ocean_header_custom_menu":"","ocean_menu_typo_font_family":"","ocean_menu_typo_font_subset":"","ocean_menu_typo_font_size":0,"ocean_menu_typo_font_size_tablet":0,"ocean_menu_typo_font_size_mobile":0,"ocean_menu_typo_font_size_unit":"px","ocean_menu_typo_font_weight":"","ocean_menu_typo_font_weight_tablet":"","ocean_menu_typo_font_weight_mobile":"","ocean_menu_typo_transform":"","ocean_menu_typo_transform_tablet":"","ocean_menu_typo_transform_mobile":"","ocean_menu_typo_line_height":0,"ocean_menu_typo_line_height_tablet":0,"ocean_menu_typo_line_height_mobile":0,"ocean_menu_typo_line_height_unit":"","ocean_menu_typo_spacing":0,"ocean_menu_typo_spacing_tablet":0,"ocean_menu_typo_spacing_mobile":0,"ocean_menu_typo_spacing_unit":"","ocean_menu_link_color":"","ocean_menu_link_color_hover":"","ocean_menu_link_color_active":"","ocean_menu_link_background":"","ocean_menu_link_hover_background":"","ocean_menu_link_active_background":"","ocean_menu_social_links_bg":"","ocean_menu_social_hover_links_bg":"","ocean_menu_social_links_color":"","ocean_menu_social_hover_links_color":"","ocean_disable_title":"default","ocean_disable_heading":"default","ocean_post_title":"","ocean_post_subheading":"","ocean_post_title_style":"","ocean_post_title_background_color":"","ocean_post_title_background":0,"ocean_post_title_bg_image_position":"","ocean_post_title_bg_image_attachment":"","ocean_post_title_bg_image_repeat":"","ocean_post_title_bg_image_size":"","ocean_post_title_height":0,"ocean_post_title_bg_overlay":0.5,"ocean_post_title_bg_overlay_color":"","ocean_disable_breadcrumbs":"default","ocean_breadcrumbs_color":"","ocean_breadcrumbs_separator_color":"","ocean_breadcrumbs_links_color":"","ocean_breadcrumbs_links_hover_color":"","ocean_display_footer_widgets":"default","ocean_display_footer_bottom":"default","ocean_custom_footer_template":""},"_links":{"self":[{"href":"https:\/\/prodam-iphone.com\/bs\/wp-json\/wp\/v2\/pages\/1673"}],"collection":[{"href":"https:\/\/prodam-iphone.com\/bs\/wp-json\/wp\/v2\/pages"}],"about":[{"href":"https:\/\/prodam-iphone.com\/bs\/wp-json\/wp\/v2\/types\/page"}],"author":[{"embeddable":true,"href":"https:\/\/prodam-iphone.com\/bs\/wp-json\/wp\/v2\/users\/1"}],"replies":[{"embeddable":true,"href":"https:\/\/prodam-iphone.com\/bs\/wp-json\/wp\/v2\/comments?post=1673"}],"version-history":[{"count":1,"href":"https:\/\/prodam-iphone.com\/bs\/wp-json\/wp\/v2\/pages\/1673\/revisions"}],"predecessor-version":[{"id":1674,"href":"https:\/\/prodam-iphone.com\/bs\/wp-json\/wp\/v2\/pages\/1673\/revisions\/1674"}],"wp:attachment":[{"href":"https:\/\/prodam-iphone.com\/bs\/wp-json\/wp\/v2\/media?parent=1673"}],"curies":[{"name":"wp","href":"https:\/\/api.w.org\/{rel}","templated":true}]}}